{"id":10456,"date":"2025-08-09T18:12:36","date_gmt":"2025-08-09T18:12:36","guid":{"rendered":"https:\/\/kindart.is\/?post_type=product&#038;p=10456"},"modified":"2025-08-09T18:12:36","modified_gmt":"2025-08-09T18:12:36","slug":"u-m-f-i-1907-1937","status":"publish","type":"product","link":"https:\/\/kindart.is\/en\/vara\/u-m-f-i-1907-1937\/","title":{"rendered":"U. M. F. \u00cd. 1907 -1937"},"content":{"rendered":"<p><strong>U. M. F. \u00cd. 1907 -1937<\/strong><br \/>\nUngmennaf\u00e9l\u00f6g \u00cdslands 1907-1937. Minningarrit. H\u00f6fundur: Geir J\u00f3nasson. Form\u00e1la skrifar A\u00f0alsteinn Sigmundsson. B\u00f3kin er \u00f3bundin og klofin \u00ed sundur \u00ed mi\u00f0ju \u00feannig a\u00f0 h\u00fan \u00fearfnast \u00feess mj\u00f6g a\u00f0 vera bundin. B\u00f3kin er mj\u00f6g fr\u00f3\u00f0leg um Ungmennaf\u00e9l\u00f6gin g\u00f6mlu og segir mj\u00f6g vel fr\u00e1 \u00feeirri miklu menningarbylgju sem gekk yfir landi\u00f0 \u00e1 \u00feessum \u00e1rum og sem vi\u00f0 b\u00faum enn\u00fe\u00e1 a\u00f0 \u00ed dag. St\u00e6r\u00f0: 21.3 X 15.7 cm og 445 bls.<\/p>\n<p><strong>\u00datgefandi, prentun<\/strong>:<br \/>\nU. M. F. \u00cd., Reykjav\u00edk 1938. Prentun: Prentsmi\u00f0jan Edda.<\/p>\n","protected":false},"excerpt":{"rendered":"<p>U. M. F. \u00cd. 1907 -1937 Ungmennaf\u00e9l\u00f6g \u00cdslands 1907-1937. Minningarrit. H\u00f6fundur: Geir J\u00f3nasson. Form\u00e1la skrifar A\u00f0alsteinn Sigmundsson. B\u00f3kin er \u00f3bundin og klofin \u00ed sundur \u00ed mi\u00f0ju \u00feannig a\u00f0 h\u00fan \u00fearfnast \u00feess mj\u00f6g a\u00f0 vera bundin. B\u00f3kin er mj\u00f6g fr\u00f3\u00f0leg um Ungmennaf\u00e9l\u00f6gin g\u00f6mlu og segir mj\u00f6g vel fr\u00e1 \u00feeirri miklu menningarbylgju sem gekk yfir landi\u00f0 \u00e1 [&hellip;]<\/p>\n","protected":false},"featured_media":10457,"template":"","meta":{"slim_seo":{"title":"U. M. F. \u00cd. 1907 -1937 - KindArt","description":"U. M. F. \u00cd. 1907 -1937 Ungmennaf\u00e9l\u00f6g \u00cdslands 1907-1937. Minningarrit. H\u00f6fundur: Geir J\u00f3nasson. Form\u00e1la skrifar A\u00f0alsteinn Sigmundsson. B\u00f3kin er \u00f3bundin og klofi"}},"product_brand":[],"product_cat":[82],"product_tag":[],"class_list":{"0":"post-10456","1":"product","2":"type-product","3":"status-publish","4":"has-post-thumbnail","6":"product_cat-baekur","7":"product_shipping_class-litill","9":"first","10":"instock","11":"purchasable","12":"product-type-simple"},"_links":{"self":[{"href":"https:\/\/kindart.is\/en\/wp-json\/wp\/v2\/product\/10456","targetHints":{"allow":["GET"]}}],"collection":[{"href":"https:\/\/kindart.is\/en\/wp-json\/wp\/v2\/product"}],"about":[{"href":"https:\/\/kindart.is\/en\/wp-json\/wp\/v2\/types\/product"}],"wp:featuredmedia":[{"embeddable":true,"href":"https:\/\/kindart.is\/en\/wp-json\/wp\/v2\/media\/10457"}],"wp:attachment":[{"href":"https:\/\/kindart.is\/en\/wp-json\/wp\/v2\/media?parent=10456"}],"wp:term":[{"taxonomy":"product_brand","embeddable":true,"href":"https:\/\/kindart.is\/en\/wp-json\/wp\/v2\/product_brand?post=10456"},{"taxonomy":"product_cat","embeddable":true,"href":"https:\/\/kindart.is\/en\/wp-json\/wp\/v2\/product_cat?post=10456"},{"taxonomy":"product_tag","embeddable":true,"href":"https:\/\/kindart.is\/en\/wp-json\/wp\/v2\/product_tag?post=10456"}],"curies":[{"name":"wp","href":"https:\/\/api.w.org\/{rel}","templated":true}]}}