{"id":10460,"date":"2025-08-11T17:14:04","date_gmt":"2025-08-11T17:14:04","guid":{"rendered":"https:\/\/kindart.is\/?post_type=product&#038;p=10460"},"modified":"2025-08-11T17:14:04","modified_gmt":"2025-08-11T17:14:04","slug":"ferdasogur","status":"publish","type":"product","link":"https:\/\/kindart.is\/en\/vara\/ferdasogur\/","title":{"rendered":"Fer\u00f0as\u00f6gur"},"content":{"rendered":"<p><strong>Fer\u00f0as\u00f6gur<\/strong> eftir J\u00f3n Trausta. S\u00f6gur \u00fe\u00e6r sem h\u00e9r birtast hafa allar birst \u00e1\u00f0ur \u00ed bl\u00f6\u00f0um e\u00f0a t\u00edmaritum og eru \u00fe\u00e1 ritverk hans or\u00f0in 23 alls og er \u00feetta hi\u00f0 s\u00ed\u00f0asta. Teikningin \u00e1 k\u00e1pu b\u00f3karinnar er eftir h\u00f6fundinn, Gu\u00f0mund Magn\u00fasson prentara, sem t\u00f3k s\u00e9r sk\u00e1ldanafni\u00f0 J\u00f3n Trausta. Er h\u00fan af K\u00f6tlugosinu 1918, en fleiri teikningar eru eftir hann inn\u00ed b\u00f3kinni. St\u00e6r\u00f0: 19.5 X 13 cm og 192 bls. B\u00f3kin er saumu\u00f0 og l\u00edmd \u00ed kartonk\u00e1pu, \u00f3bundin.<\/p>\n<p><strong>\u00datg\u00e1fa og prentun<\/strong>:<br \/>\n\u00datgefandi: A\u00f0alsteinn Sigmundsson kennari. Reykjav\u00edk 1930.<br \/>\nPrentun: Prentsmi\u00f0jan Acta.<\/p>\n","protected":false},"excerpt":{"rendered":"<p>Fer\u00f0as\u00f6gur eftir J\u00f3n Trausta. S\u00f6gur \u00fe\u00e6r sem h\u00e9r birtast hafa allar birst \u00e1\u00f0ur \u00ed bl\u00f6\u00f0um e\u00f0a t\u00edmaritum og eru \u00fe\u00e1 ritverk hans or\u00f0in 23 alls og er \u00feetta hi\u00f0 s\u00ed\u00f0asta. Teikningin \u00e1 k\u00e1pu b\u00f3karinnar er eftir h\u00f6fundinn, Gu\u00f0mund Magn\u00fasson prentara, sem t\u00f3k s\u00e9r sk\u00e1ldanafni\u00f0 J\u00f3n Trausta. Er h\u00fan af K\u00f6tlugosinu 1918, en fleiri teikningar eru [&hellip;]<\/p>\n","protected":false},"featured_media":10462,"template":"","meta":{"slim_seo":{"title":"Fer\u00f0as\u00f6gur - KindArt","description":"Fer\u00f0as\u00f6gur eftir J\u00f3n Trausta. S\u00f6gur \u00fe\u00e6r sem h\u00e9r birtast hafa allar birst \u00e1\u00f0ur \u00ed bl\u00f6\u00f0um e\u00f0a t\u00edmaritum og eru \u00fe\u00e1 ritverk hans or\u00f0in 23 alls og er \u00feetta hi\u00f0 s\u00ed\u00f0ast"}},"product_brand":[],"product_cat":[82],"product_tag":[],"class_list":{"0":"post-10460","1":"product","2":"type-product","3":"status-publish","4":"has-post-thumbnail","6":"product_cat-baekur","7":"product_shipping_class-litill","9":"first","10":"instock","11":"purchasable","12":"product-type-simple"},"_links":{"self":[{"href":"https:\/\/kindart.is\/en\/wp-json\/wp\/v2\/product\/10460","targetHints":{"allow":["GET"]}}],"collection":[{"href":"https:\/\/kindart.is\/en\/wp-json\/wp\/v2\/product"}],"about":[{"href":"https:\/\/kindart.is\/en\/wp-json\/wp\/v2\/types\/product"}],"wp:featuredmedia":[{"embeddable":true,"href":"https:\/\/kindart.is\/en\/wp-json\/wp\/v2\/media\/10462"}],"wp:attachment":[{"href":"https:\/\/kindart.is\/en\/wp-json\/wp\/v2\/media?parent=10460"}],"wp:term":[{"taxonomy":"product_brand","embeddable":true,"href":"https:\/\/kindart.is\/en\/wp-json\/wp\/v2\/product_brand?post=10460"},{"taxonomy":"product_cat","embeddable":true,"href":"https:\/\/kindart.is\/en\/wp-json\/wp\/v2\/product_cat?post=10460"},{"taxonomy":"product_tag","embeddable":true,"href":"https:\/\/kindart.is\/en\/wp-json\/wp\/v2\/product_tag?post=10460"}],"curies":[{"name":"wp","href":"https:\/\/api.w.org\/{rel}","templated":true}]}}