{"id":10465,"date":"2025-08-11T17:27:51","date_gmt":"2025-08-11T17:27:51","guid":{"rendered":"https:\/\/kindart.is\/?post_type=product&#038;p=10465"},"modified":"2025-08-11T17:27:51","modified_gmt":"2025-08-11T17:27:51","slug":"thogn-hafsins","status":"publish","type":"product","link":"https:\/\/kindart.is\/en\/vara\/thogn-hafsins\/","title":{"rendered":"\u00de\u00f6gn hafsins"},"content":{"rendered":"<p><strong>\u00de\u00f6gn hafsins<\/strong> eftir Vercors er ein af perlunum \u00ed n\u00fat\u00edmab\u00f3kmenntum Frakka. H\u00f6fundurinn heitir r\u00e9ttu nafni Jean Bruller og var einn af ungum fr\u00f6nskum h\u00f6fundum sem hertust \u00ed andspyrnunni gegn \u00fe\u00fdska hernum \u00ed heimsstyrj\u00f6ldinni s\u00ed\u00f0ari. Sigf\u00fas Da\u00f0ason \u00fe\u00fdddi b\u00f3kina og segir \u00ed form\u00e1la a\u00f0 \u00feessi litla b\u00f3k hafi \u00e1tt sinn drj\u00faga \u00fe\u00e1tt \u00ed frelsisbar\u00e1ttu Frakka \u00e1 \u00feessum \u00e1rum. B\u00f3kin er saumu\u00f0 og l\u00edmd \u00ed kartonk\u00e1pu, \u00d3b. og \u00f3skorin. St\u00e6r\u00f0: 19.3 X 13 cm og 79 bls.<\/p>\n<p><strong>\u00datg\u00e1fa og prentun<\/strong>:<br \/>\n\u00datgefandi: M\u00e1l og menning Reykjav\u00edk 1953.\u2028Prentun: Prentsmi\u00f0jan H\u00f3lar.<\/p>\n","protected":false},"excerpt":{"rendered":"<p>\u00de\u00f6gn hafsins eftir Vercors er ein af perlunum \u00ed n\u00fat\u00edmab\u00f3kmenntum Frakka. H\u00f6fundurinn heitir r\u00e9ttu nafni Jean Bruller og var einn af ungum fr\u00f6nskum h\u00f6fundum sem hertust \u00ed andspyrnunni gegn \u00fe\u00fdska hernum \u00ed heimsstyrj\u00f6ldinni s\u00ed\u00f0ari. Sigf\u00fas Da\u00f0ason \u00fe\u00fdddi b\u00f3kina og segir \u00ed form\u00e1la a\u00f0 \u00feessi litla b\u00f3k hafi \u00e1tt sinn drj\u00faga \u00fe\u00e1tt \u00ed frelsisbar\u00e1ttu Frakka \u00e1 [&hellip;]<\/p>\n","protected":false},"featured_media":10466,"template":"","meta":{"slim_seo":{"title":"\u00de\u00f6gn hafsins - KindArt","description":"\u00de\u00f6gn hafsins eftir Vercors er ein af perlunum \u00ed n\u00fat\u00edmab\u00f3kmenntum Frakka. H\u00f6fundurinn heitir r\u00e9ttu nafni Jean Bruller og var einn af ungum fr\u00f6nskum h\u00f6fundum sem"}},"product_brand":[],"product_cat":[82],"product_tag":[],"class_list":{"0":"post-10465","1":"product","2":"type-product","3":"status-publish","4":"has-post-thumbnail","6":"product_cat-baekur","8":"first","9":"instock","10":"purchasable","11":"product-type-simple"},"_links":{"self":[{"href":"https:\/\/kindart.is\/en\/wp-json\/wp\/v2\/product\/10465","targetHints":{"allow":["GET"]}}],"collection":[{"href":"https:\/\/kindart.is\/en\/wp-json\/wp\/v2\/product"}],"about":[{"href":"https:\/\/kindart.is\/en\/wp-json\/wp\/v2\/types\/product"}],"wp:featuredmedia":[{"embeddable":true,"href":"https:\/\/kindart.is\/en\/wp-json\/wp\/v2\/media\/10466"}],"wp:attachment":[{"href":"https:\/\/kindart.is\/en\/wp-json\/wp\/v2\/media?parent=10465"}],"wp:term":[{"taxonomy":"product_brand","embeddable":true,"href":"https:\/\/kindart.is\/en\/wp-json\/wp\/v2\/product_brand?post=10465"},{"taxonomy":"product_cat","embeddable":true,"href":"https:\/\/kindart.is\/en\/wp-json\/wp\/v2\/product_cat?post=10465"},{"taxonomy":"product_tag","embeddable":true,"href":"https:\/\/kindart.is\/en\/wp-json\/wp\/v2\/product_tag?post=10465"}],"curies":[{"name":"wp","href":"https:\/\/api.w.org\/{rel}","templated":true}]}}