{"id":10469,"date":"2025-08-11T17:38:14","date_gmt":"2025-08-11T17:38:14","guid":{"rendered":"https:\/\/kindart.is\/?post_type=product&#038;p=10469"},"modified":"2025-10-03T14:20:19","modified_gmt":"2025-10-03T14:20:19","slug":"frelsi-og-menning","status":"publish","type":"product","link":"https:\/\/kindart.is\/en\/vara\/frelsi-og-menning\/","title":{"rendered":"Frelsi og menning"},"content":{"rendered":"<p><strong>Frelsi og menning<\/strong>:<br \/>\nS\u00fdningarskr\u00e1 um S\u00f6gus\u00fdninguna svonefndu sem sett var upp \u00ed Menntask\u00f3lanum \u00ed Reykjav\u00edk \u00ed j\u00fan\u00ed 1944 \u00ed sambandi vi\u00f0 L\u00fd\u00f0veldish\u00e1t\u00ed\u00f0ina 17. j\u00fan\u00ed \u00feegar \u00cdsland var\u00f0 l\u00fd\u00f0veldi og var opnu\u00f0 daginn eftir L\u00fd\u00f0veldish\u00e1t\u00ed\u00f0ina \u00e1 \u00deingv\u00f6llum 18. j\u00fan\u00ed, 1944. \u00ed MR.<br \/>\n\u00deeir sm voru \u00ed undirb\u00faningsnefndinni voru fj\u00f6lmargir, en \u00feeir sem \u00f6nnu\u00f0ust undirb\u00faninginn voru: Einar Olgeirsson og Gu\u00f0laugur R\u00f3sinkranz yfirkennari, kosnir af nefndinni og tveir a\u00f0rir, \u00feeir: \u00d3lafur L\u00e1russon pr\u00f3fessor og dr. Einar \u00d3l. Sveinsson. \u00deessir menn fengu svo fj\u00f3ra a\u00f0ra menn til a\u00f0 hj\u00e1lpa s\u00e9r vi\u00f0 undirb\u00faninginn sem var mj\u00f6g skammur. \u00de\u00e1: Eir\u00edk P\u00e1lsson cand jur, Bar\u00f0a Fri\u00f0riksson, Gils Gu\u00f0mundsson kennara, Hauk Bj\u00f6rnsson verslunarmann, Vi\u00f0 B\u00f3kas\u00fdninguna: Dr. \u00deorkell J\u00f3hannesson, landsb\u00f3kav\u00f6r\u00f0ur, Finnur Sigmundsson b\u00f3kav\u00f6r\u00f0ur og P\u00e9tur Sigur\u00f0sson h\u00e1sk\u00f3laritari.<br \/>\nReynt var a\u00f0 vekja minningar um einstaka atvik e\u00f0a atbur\u00f0i.<br \/>\nS\u00fdningin skiptist \u00ed m\u00f6rg herbergi: 1. Upphaf. 2.\u00dej\u00f3\u00f0veldi. 3.Landafundir og langfer\u00f0ir. 4.Vi\u00f0n\u00e1m. 5. Ni\u00f0url\u00e6ging. 6.Dagrenning. 7.J\u00f3n Sigur\u00f0sson. Bar\u00e1tta. 9.Framfarir. P\u00e9sinn er v\u00edrheftur og skorinn. St\u00e6r\u00f0: 18,5 X 12 cm og 45 bls. Vantar k\u00e1pu.<\/p>\n<p><strong>\u00datgafa og prentun<\/strong>:<br \/>\n\u00datgefandi:<br \/>\n\u00dej\u00f3\u00f0h\u00e1t\u00ed\u00f0arnefnd l\u00fd\u00f0veldisstofnunar \u00e1 \u00cdslandi 1944 Reykjav\u00edk.<br \/>\nPrentun: R\u00edkisprentsmi\u00f0jan Gutrnberg.<\/p>\n","protected":false},"excerpt":{"rendered":"<p>Frelsi og menning: S\u00fdningarskr\u00e1 um S\u00f6gus\u00fdninguna svonefndu sem sett var upp \u00ed Menntask\u00f3lanum \u00ed Reykjav\u00edk \u00ed j\u00fan\u00ed 1944 \u00ed sambandi vi\u00f0 L\u00fd\u00f0veldish\u00e1t\u00ed\u00f0ina 17. j\u00fan\u00ed \u00feegar \u00cdsland var\u00f0 l\u00fd\u00f0veldi og var opnu\u00f0 daginn eftir L\u00fd\u00f0veldish\u00e1t\u00ed\u00f0ina \u00e1 \u00deingv\u00f6llum 18. j\u00fan\u00ed, 1944. \u00ed MR. \u00deeir sm voru \u00ed undirb\u00faningsnefndinni voru fj\u00f6lmargir, en \u00feeir sem \u00f6nnu\u00f0ust undirb\u00faninginn voru: Einar [&hellip;]<\/p>\n","protected":false},"featured_media":10470,"template":"","meta":{"slim_seo":{"title":"Frelsi og menning - KindArt","description":"Frelsi og menning : S\u00fdningarskr\u00e1 um S\u00f6gus\u00fdninguna svonefndu sem sett var upp \u00ed Menntask\u00f3lanum \u00ed Reykjav\u00edk \u00ed j\u00fan\u00ed 1944 \u00ed sambandi vi\u00f0 L\u00fd\u00f0veldish\u00e1t\u00ed\u00f0ina 17. j\u00fan\u00ed"}},"product_brand":[],"product_cat":[82],"product_tag":[],"class_list":{"0":"post-10469","1":"product","2":"type-product","3":"status-publish","4":"has-post-thumbnail","6":"product_cat-baekur","7":"product_shipping_class-litill","9":"first","10":"outofstock","11":"purchasable","12":"product-type-simple"},"_links":{"self":[{"href":"https:\/\/kindart.is\/en\/wp-json\/wp\/v2\/product\/10469","targetHints":{"allow":["GET"]}}],"collection":[{"href":"https:\/\/kindart.is\/en\/wp-json\/wp\/v2\/product"}],"about":[{"href":"https:\/\/kindart.is\/en\/wp-json\/wp\/v2\/types\/product"}],"wp:featuredmedia":[{"embeddable":true,"href":"https:\/\/kindart.is\/en\/wp-json\/wp\/v2\/media\/10470"}],"wp:attachment":[{"href":"https:\/\/kindart.is\/en\/wp-json\/wp\/v2\/media?parent=10469"}],"wp:term":[{"taxonomy":"product_brand","embeddable":true,"href":"https:\/\/kindart.is\/en\/wp-json\/wp\/v2\/product_brand?post=10469"},{"taxonomy":"product_cat","embeddable":true,"href":"https:\/\/kindart.is\/en\/wp-json\/wp\/v2\/product_cat?post=10469"},{"taxonomy":"product_tag","embeddable":true,"href":"https:\/\/kindart.is\/en\/wp-json\/wp\/v2\/product_tag?post=10469"}],"curies":[{"name":"wp","href":"https:\/\/api.w.org\/{rel}","templated":true}]}}