{"id":10473,"date":"2025-08-11T17:43:09","date_gmt":"2025-08-11T17:43:09","guid":{"rendered":"https:\/\/kindart.is\/?post_type=product&#038;p=10473"},"modified":"2025-08-11T17:43:09","modified_gmt":"2025-08-11T17:43:09","slug":"svanhvit","status":"publish","type":"product","link":"https:\/\/kindart.is\/en\/vara\/svanhvit\/","title":{"rendered":"Svanhv\u00edt"},"content":{"rendered":"<p><strong>Svanhv\u00edt<\/strong>. Nokkur \u00fatlend sk\u00e1ldm\u00e6li \u00ed \u00edslenskum \u00fe\u00fd\u00f0ingum eftir Matth\u00edas Jochumsson og Stgr. Thorsteinsson. B\u00f3kin er brotin og saumu\u00f0, vantar k\u00e1pu. St\u00e6r\u00f0: 20.6 X 14.5 cm og 128 bls.<\/p>\n<p><strong>\u00datg\u00e1fa og prentun<\/strong>:<br \/>\nKostna\u00f0arm.: J\u00f3h. J\u00f3hannesson Reykjav\u00edk 1913. 2. \u00fatg\u00e1fa.<br \/>\nPrentun: Prentsmi\u00f0jan Gutenberg.<\/p>\n","protected":false},"excerpt":{"rendered":"<p>Svanhv\u00edt. Nokkur \u00fatlend sk\u00e1ldm\u00e6li \u00ed \u00edslenskum \u00fe\u00fd\u00f0ingum eftir Matth\u00edas Jochumsson og Stgr. Thorsteinsson. B\u00f3kin er brotin og saumu\u00f0, vantar k\u00e1pu. St\u00e6r\u00f0: 20.6 X 14.5 cm og 128 bls. \u00datg\u00e1fa og prentun: Kostna\u00f0arm.: J\u00f3h. J\u00f3hannesson Reykjav\u00edk 1913. 2. \u00fatg\u00e1fa. Prentun: Prentsmi\u00f0jan Gutenberg.<\/p>\n","protected":false},"featured_media":10474,"template":"","meta":{"slim_seo":{"title":"Svanhv\u00edt - KindArt","description":"Svanhv\u00edt . Nokkur \u00fatlend sk\u00e1ldm\u00e6li \u00ed \u00edslenskum \u00fe\u00fd\u00f0ingum eftir Matth\u00edas Jochumsson og Stgr. Thorsteinsson. B\u00f3kin er brotin og saumu\u00f0, vantar k\u00e1pu. St\u00e6r\u00f0: 20.6 X"}},"product_brand":[],"product_cat":[82],"product_tag":[],"class_list":{"0":"post-10473","1":"product","2":"type-product","3":"status-publish","4":"has-post-thumbnail","6":"product_cat-baekur","7":"product_shipping_class-litill","9":"first","10":"instock","11":"purchasable","12":"product-type-simple"},"_links":{"self":[{"href":"https:\/\/kindart.is\/en\/wp-json\/wp\/v2\/product\/10473","targetHints":{"allow":["GET"]}}],"collection":[{"href":"https:\/\/kindart.is\/en\/wp-json\/wp\/v2\/product"}],"about":[{"href":"https:\/\/kindart.is\/en\/wp-json\/wp\/v2\/types\/product"}],"wp:featuredmedia":[{"embeddable":true,"href":"https:\/\/kindart.is\/en\/wp-json\/wp\/v2\/media\/10474"}],"wp:attachment":[{"href":"https:\/\/kindart.is\/en\/wp-json\/wp\/v2\/media?parent=10473"}],"wp:term":[{"taxonomy":"product_brand","embeddable":true,"href":"https:\/\/kindart.is\/en\/wp-json\/wp\/v2\/product_brand?post=10473"},{"taxonomy":"product_cat","embeddable":true,"href":"https:\/\/kindart.is\/en\/wp-json\/wp\/v2\/product_cat?post=10473"},{"taxonomy":"product_tag","embeddable":true,"href":"https:\/\/kindart.is\/en\/wp-json\/wp\/v2\/product_tag?post=10473"}],"curies":[{"name":"wp","href":"https:\/\/api.w.org\/{rel}","templated":true}]}}