{"id":10477,"date":"2025-08-13T14:15:33","date_gmt":"2025-08-13T14:15:33","guid":{"rendered":"https:\/\/kindart.is\/?post_type=product&#038;p=10477"},"modified":"2025-08-13T14:15:33","modified_gmt":"2025-08-13T14:15:33","slug":"doktor-zivago","status":"publish","type":"product","link":"https:\/\/kindart.is\/en\/vara\/doktor-zivago\/","title":{"rendered":"Doktor Zivago"},"content":{"rendered":"<p><strong>Doktor Zivago<\/strong> eftir Boris Pasternak. Umta\u00f0asta b\u00f3k sem hefur komi\u00f0 \u00fat \u00e1 Vesturl\u00f6ndum \u00e1 seinustu \u00e1rum. Hefur enn ekki veri\u00f0 gefin \u00fat \u00ed R\u00fasslandi, (1957). Boris Pasternak var \u00e1 \u00feessum \u00e1rum \u00feekktur \u00e1 Vesturl\u00f6ndum sem mesta sk\u00e1ld R\u00fassa. B\u00f3kin er saumu\u00f0, og l\u00edmd \u00ed karton, \u00f3skorin me\u00f0 hl\u00edf\u00f0ark\u00e1pu. St\u00e6r\u00f0: 21.3 x 13.5 og 594 bls.<\/p>\n<p><strong>\u00datg\u00e1fa. Prentun<\/strong>:<br \/>\n\u00datgefandi: Gyldendal, K\u00f8benhavn 1957.<br \/>\nPrentun: Gyldendals Forlagstrykkeri, K\u00f8benhavn.<\/p>\n","protected":false},"excerpt":{"rendered":"<p>Doktor Zivago eftir Boris Pasternak. Umta\u00f0asta b\u00f3k sem hefur komi\u00f0 \u00fat \u00e1 Vesturl\u00f6ndum \u00e1 seinustu \u00e1rum. Hefur enn ekki veri\u00f0 gefin \u00fat \u00ed R\u00fasslandi, (1957). Boris Pasternak var \u00e1 \u00feessum \u00e1rum \u00feekktur \u00e1 Vesturl\u00f6ndum sem mesta sk\u00e1ld R\u00fassa. B\u00f3kin er saumu\u00f0, og l\u00edmd \u00ed karton, \u00f3skorin me\u00f0 hl\u00edf\u00f0ark\u00e1pu. St\u00e6r\u00f0: 21.3 x 13.5 og 594 bls. [&hellip;]<\/p>\n","protected":false},"featured_media":10478,"template":"","meta":{"slim_seo":{"title":"Doktor Zivago - KindArt","description":"Doktor Zivago eftir Boris Pasternak. Umta\u00f0asta b\u00f3k sem hefur komi\u00f0 \u00fat \u00e1 Vesturl\u00f6ndum \u00e1 seinustu \u00e1rum. Hefur enn ekki veri\u00f0 gefin \u00fat \u00ed R\u00fasslandi, (1957). Boris P"}},"product_brand":[],"product_cat":[82],"product_tag":[],"class_list":{"0":"post-10477","1":"product","2":"type-product","3":"status-publish","4":"has-post-thumbnail","6":"product_cat-baekur","7":"product_shipping_class-litill","9":"first","10":"instock","11":"purchasable","12":"product-type-simple"},"_links":{"self":[{"href":"https:\/\/kindart.is\/en\/wp-json\/wp\/v2\/product\/10477","targetHints":{"allow":["GET"]}}],"collection":[{"href":"https:\/\/kindart.is\/en\/wp-json\/wp\/v2\/product"}],"about":[{"href":"https:\/\/kindart.is\/en\/wp-json\/wp\/v2\/types\/product"}],"wp:featuredmedia":[{"embeddable":true,"href":"https:\/\/kindart.is\/en\/wp-json\/wp\/v2\/media\/10478"}],"wp:attachment":[{"href":"https:\/\/kindart.is\/en\/wp-json\/wp\/v2\/media?parent=10477"}],"wp:term":[{"taxonomy":"product_brand","embeddable":true,"href":"https:\/\/kindart.is\/en\/wp-json\/wp\/v2\/product_brand?post=10477"},{"taxonomy":"product_cat","embeddable":true,"href":"https:\/\/kindart.is\/en\/wp-json\/wp\/v2\/product_cat?post=10477"},{"taxonomy":"product_tag","embeddable":true,"href":"https:\/\/kindart.is\/en\/wp-json\/wp\/v2\/product_tag?post=10477"}],"curies":[{"name":"wp","href":"https:\/\/api.w.org\/{rel}","templated":true}]}}