{"id":10482,"date":"2025-08-13T14:23:03","date_gmt":"2025-08-13T14:23:03","guid":{"rendered":"https:\/\/kindart.is\/?post_type=product&#038;p=10482"},"modified":"2025-10-03T14:20:18","modified_gmt":"2025-10-03T14:20:18","slug":"kvaedi-eftir-ezra-pound","status":"publish","type":"product","link":"https:\/\/kindart.is\/en\/vara\/kvaedi-eftir-ezra-pound\/","title":{"rendered":"Kv\u00e6\u00f0i eftir Ezra Pound"},"content":{"rendered":"<p><strong>Kv\u00e6\u00f0i eftir Ezra Pound<\/strong>. Kristinn Bj\u00f6rnsson \u00fe\u00fdddi. K\u00e1pa: Krist\u00edn \u00deorkelsd\u00f3ttir.<br \/>\nSt\u00e6r\u00f0: 18 X 12.4 cm og 107 bls. B\u00f3kin er saumu\u00f0 og l\u00edmd \u00ed kartonk\u00e1pu, skorin: ofan, ne\u00f0an og framan.<\/p>\n<p><strong>\u00datg\u00e1fa og prentun<\/strong>:<br \/>\nAlmenna b\u00f3kaf\u00e9lagi\u00f0 Reykjav\u00edk 1970. Prentun: Prentsmi\u00f0jan Oddi.<\/p>\n","protected":false},"excerpt":{"rendered":"<p>Kv\u00e6\u00f0i eftir Ezra Pound. Kristinn Bj\u00f6rnsson \u00fe\u00fdddi. K\u00e1pa: Krist\u00edn \u00deorkelsd\u00f3ttir. St\u00e6r\u00f0: 18 X 12.4 cm og 107 bls. B\u00f3kin er saumu\u00f0 og l\u00edmd \u00ed kartonk\u00e1pu, skorin: ofan, ne\u00f0an og framan. \u00datg\u00e1fa og prentun: Almenna b\u00f3kaf\u00e9lagi\u00f0 Reykjav\u00edk 1970. Prentun: Prentsmi\u00f0jan Oddi.<\/p>\n","protected":false},"featured_media":10483,"template":"","meta":{"slim_seo":{"title":"Kv\u00e6\u00f0i eftir Ezra Pound - KindArt","description":"Kv\u00e6\u00f0i eftir Ezra Pound . Kristinn Bj\u00f6rnsson \u00fe\u00fdddi. K\u00e1pa: Krist\u00edn \u00deorkelsd\u00f3ttir. St\u00e6r\u00f0: 18 X 12.4 cm og 107 bls. B\u00f3kin er saumu\u00f0 og l\u00edmd \u00ed kartonk\u00e1pu, skorin: of"}},"product_brand":[],"product_cat":[82],"product_tag":[],"class_list":{"0":"post-10482","1":"product","2":"type-product","3":"status-publish","4":"has-post-thumbnail","6":"product_cat-baekur","7":"product_shipping_class-litill","9":"first","10":"outofstock","11":"purchasable","12":"product-type-simple"},"_links":{"self":[{"href":"https:\/\/kindart.is\/en\/wp-json\/wp\/v2\/product\/10482","targetHints":{"allow":["GET"]}}],"collection":[{"href":"https:\/\/kindart.is\/en\/wp-json\/wp\/v2\/product"}],"about":[{"href":"https:\/\/kindart.is\/en\/wp-json\/wp\/v2\/types\/product"}],"wp:featuredmedia":[{"embeddable":true,"href":"https:\/\/kindart.is\/en\/wp-json\/wp\/v2\/media\/10483"}],"wp:attachment":[{"href":"https:\/\/kindart.is\/en\/wp-json\/wp\/v2\/media?parent=10482"}],"wp:term":[{"taxonomy":"product_brand","embeddable":true,"href":"https:\/\/kindart.is\/en\/wp-json\/wp\/v2\/product_brand?post=10482"},{"taxonomy":"product_cat","embeddable":true,"href":"https:\/\/kindart.is\/en\/wp-json\/wp\/v2\/product_cat?post=10482"},{"taxonomy":"product_tag","embeddable":true,"href":"https:\/\/kindart.is\/en\/wp-json\/wp\/v2\/product_tag?post=10482"}],"curies":[{"name":"wp","href":"https:\/\/api.w.org\/{rel}","templated":true}]}}