{"id":10485,"date":"2025-08-13T14:32:28","date_gmt":"2025-08-13T14:32:28","guid":{"rendered":"https:\/\/kindart.is\/?post_type=product&#038;p=10485"},"modified":"2025-10-03T14:20:18","modified_gmt":"2025-10-03T14:20:18","slug":"fra-reykjavik-til-odessa","status":"publish","type":"product","link":"https:\/\/kindart.is\/en\/vara\/fra-reykjavik-til-odessa\/","title":{"rendered":"Fr\u00e1 Reykjav\u00edk til Odessa"},"content":{"rendered":"<p><strong>Fr\u00e1 Reykjav\u00edk til Odessa<\/strong>. Fer\u00f0asaga eftir Kristinn E. Andr\u00e9sson. Fimm \u00cdslendingar \u00ed Sendinefnd til Sov\u00e9tr\u00edkjanna. Ein af m\u00f6rgum.<\/p>\n<p><strong>\u00datg\u00e1fa og prentun<\/strong>:<br \/>\n\u00datgefandi: Sov\u00e9tvinaf\u00e9lag \u00cdslands Reykjav\u00edk 1934.<br \/>\nPrentun: Prentsmi\u00f0jan D\u00f6gun 1932. Prentsmi\u00f0ja Stef\u00e1ns \u00d6gmundssonar prentara.<\/p>\n","protected":false},"excerpt":{"rendered":"<p>Fr\u00e1 Reykjav\u00edk til Odessa. Fer\u00f0asaga eftir Kristinn E. Andr\u00e9sson. Fimm \u00cdslendingar \u00ed Sendinefnd til Sov\u00e9tr\u00edkjanna. Ein af m\u00f6rgum. \u00datg\u00e1fa og prentun: \u00datgefandi: Sov\u00e9tvinaf\u00e9lag \u00cdslands Reykjav\u00edk 1934. Prentun: Prentsmi\u00f0jan D\u00f6gun 1932. Prentsmi\u00f0ja Stef\u00e1ns \u00d6gmundssonar prentara.<\/p>\n","protected":false},"featured_media":10487,"template":"","meta":{"slim_seo":{"title":"Fr\u00e1 Reykjav\u00edk til Odessa - KindArt","description":"Fr\u00e1 Reykjav\u00edk til Odessa . Fer\u00f0asaga eftir Kristinn E. Andr\u00e9sson. Fimm \u00cdslendingar \u00ed Sendinefnd til Sov\u00e9tr\u00edkjanna. Ein af m\u00f6rgum. \u00datg\u00e1fa og prentun : \u00datgefandi:"}},"product_brand":[],"product_cat":[82],"product_tag":[],"class_list":{"0":"post-10485","1":"product","2":"type-product","3":"status-publish","4":"has-post-thumbnail","6":"product_cat-baekur","7":"product_shipping_class-litill","9":"first","10":"outofstock","11":"purchasable","12":"product-type-simple"},"_links":{"self":[{"href":"https:\/\/kindart.is\/en\/wp-json\/wp\/v2\/product\/10485","targetHints":{"allow":["GET"]}}],"collection":[{"href":"https:\/\/kindart.is\/en\/wp-json\/wp\/v2\/product"}],"about":[{"href":"https:\/\/kindart.is\/en\/wp-json\/wp\/v2\/types\/product"}],"wp:featuredmedia":[{"embeddable":true,"href":"https:\/\/kindart.is\/en\/wp-json\/wp\/v2\/media\/10487"}],"wp:attachment":[{"href":"https:\/\/kindart.is\/en\/wp-json\/wp\/v2\/media?parent=10485"}],"wp:term":[{"taxonomy":"product_brand","embeddable":true,"href":"https:\/\/kindart.is\/en\/wp-json\/wp\/v2\/product_brand?post=10485"},{"taxonomy":"product_cat","embeddable":true,"href":"https:\/\/kindart.is\/en\/wp-json\/wp\/v2\/product_cat?post=10485"},{"taxonomy":"product_tag","embeddable":true,"href":"https:\/\/kindart.is\/en\/wp-json\/wp\/v2\/product_tag?post=10485"}],"curies":[{"name":"wp","href":"https:\/\/api.w.org\/{rel}","templated":true}]}}