{"id":10490,"date":"2025-08-13T14:40:03","date_gmt":"2025-08-13T14:40:03","guid":{"rendered":"https:\/\/kindart.is\/?post_type=product&#038;p=10490"},"modified":"2025-08-13T14:47:40","modified_gmt":"2025-08-13T14:47:40","slug":"niels-ebbesen","status":"publish","type":"product","link":"https:\/\/kindart.is\/en\/vara\/niels-ebbesen\/","title":{"rendered":"Niels Ebbesen"},"content":{"rendered":"<p><strong>Niels Ebbesen<\/strong>. H\u00f6fundur: Kaj Munk. Sj\u00f3nleikur \u00ed fimm \u00fe\u00e1ttum. J\u00f3n Ey\u00fe\u00f3rsson sn\u00e9ri \u00e1 \u00edslenzku. KaJ Munk var einn \u00feekktasti n\u00fat\u00edmarith\u00f6fundur Dana. F. 1898 \u00ed Maribo \u00e1 L\u00e1landi og \u00f3lst \u00fear upp og ger\u00f0ist prestur a\u00f0 loknu n\u00e1mi vi\u00f0 Kaupmannahafnarh\u00e1sk\u00f3la. B\u00f3kin er saumu\u00f0 og l\u00edmd \u00ed kartonk\u00e1pu. St\u00e6r\u00f0: 22.6 X 14.5 cm og 93 bls.<\/p>\n<p><strong>\u00datgefendur og prentun<\/strong>:<br \/>\n\u00datgefandi: Frie danske I Island. Reykjav\u00edk 1944<br \/>\nPrentun: \u00cdsafoldarprentsmi\u00f0ja.<\/p>\n","protected":false},"excerpt":{"rendered":"<p>Niels Ebbesen. H\u00f6fundur: Kaj Munk. Sj\u00f3nleikur \u00ed fimm \u00fe\u00e1ttum. J\u00f3n Ey\u00fe\u00f3rsson sn\u00e9ri \u00e1 \u00edslenzku. KaJ Munk var einn \u00feekktasti n\u00fat\u00edmarith\u00f6fundur Dana. F. 1898 \u00ed Maribo \u00e1 L\u00e1landi og \u00f3lst \u00fear upp og ger\u00f0ist prestur a\u00f0 loknu n\u00e1mi vi\u00f0 Kaupmannahafnarh\u00e1sk\u00f3la. B\u00f3kin er saumu\u00f0 og l\u00edmd \u00ed kartonk\u00e1pu. St\u00e6r\u00f0: 22.6 X 14.5 cm og 93 bls. \u00datgefendur [&hellip;]<\/p>\n","protected":false},"featured_media":10491,"template":"","meta":{"slim_seo":{"title":"Niels Ebbesen - KindArt","description":"Niels Ebbesen . H\u00f6fundur: Kaj Munk. Sj\u00f3nleikur \u00ed fimm \u00fe\u00e1ttum. J\u00f3n Ey\u00fe\u00f3rsson sn\u00e9ri \u00e1 \u00edslenzku. KaJ Munk var einn \u00feekktasti n\u00fat\u00edmarith\u00f6fundur Dana. F. 1898 \u00ed Mari"}},"product_brand":[],"product_cat":[82],"product_tag":[],"class_list":{"0":"post-10490","1":"product","2":"type-product","3":"status-publish","4":"has-post-thumbnail","6":"product_cat-baekur","7":"product_shipping_class-litill","9":"first","10":"instock","11":"purchasable","12":"product-type-simple"},"_links":{"self":[{"href":"https:\/\/kindart.is\/en\/wp-json\/wp\/v2\/product\/10490","targetHints":{"allow":["GET"]}}],"collection":[{"href":"https:\/\/kindart.is\/en\/wp-json\/wp\/v2\/product"}],"about":[{"href":"https:\/\/kindart.is\/en\/wp-json\/wp\/v2\/types\/product"}],"wp:featuredmedia":[{"embeddable":true,"href":"https:\/\/kindart.is\/en\/wp-json\/wp\/v2\/media\/10491"}],"wp:attachment":[{"href":"https:\/\/kindart.is\/en\/wp-json\/wp\/v2\/media?parent=10490"}],"wp:term":[{"taxonomy":"product_brand","embeddable":true,"href":"https:\/\/kindart.is\/en\/wp-json\/wp\/v2\/product_brand?post=10490"},{"taxonomy":"product_cat","embeddable":true,"href":"https:\/\/kindart.is\/en\/wp-json\/wp\/v2\/product_cat?post=10490"},{"taxonomy":"product_tag","embeddable":true,"href":"https:\/\/kindart.is\/en\/wp-json\/wp\/v2\/product_tag?post=10490"}],"curies":[{"name":"wp","href":"https:\/\/api.w.org\/{rel}","templated":true}]}}