{"id":10494,"date":"2025-08-15T13:38:24","date_gmt":"2025-08-15T13:38:24","guid":{"rendered":"https:\/\/kindart.is\/?post_type=product&#038;p=10494"},"modified":"2025-08-15T13:38:24","modified_gmt":"2025-08-15T13:38:24","slug":"tiu-smasogur","status":"publish","type":"product","link":"https:\/\/kindart.is\/en\/vara\/tiu-smasogur\/","title":{"rendered":"T\u00edu sm\u00e1s\u00f6gur"},"content":{"rendered":"<p><strong>T\u00edu sm\u00e1s\u00f6gur<\/strong> eftir Jakob Thorarensen. Gu\u00f0m. G. Hagal\u00edn valdi s\u00f6gurnar \u00ed samr\u00e1\u00f0i vi\u00f0 h\u00f6fund. Teikningar eftir Gunnar Gunnarsson. B\u00f3kin er saumu\u00f0 og l\u00edmd \u00ed kartonk\u00e1pu. St\u00e6r\u00f0: 19.8 x 14.5 cm og 159 bls.<\/p>\n<p><strong>\u00datgefandi og prentun<\/strong>:<br \/>\nAlmenna b\u00f3kaf\u00e9lagi\u00f0. Reykjav\u00edk 1956.<br \/>\nPrentun: V\u00edkingsprent.<\/p>\n","protected":false},"excerpt":{"rendered":"<p>T\u00edu sm\u00e1s\u00f6gur eftir Jakob Thorarensen. Gu\u00f0m. G. Hagal\u00edn valdi s\u00f6gurnar \u00ed samr\u00e1\u00f0i vi\u00f0 h\u00f6fund. Teikningar eftir Gunnar Gunnarsson. B\u00f3kin er saumu\u00f0 og l\u00edmd \u00ed kartonk\u00e1pu. St\u00e6r\u00f0: 19.8 x 14.5 cm og 159 bls. \u00datgefandi og prentun: Almenna b\u00f3kaf\u00e9lagi\u00f0. Reykjav\u00edk 1956. Prentun: V\u00edkingsprent.<\/p>\n","protected":false},"featured_media":10495,"template":"","meta":{"slim_seo":{"title":"T\u00edu sm\u00e1s\u00f6gur - KindArt","description":"T\u00edu sm\u00e1s\u00f6gur eftir Jakob Thorarensen. Gu\u00f0m. G. Hagal\u00edn valdi s\u00f6gurnar \u00ed samr\u00e1\u00f0i vi\u00f0 h\u00f6fund. Teikningar eftir Gunnar Gunnarsson. B\u00f3kin er saumu\u00f0 og l\u00edmd \u00ed karton"}},"product_brand":[],"product_cat":[82],"product_tag":[],"class_list":{"0":"post-10494","1":"product","2":"type-product","3":"status-publish","4":"has-post-thumbnail","6":"product_cat-baekur","7":"product_shipping_class-litill","9":"first","10":"instock","11":"purchasable","12":"product-type-simple"},"_links":{"self":[{"href":"https:\/\/kindart.is\/en\/wp-json\/wp\/v2\/product\/10494","targetHints":{"allow":["GET"]}}],"collection":[{"href":"https:\/\/kindart.is\/en\/wp-json\/wp\/v2\/product"}],"about":[{"href":"https:\/\/kindart.is\/en\/wp-json\/wp\/v2\/types\/product"}],"wp:featuredmedia":[{"embeddable":true,"href":"https:\/\/kindart.is\/en\/wp-json\/wp\/v2\/media\/10495"}],"wp:attachment":[{"href":"https:\/\/kindart.is\/en\/wp-json\/wp\/v2\/media?parent=10494"}],"wp:term":[{"taxonomy":"product_brand","embeddable":true,"href":"https:\/\/kindart.is\/en\/wp-json\/wp\/v2\/product_brand?post=10494"},{"taxonomy":"product_cat","embeddable":true,"href":"https:\/\/kindart.is\/en\/wp-json\/wp\/v2\/product_cat?post=10494"},{"taxonomy":"product_tag","embeddable":true,"href":"https:\/\/kindart.is\/en\/wp-json\/wp\/v2\/product_tag?post=10494"}],"curies":[{"name":"wp","href":"https:\/\/api.w.org\/{rel}","templated":true}]}}