{"id":10497,"date":"2025-08-15T17:15:59","date_gmt":"2025-08-15T17:15:59","guid":{"rendered":"https:\/\/kindart.is\/?post_type=product&#038;p=10497"},"modified":"2025-08-15T17:16:00","modified_gmt":"2025-08-15T17:16:00","slug":"endurminningar-jons-fra-hlidarenda","status":"publish","type":"product","link":"https:\/\/kindart.is\/en\/vara\/endurminningar-jons-fra-hlidarenda\/","title":{"rendered":"Endurminningar J\u00f3ns fr\u00e1 Hl\u00ed\u00f0arenda"},"content":{"rendered":"<p><strong>Endurminningar J\u00f3ns fr\u00e1 Hl\u00ed\u00f0arenda<\/strong>. Gamalt og n\u00fdtt fr\u00e1 \u00deorl\u00e1ksh\u00f6fn. Safna\u00f0 hefir. Sigur\u00f0ur \u00deorsteinsson. B\u00f3kin er saumu\u00f0, en \u00e1n k\u00e1pu., \u00f3skorin og d\u00e1l\u00edti\u00f0 \u00fev\u00e6ld af lestri. St\u00e6r\u00f0:19 x 12.8 cm og 123 bls.<\/p>\n<p><strong>\u00datg\u00e1fa og prentun<\/strong>:<br \/>\n\u00datgefandi: Hi\u00f0 \u00edslenzka b\u00f3kmenntafjelag Reykjav\u00edk 1922.<br \/>\nPrentun: \u00cdsafoldarprentsmi\u00f0ja.<\/p>\n","protected":false},"excerpt":{"rendered":"<p>Endurminningar J\u00f3ns fr\u00e1 Hl\u00ed\u00f0arenda. Gamalt og n\u00fdtt fr\u00e1 \u00deorl\u00e1ksh\u00f6fn. Safna\u00f0 hefir. Sigur\u00f0ur \u00deorsteinsson. B\u00f3kin er saumu\u00f0, en \u00e1n k\u00e1pu., \u00f3skorin og d\u00e1l\u00edti\u00f0 \u00fev\u00e6ld af lestri. St\u00e6r\u00f0:19 x 12.8 cm og 123 bls. \u00datg\u00e1fa og prentun: \u00datgefandi: Hi\u00f0 \u00edslenzka b\u00f3kmenntafjelag Reykjav\u00edk 1922. Prentun: \u00cdsafoldarprentsmi\u00f0ja.<\/p>\n","protected":false},"featured_media":10499,"template":"","meta":{"slim_seo":{"title":"Endurminningar J\u00f3ns fr\u00e1 Hl\u00ed\u00f0arenda - KindArt","description":"Endurminningar J\u00f3ns fr\u00e1 Hl\u00ed\u00f0arenda . Gamalt og n\u00fdtt fr\u00e1 \u00deorl\u00e1ksh\u00f6fn. Safna\u00f0 hefir. Sigur\u00f0ur \u00deorsteinsson. B\u00f3kin er saumu\u00f0, en \u00e1n k\u00e1pu., \u00f3skorin og d\u00e1l\u00edti\u00f0 \u00fev\u00e6ld"}},"product_brand":[],"product_cat":[82],"product_tag":[],"class_list":{"0":"post-10497","1":"product","2":"type-product","3":"status-publish","4":"has-post-thumbnail","6":"product_cat-baekur","7":"product_shipping_class-litill","9":"first","10":"instock","11":"purchasable","12":"product-type-simple"},"_links":{"self":[{"href":"https:\/\/kindart.is\/en\/wp-json\/wp\/v2\/product\/10497","targetHints":{"allow":["GET"]}}],"collection":[{"href":"https:\/\/kindart.is\/en\/wp-json\/wp\/v2\/product"}],"about":[{"href":"https:\/\/kindart.is\/en\/wp-json\/wp\/v2\/types\/product"}],"wp:featuredmedia":[{"embeddable":true,"href":"https:\/\/kindart.is\/en\/wp-json\/wp\/v2\/media\/10499"}],"wp:attachment":[{"href":"https:\/\/kindart.is\/en\/wp-json\/wp\/v2\/media?parent=10497"}],"wp:term":[{"taxonomy":"product_brand","embeddable":true,"href":"https:\/\/kindart.is\/en\/wp-json\/wp\/v2\/product_brand?post=10497"},{"taxonomy":"product_cat","embeddable":true,"href":"https:\/\/kindart.is\/en\/wp-json\/wp\/v2\/product_cat?post=10497"},{"taxonomy":"product_tag","embeddable":true,"href":"https:\/\/kindart.is\/en\/wp-json\/wp\/v2\/product_tag?post=10497"}],"curies":[{"name":"wp","href":"https:\/\/api.w.org\/{rel}","templated":true}]}}