{"id":10501,"date":"2025-08-15T17:25:31","date_gmt":"2025-08-15T17:25:31","guid":{"rendered":"https:\/\/kindart.is\/?post_type=product&#038;p=10501"},"modified":"2025-08-15T17:25:32","modified_gmt":"2025-08-15T17:25:32","slug":"skilningstre-gods-og-ills","status":"publish","type":"product","link":"https:\/\/kindart.is\/en\/vara\/skilningstre-gods-og-ills\/","title":{"rendered":"Skilningstr\u00e9 g\u00f3\u00f0s og ills"},"content":{"rendered":"<p><strong>Skilningstr\u00e9 g\u00f3\u00f0s og ills<\/strong>. Ritger\u00f0ir eftir Gunnar Benediktsson. Gunnar kryfur til mergjar helstu vandam\u00e1l n\u00fat\u00edmans og er hann l\u00f6ngu or\u00f0inn \u00fej\u00f3\u00f0kunnur fyrir hinar hv\u00f6ssu og r\u00f6kf\u00f6stu \u00e1deilur s\u00ednar. S\u00ed\u00f0asta b\u00f3k hans: S\u00fdn m\u00e9r tr\u00fa \u00fe\u00edna af verkunum seldist upp \u00e1 \u00ferem vikum. B\u00f3kin er saumu\u00f0 og l\u00edmd \u00ed kartonk\u00e1pu, en framan \u00e1 er mynd eftir J\u00f3n Engilberts listm\u00e1lara. St\u00e6r\u00f0: 19.5 x 13 cm og 192 bls.<\/p>\n<p><strong>\u00datg\u00e1fa og prentun<\/strong>:<br \/>\n\u00datgefandi: Heimskringla Reykjav\u00edk 1939.<br \/>\nPrentun: V\u00edkingsprent.<\/p>\n","protected":false},"excerpt":{"rendered":"<p>Skilningstr\u00e9 g\u00f3\u00f0s og ills. Ritger\u00f0ir eftir Gunnar Benediktsson. Gunnar kryfur til mergjar helstu vandam\u00e1l n\u00fat\u00edmans og er hann l\u00f6ngu or\u00f0inn \u00fej\u00f3\u00f0kunnur fyrir hinar hv\u00f6ssu og r\u00f6kf\u00f6stu \u00e1deilur s\u00ednar. S\u00ed\u00f0asta b\u00f3k hans: S\u00fdn m\u00e9r tr\u00fa \u00fe\u00edna af verkunum seldist upp \u00e1 \u00ferem vikum. B\u00f3kin er saumu\u00f0 og l\u00edmd \u00ed kartonk\u00e1pu, en framan \u00e1 er mynd eftir [&hellip;]<\/p>\n","protected":false},"featured_media":10502,"template":"","meta":{"slim_seo":{"title":"Skilningstr\u00e9 g\u00f3\u00f0s og ills - KindArt","description":"Skilningstr\u00e9 g\u00f3\u00f0s og ills . Ritger\u00f0ir eftir Gunnar Benediktsson. Gunnar kryfur til mergjar helstu vandam\u00e1l n\u00fat\u00edmans og er hann l\u00f6ngu or\u00f0inn \u00fej\u00f3\u00f0kunnur fyrir hin"}},"product_brand":[],"product_cat":[82],"product_tag":[],"class_list":{"0":"post-10501","1":"product","2":"type-product","3":"status-publish","4":"has-post-thumbnail","6":"product_cat-baekur","7":"product_shipping_class-litill","9":"first","10":"instock","11":"purchasable","12":"product-type-simple"},"_links":{"self":[{"href":"https:\/\/kindart.is\/en\/wp-json\/wp\/v2\/product\/10501","targetHints":{"allow":["GET"]}}],"collection":[{"href":"https:\/\/kindart.is\/en\/wp-json\/wp\/v2\/product"}],"about":[{"href":"https:\/\/kindart.is\/en\/wp-json\/wp\/v2\/types\/product"}],"wp:featuredmedia":[{"embeddable":true,"href":"https:\/\/kindart.is\/en\/wp-json\/wp\/v2\/media\/10502"}],"wp:attachment":[{"href":"https:\/\/kindart.is\/en\/wp-json\/wp\/v2\/media?parent=10501"}],"wp:term":[{"taxonomy":"product_brand","embeddable":true,"href":"https:\/\/kindart.is\/en\/wp-json\/wp\/v2\/product_brand?post=10501"},{"taxonomy":"product_cat","embeddable":true,"href":"https:\/\/kindart.is\/en\/wp-json\/wp\/v2\/product_cat?post=10501"},{"taxonomy":"product_tag","embeddable":true,"href":"https:\/\/kindart.is\/en\/wp-json\/wp\/v2\/product_tag?post=10501"}],"curies":[{"name":"wp","href":"https:\/\/api.w.org\/{rel}","templated":true}]}}