{"id":10504,"date":"2025-08-15T17:33:39","date_gmt":"2025-08-15T17:33:39","guid":{"rendered":"https:\/\/kindart.is\/?post_type=product&#038;p=10504"},"modified":"2025-08-15T17:33:39","modified_gmt":"2025-08-15T17:33:39","slug":"kvaedasafn","status":"publish","type":"product","link":"https:\/\/kindart.is\/en\/vara\/kvaedasafn\/","title":{"rendered":"Kv\u00e6\u00f0asafn"},"content":{"rendered":"<p><strong>Kv\u00e6\u00f0asafn<\/strong> eftir \u00edslenzka menn fr\u00e1 mi\u00f0\u00f6ldum og s\u00ed\u00f0ari \u00f6ldum. \u2028Fyrsta deild I. 1. Lj\u00f3\u00f0m\u00e6li nafngreindra h\u00f6funda. B\u00f3kin h\u00e1lfsaumu\u00f0 og sett \u00ed kartonk\u00e1pu, gr\u00e1a. St\u00e6r\u00f0: 22.5 x 15 cm og 160 bls. Bls. 1 &#8211; 160.<br \/>\nFyrsta deild I. 3. Lj\u00f3\u00f0m\u00e6li nafngreindra h\u00f6funda. Sami fr\u00e1gangur nema rau\u00f0 kartonk\u00e1pa<br \/>\nSt\u00e6r\u00f0: Sama st\u00e6r\u00f0 og bls.353 &#8211; 405 + Titilbla\u00f0 fyrir \u00f6ll heftin + Efnisskr\u00e1 + Eftirm\u00e1li eftir Sigur\u00f0 Nordal + Athugasemdir \u00fatgefanda, dr. J\u00f3ns \u00deorkelssonar, \u00e1 k\u00e1pu 1. og 2. heftis.<\/p>\n<p><strong>\u00datgefandi og prentun<\/strong>:<br \/>\n\u00datgefandi: Hi\u00f0 \u00edslenzka b\u00f3kmenntaf\u00e9lag Reykjav\u00edk 1922 &#8211; 1927.<br \/>\nPrentun: \u00cdsafoldarprentsmi\u00f0ja.<\/p>\n","protected":false},"excerpt":{"rendered":"<p>Kv\u00e6\u00f0asafn eftir \u00edslenzka menn fr\u00e1 mi\u00f0\u00f6ldum og s\u00ed\u00f0ari \u00f6ldum. \u2028Fyrsta deild I. 1. Lj\u00f3\u00f0m\u00e6li nafngreindra h\u00f6funda. B\u00f3kin h\u00e1lfsaumu\u00f0 og sett \u00ed kartonk\u00e1pu, gr\u00e1a. St\u00e6r\u00f0: 22.5 x 15 cm og 160 bls. Bls. 1 &#8211; 160. Fyrsta deild I. 3. Lj\u00f3\u00f0m\u00e6li nafngreindra h\u00f6funda. Sami fr\u00e1gangur nema rau\u00f0 kartonk\u00e1pa St\u00e6r\u00f0: Sama st\u00e6r\u00f0 og bls.353 &#8211; 405 + [&hellip;]<\/p>\n","protected":false},"featured_media":10505,"template":"","meta":{"slim_seo":{"title":"Kv\u00e6\u00f0asafn - KindArt","description":"Kv\u00e6\u00f0asafn eftir \u00edslenzka menn fr\u00e1 mi\u00f0\u00f6ldum og s\u00ed\u00f0ari \u00f6ldum. \u2028Fyrsta deild I. 1. Lj\u00f3\u00f0m\u00e6li nafngreindra h\u00f6funda. B\u00f3kin h\u00e1lfsaumu\u00f0 og sett \u00ed kartonk\u00e1pu, gr\u00e1a. St\u00e6r"}},"product_brand":[],"product_cat":[82],"product_tag":[],"class_list":{"0":"post-10504","1":"product","2":"type-product","3":"status-publish","4":"has-post-thumbnail","6":"product_cat-baekur","7":"product_shipping_class-litill","9":"first","10":"instock","11":"purchasable","12":"product-type-simple"},"_links":{"self":[{"href":"https:\/\/kindart.is\/en\/wp-json\/wp\/v2\/product\/10504","targetHints":{"allow":["GET"]}}],"collection":[{"href":"https:\/\/kindart.is\/en\/wp-json\/wp\/v2\/product"}],"about":[{"href":"https:\/\/kindart.is\/en\/wp-json\/wp\/v2\/types\/product"}],"wp:featuredmedia":[{"embeddable":true,"href":"https:\/\/kindart.is\/en\/wp-json\/wp\/v2\/media\/10505"}],"wp:attachment":[{"href":"https:\/\/kindart.is\/en\/wp-json\/wp\/v2\/media?parent=10504"}],"wp:term":[{"taxonomy":"product_brand","embeddable":true,"href":"https:\/\/kindart.is\/en\/wp-json\/wp\/v2\/product_brand?post=10504"},{"taxonomy":"product_cat","embeddable":true,"href":"https:\/\/kindart.is\/en\/wp-json\/wp\/v2\/product_cat?post=10504"},{"taxonomy":"product_tag","embeddable":true,"href":"https:\/\/kindart.is\/en\/wp-json\/wp\/v2\/product_tag?post=10504"}],"curies":[{"name":"wp","href":"https:\/\/api.w.org\/{rel}","templated":true}]}}