{"id":10508,"date":"2025-08-18T09:27:10","date_gmt":"2025-08-18T09:27:10","guid":{"rendered":"https:\/\/kindart.is\/?post_type=product&#038;p=10508"},"modified":"2025-10-03T14:20:18","modified_gmt":"2025-10-03T14:20:18","slug":"ast-og-orlog-a-vifilsstodum","status":"publish","type":"product","link":"https:\/\/kindart.is\/en\/vara\/ast-og-orlog-a-vifilsstodum\/","title":{"rendered":"\u00c1st og \u00f6rl\u00f6g \u00e1 V\u00edfilsst\u00f6\u00f0um"},"content":{"rendered":"<p><strong>\u00c1st og \u00f6rl\u00f6g \u00e1 V\u00edfilsst\u00f6\u00f0um<\/strong>. Sk\u00e1ldsaga. H\u00f6fundur: Vilhj\u00e1lmur J\u00f3nsson fr\u00e1 Ferstiklu. B\u00f3kin er saumu\u00f0 og l\u00edmd \u00ed kartonk\u00e1pu, en s\u00ed\u00f0an er \u00e1prentu\u00f0 hl\u00edf\u00f0ark\u00e1pa brotin utan yfir me\u00f0 mynd af V\u00edfilsst\u00f6\u00f0um. St\u00e6r\u00f0: 21.8 X15 cm og 254 bls.<\/p>\n<p><strong>\u00datg\u00e1fa og prentun<\/strong>:<br \/>\n\u00datgefanda ekki geti\u00f0.<br \/>\nPrentun: Prentsmi\u00f0jan R\u00fan.<\/p>\n","protected":false},"excerpt":{"rendered":"<p>\u00c1st og \u00f6rl\u00f6g \u00e1 V\u00edfilsst\u00f6\u00f0um. Sk\u00e1ldsaga. H\u00f6fundur: Vilhj\u00e1lmur J\u00f3nsson fr\u00e1 Ferstiklu. B\u00f3kin er saumu\u00f0 og l\u00edmd \u00ed kartonk\u00e1pu, en s\u00ed\u00f0an er \u00e1prentu\u00f0 hl\u00edf\u00f0ark\u00e1pa brotin utan yfir me\u00f0 mynd af V\u00edfilsst\u00f6\u00f0um. St\u00e6r\u00f0: 21.8 X15 cm og 254 bls. \u00datg\u00e1fa og prentun: \u00datgefanda ekki geti\u00f0. Prentun: Prentsmi\u00f0jan R\u00fan.<\/p>\n","protected":false},"featured_media":10509,"template":"","meta":{"slim_seo":{"title":"\u00c1st og \u00f6rl\u00f6g \u00e1 V\u00edfilsst\u00f6\u00f0um - KindArt","description":"\u00c1st og \u00f6rl\u00f6g \u00e1 V\u00edfilsst\u00f6\u00f0um . Sk\u00e1ldsaga. H\u00f6fundur: Vilhj\u00e1lmur J\u00f3nsson fr\u00e1 Ferstiklu. B\u00f3kin er saumu\u00f0 og l\u00edmd \u00ed kartonk\u00e1pu, en s\u00ed\u00f0an er \u00e1prentu\u00f0 hl\u00edf\u00f0ark\u00e1pa brot"}},"product_brand":[],"product_cat":[82],"product_tag":[],"class_list":{"0":"post-10508","1":"product","2":"type-product","3":"status-publish","4":"has-post-thumbnail","6":"product_cat-baekur","7":"product_shipping_class-litill","9":"first","10":"outofstock","11":"purchasable","12":"product-type-simple"},"_links":{"self":[{"href":"https:\/\/kindart.is\/en\/wp-json\/wp\/v2\/product\/10508","targetHints":{"allow":["GET"]}}],"collection":[{"href":"https:\/\/kindart.is\/en\/wp-json\/wp\/v2\/product"}],"about":[{"href":"https:\/\/kindart.is\/en\/wp-json\/wp\/v2\/types\/product"}],"wp:featuredmedia":[{"embeddable":true,"href":"https:\/\/kindart.is\/en\/wp-json\/wp\/v2\/media\/10509"}],"wp:attachment":[{"href":"https:\/\/kindart.is\/en\/wp-json\/wp\/v2\/media?parent=10508"}],"wp:term":[{"taxonomy":"product_brand","embeddable":true,"href":"https:\/\/kindart.is\/en\/wp-json\/wp\/v2\/product_brand?post=10508"},{"taxonomy":"product_cat","embeddable":true,"href":"https:\/\/kindart.is\/en\/wp-json\/wp\/v2\/product_cat?post=10508"},{"taxonomy":"product_tag","embeddable":true,"href":"https:\/\/kindart.is\/en\/wp-json\/wp\/v2\/product_tag?post=10508"}],"curies":[{"name":"wp","href":"https:\/\/api.w.org\/{rel}","templated":true}]}}