{"id":10511,"date":"2025-08-18T09:40:00","date_gmt":"2025-08-18T09:40:00","guid":{"rendered":"https:\/\/kindart.is\/?post_type=product&#038;p=10511"},"modified":"2025-08-18T09:40:01","modified_gmt":"2025-08-18T09:40:01","slug":"hraun-og-malbik","status":"publish","type":"product","link":"https:\/\/kindart.is\/en\/vara\/hraun-og-malbik\/","title":{"rendered":"Hraun og malbik"},"content":{"rendered":"<p><strong>Hraun og malbik<\/strong>. S\u00f6gur eftir Hj\u00f6rt Halld\u00f3rsson. \u00de\u00e6r eru frumsamdar \u00e1 d\u00f6nsku og hefur h\u00f6fundurinn annast \u00fe\u00fd\u00f0ingu \u00feeirra. B\u00f3kin er saumu\u00f0 og l\u00edmd \u00ed kartonk\u00e1pu og \u00f3skorin. St\u00e6r\u00f0: 19.8 X 13.5 cm og 98 bls.<\/p>\n<p><strong>\u00datg\u00e1fa og prentun<\/strong>:<br \/>\n\u00datgefandi: E. Ellingsen Reykjav\u00edk 1936.<br \/>\nPrentun: \u00cdsafoldarprentsmi\u00f0ja.<\/p>\n","protected":false},"excerpt":{"rendered":"<p>Hraun og malbik. S\u00f6gur eftir Hj\u00f6rt Halld\u00f3rsson. \u00de\u00e6r eru frumsamdar \u00e1 d\u00f6nsku og hefur h\u00f6fundurinn annast \u00fe\u00fd\u00f0ingu \u00feeirra. B\u00f3kin er saumu\u00f0 og l\u00edmd \u00ed kartonk\u00e1pu og \u00f3skorin. St\u00e6r\u00f0: 19.8 X 13.5 cm og 98 bls. \u00datg\u00e1fa og prentun: \u00datgefandi: E. Ellingsen Reykjav\u00edk 1936. Prentun: \u00cdsafoldarprentsmi\u00f0ja.<\/p>\n","protected":false},"featured_media":10513,"template":"","meta":{"slim_seo":{"title":"Hraun og malbik - KindArt","description":"Hraun og malbik . S\u00f6gur eftir Hj\u00f6rt Halld\u00f3rsson. \u00de\u00e6r eru frumsamdar \u00e1 d\u00f6nsku og hefur h\u00f6fundurinn annast \u00fe\u00fd\u00f0ingu \u00feeirra. B\u00f3kin er saumu\u00f0 og l\u00edmd \u00ed kartonk\u00e1pu og"}},"product_brand":[],"product_cat":[82],"product_tag":[],"class_list":{"0":"post-10511","1":"product","2":"type-product","3":"status-publish","4":"has-post-thumbnail","6":"product_cat-baekur","7":"product_shipping_class-litill","9":"first","10":"instock","11":"purchasable","12":"product-type-simple"},"_links":{"self":[{"href":"https:\/\/kindart.is\/en\/wp-json\/wp\/v2\/product\/10511","targetHints":{"allow":["GET"]}}],"collection":[{"href":"https:\/\/kindart.is\/en\/wp-json\/wp\/v2\/product"}],"about":[{"href":"https:\/\/kindart.is\/en\/wp-json\/wp\/v2\/types\/product"}],"wp:featuredmedia":[{"embeddable":true,"href":"https:\/\/kindart.is\/en\/wp-json\/wp\/v2\/media\/10513"}],"wp:attachment":[{"href":"https:\/\/kindart.is\/en\/wp-json\/wp\/v2\/media?parent=10511"}],"wp:term":[{"taxonomy":"product_brand","embeddable":true,"href":"https:\/\/kindart.is\/en\/wp-json\/wp\/v2\/product_brand?post=10511"},{"taxonomy":"product_cat","embeddable":true,"href":"https:\/\/kindart.is\/en\/wp-json\/wp\/v2\/product_cat?post=10511"},{"taxonomy":"product_tag","embeddable":true,"href":"https:\/\/kindart.is\/en\/wp-json\/wp\/v2\/product_tag?post=10511"}],"curies":[{"name":"wp","href":"https:\/\/api.w.org\/{rel}","templated":true}]}}