{"id":10515,"date":"2025-08-18T09:48:40","date_gmt":"2025-08-18T09:48:40","guid":{"rendered":"https:\/\/kindart.is\/?post_type=product&#038;p=10515"},"modified":"2025-08-18T09:48:41","modified_gmt":"2025-08-18T09:48:41","slug":"minningarrit-flensborgarskolans-1882-1932","status":"publish","type":"product","link":"https:\/\/kindart.is\/en\/vara\/minningarrit-flensborgarskolans-1882-1932\/","title":{"rendered":"Minningarrit Flensborgarsk\u00f3lans 1882-1932"},"content":{"rendered":"<p><strong>Minningarrit Flensborgarsk\u00f3lans 1882-1932<\/strong>. H\u00f6fundur Gu\u00f0ni J\u00f3nsson. B\u00f3kin er ritu\u00f0 \u00ed tilefni 50 \u00e1ra afm\u00e6li sk\u00f3lans. St\u00e6r\u00f0: 24.4 X 15.8 cm og 206 bls.\u2028Saumu\u00f0 og sett \u00ed \u00feykkan k\u00e1pukarton.<\/p>\n<p><strong>\u00datg\u00e1fa og prentun<\/strong>:<br \/>\n\u00datgefandi: Nemendasamband Flensborgarsk\u00f3lans Reykjav\u00edk 1932.<br \/>\nPrentun: \u00cdsafoldarprentsmi\u00f0ja.<\/p>\n","protected":false},"excerpt":{"rendered":"<p>Minningarrit Flensborgarsk\u00f3lans 1882-1932. H\u00f6fundur Gu\u00f0ni J\u00f3nsson. B\u00f3kin er ritu\u00f0 \u00ed tilefni 50 \u00e1ra afm\u00e6li sk\u00f3lans. St\u00e6r\u00f0: 24.4 X 15.8 cm og 206 bls.\u2028Saumu\u00f0 og sett \u00ed \u00feykkan k\u00e1pukarton. \u00datg\u00e1fa og prentun: \u00datgefandi: Nemendasamband Flensborgarsk\u00f3lans Reykjav\u00edk 1932. Prentun: \u00cdsafoldarprentsmi\u00f0ja.<\/p>\n","protected":false},"featured_media":10516,"template":"","meta":{"slim_seo":{"title":"Minningarrit Flensborgarsk\u00f3lans 1882-1932 - KindArt","description":"Minningarrit Flensborgarsk\u00f3lans 1882-1932 . H\u00f6fundur Gu\u00f0ni J\u00f3nsson. B\u00f3kin er ritu\u00f0 \u00ed tilefni 50 \u00e1ra afm\u00e6li sk\u00f3lans. St\u00e6r\u00f0: 24.4 X 15.8 cm og 206 bls.\u2028Saumu\u00f0 og"}},"product_brand":[],"product_cat":[82],"product_tag":[],"class_list":{"0":"post-10515","1":"product","2":"type-product","3":"status-publish","4":"has-post-thumbnail","6":"product_cat-baekur","7":"product_shipping_class-litill","9":"first","10":"instock","11":"purchasable","12":"product-type-simple"},"_links":{"self":[{"href":"https:\/\/kindart.is\/en\/wp-json\/wp\/v2\/product\/10515","targetHints":{"allow":["GET"]}}],"collection":[{"href":"https:\/\/kindart.is\/en\/wp-json\/wp\/v2\/product"}],"about":[{"href":"https:\/\/kindart.is\/en\/wp-json\/wp\/v2\/types\/product"}],"wp:featuredmedia":[{"embeddable":true,"href":"https:\/\/kindart.is\/en\/wp-json\/wp\/v2\/media\/10516"}],"wp:attachment":[{"href":"https:\/\/kindart.is\/en\/wp-json\/wp\/v2\/media?parent=10515"}],"wp:term":[{"taxonomy":"product_brand","embeddable":true,"href":"https:\/\/kindart.is\/en\/wp-json\/wp\/v2\/product_brand?post=10515"},{"taxonomy":"product_cat","embeddable":true,"href":"https:\/\/kindart.is\/en\/wp-json\/wp\/v2\/product_cat?post=10515"},{"taxonomy":"product_tag","embeddable":true,"href":"https:\/\/kindart.is\/en\/wp-json\/wp\/v2\/product_tag?post=10515"}],"curies":[{"name":"wp","href":"https:\/\/api.w.org\/{rel}","templated":true}]}}