{"id":10519,"date":"2025-08-18T09:51:45","date_gmt":"2025-08-18T09:51:45","guid":{"rendered":"https:\/\/kindart.is\/?post_type=product&#038;p=10519"},"modified":"2025-08-18T09:51:46","modified_gmt":"2025-08-18T09:51:46","slug":"haraldur-nielsson","status":"publish","type":"product","link":"https:\/\/kindart.is\/en\/vara\/haraldur-nielsson\/","title":{"rendered":"Haraldur N\u00edelsson"},"content":{"rendered":"<p><strong>Haraldur N\u00edelsson<\/strong>; Haralds N\u00edelssonar fyrirlestrar I. H\u00f6fundur: \u00c1smundur Gu\u00f0mundsson. B\u00f3kin er saumu\u00f0 og l\u00edmd \u00ed kartonk\u00e1pu. Heils\u00ed\u00f0umynd af Haraldi \u00e1 m\u00f3ti titils\u00ed\u00f0u. Skr\u00e1 yfir rit Haralds N\u00edelssonar. bls. 55-57. Skipulagsskr\u00e1 Minningarsj\u00f3\u00f0s Haraldar: bls 58-59. St\u00e6r\u00f0: 20.7 X 15 cm og 59 bls.<\/p>\n<p><strong>\u00datgefandi, Prentun<\/strong>:<br \/>\n\u00datgefandi: Minningarsj\u00f3\u00f0ur Haralds pr\u00f3fessors N\u00edelssonar og \u00cdsafoldarprentsmi\u00f0ju.<br \/>\nReykjav\u00edk 1938.<br \/>\nPrwntun: \u00cdsafoldarprentsmi\u00f0ja.<\/p>\n","protected":false},"excerpt":{"rendered":"<p>Haraldur N\u00edelsson; Haralds N\u00edelssonar fyrirlestrar I. H\u00f6fundur: \u00c1smundur Gu\u00f0mundsson. B\u00f3kin er saumu\u00f0 og l\u00edmd \u00ed kartonk\u00e1pu. Heils\u00ed\u00f0umynd af Haraldi \u00e1 m\u00f3ti titils\u00ed\u00f0u. Skr\u00e1 yfir rit Haralds N\u00edelssonar. bls. 55-57. Skipulagsskr\u00e1 Minningarsj\u00f3\u00f0s Haraldar: bls 58-59. St\u00e6r\u00f0: 20.7 X 15 cm og 59 bls. \u00datgefandi, Prentun: \u00datgefandi: Minningarsj\u00f3\u00f0ur Haralds pr\u00f3fessors N\u00edelssonar og \u00cdsafoldarprentsmi\u00f0ju. Reykjav\u00edk 1938. Prwntun: \u00cdsafoldarprentsmi\u00f0ja.<\/p>\n","protected":false},"featured_media":10520,"template":"","meta":{"slim_seo":{"title":"Haraldur N\u00edelsson - KindArt","description":"Haraldur N\u00edelsson ; Haralds N\u00edelssonar fyrirlestrar I. H\u00f6fundur: \u00c1smundur Gu\u00f0mundsson. B\u00f3kin er saumu\u00f0 og l\u00edmd \u00ed kartonk\u00e1pu. Heils\u00ed\u00f0umynd af Haraldi \u00e1 m\u00f3ti titi"}},"product_brand":[],"product_cat":[82],"product_tag":[],"class_list":{"0":"post-10519","1":"product","2":"type-product","3":"status-publish","4":"has-post-thumbnail","6":"product_cat-baekur","7":"product_shipping_class-litill","9":"first","10":"instock","11":"purchasable","12":"product-type-simple"},"_links":{"self":[{"href":"https:\/\/kindart.is\/en\/wp-json\/wp\/v2\/product\/10519","targetHints":{"allow":["GET"]}}],"collection":[{"href":"https:\/\/kindart.is\/en\/wp-json\/wp\/v2\/product"}],"about":[{"href":"https:\/\/kindart.is\/en\/wp-json\/wp\/v2\/types\/product"}],"wp:featuredmedia":[{"embeddable":true,"href":"https:\/\/kindart.is\/en\/wp-json\/wp\/v2\/media\/10520"}],"wp:attachment":[{"href":"https:\/\/kindart.is\/en\/wp-json\/wp\/v2\/media?parent=10519"}],"wp:term":[{"taxonomy":"product_brand","embeddable":true,"href":"https:\/\/kindart.is\/en\/wp-json\/wp\/v2\/product_brand?post=10519"},{"taxonomy":"product_cat","embeddable":true,"href":"https:\/\/kindart.is\/en\/wp-json\/wp\/v2\/product_cat?post=10519"},{"taxonomy":"product_tag","embeddable":true,"href":"https:\/\/kindart.is\/en\/wp-json\/wp\/v2\/product_tag?post=10519"}],"curies":[{"name":"wp","href":"https:\/\/api.w.org\/{rel}","templated":true}]}}