{"id":10523,"date":"2025-08-20T10:07:06","date_gmt":"2025-08-20T10:07:06","guid":{"rendered":"https:\/\/kindart.is\/?post_type=product&#038;p=10523"},"modified":"2025-08-20T10:07:06","modified_gmt":"2025-08-20T10:07:06","slug":"nott-vid-nordurpol","status":"publish","type":"product","link":"https:\/\/kindart.is\/en\/vara\/nott-vid-nordurpol\/","title":{"rendered":"N\u00f3tt vi\u00f0 Nor\u00f0urp\u00f3l"},"content":{"rendered":"<p><strong>N\u00f3tt vi\u00f0 Nor\u00f0urp\u00f3l<\/strong> eftir \u00d6vre Richter Frich, Sigur\u00f0ur R\u00f3bertsson \u00fe\u00fdddi. B\u00f3kin er saumu\u00f0 og l\u00edmd \u00ed kartonk\u00e1pu. St\u00e6r\u00f0: 19.5 X 13 cm og 163 bls. Vantar hl\u00edf\u00f0ark\u00e1pu.<\/p>\n<p><strong>\u00datg\u00e1fa, prentun<\/strong>:<br \/>\nB\u00f3ka\u00fatg\u00e1fa P\u00e1lma H. J\u00f3nssonar Akureyri 1945.<br \/>\nPrentun: Prentverk Odds Bj\u00f6rnssonar.<\/p>\n","protected":false},"excerpt":{"rendered":"<p>N\u00f3tt vi\u00f0 Nor\u00f0urp\u00f3l eftir \u00d6vre Richter Frich, Sigur\u00f0ur R\u00f3bertsson \u00fe\u00fdddi. B\u00f3kin er saumu\u00f0 og l\u00edmd \u00ed kartonk\u00e1pu. St\u00e6r\u00f0: 19.5 X 13 cm og 163 bls. Vantar hl\u00edf\u00f0ark\u00e1pu. \u00datg\u00e1fa, prentun: B\u00f3ka\u00fatg\u00e1fa P\u00e1lma H. J\u00f3nssonar Akureyri 1945. Prentun: Prentverk Odds Bj\u00f6rnssonar.<\/p>\n","protected":false},"featured_media":10524,"template":"","meta":{"slim_seo":{"title":"N\u00f3tt vi\u00f0 Nor\u00f0urp\u00f3l - KindArt","description":"N\u00f3tt vi\u00f0 Nor\u00f0urp\u00f3l eftir \u00d6vre Richter Frich, Sigur\u00f0ur R\u00f3bertsson \u00fe\u00fdddi. B\u00f3kin er saumu\u00f0 og l\u00edmd \u00ed kartonk\u00e1pu. St\u00e6r\u00f0: 19.5 X 13 cm og 163 bls. Vantar hl\u00edf\u00f0ark\u00e1pu"}},"product_brand":[],"product_cat":[82],"product_tag":[],"class_list":{"0":"post-10523","1":"product","2":"type-product","3":"status-publish","4":"has-post-thumbnail","6":"product_cat-baekur","7":"product_shipping_class-litill","9":"first","10":"instock","11":"purchasable","12":"product-type-simple"},"_links":{"self":[{"href":"https:\/\/kindart.is\/en\/wp-json\/wp\/v2\/product\/10523","targetHints":{"allow":["GET"]}}],"collection":[{"href":"https:\/\/kindart.is\/en\/wp-json\/wp\/v2\/product"}],"about":[{"href":"https:\/\/kindart.is\/en\/wp-json\/wp\/v2\/types\/product"}],"wp:featuredmedia":[{"embeddable":true,"href":"https:\/\/kindart.is\/en\/wp-json\/wp\/v2\/media\/10524"}],"wp:attachment":[{"href":"https:\/\/kindart.is\/en\/wp-json\/wp\/v2\/media?parent=10523"}],"wp:term":[{"taxonomy":"product_brand","embeddable":true,"href":"https:\/\/kindart.is\/en\/wp-json\/wp\/v2\/product_brand?post=10523"},{"taxonomy":"product_cat","embeddable":true,"href":"https:\/\/kindart.is\/en\/wp-json\/wp\/v2\/product_cat?post=10523"},{"taxonomy":"product_tag","embeddable":true,"href":"https:\/\/kindart.is\/en\/wp-json\/wp\/v2\/product_tag?post=10523"}],"curies":[{"name":"wp","href":"https:\/\/api.w.org\/{rel}","templated":true}]}}