{"id":10526,"date":"2025-08-20T10:11:53","date_gmt":"2025-08-20T10:11:53","guid":{"rendered":"https:\/\/kindart.is\/?post_type=product&#038;p=10526"},"modified":"2025-08-20T10:11:54","modified_gmt":"2025-08-20T10:11:54","slug":"charcot-vid-sudurpol","status":"publish","type":"product","link":"https:\/\/kindart.is\/en\/vara\/charcot-vid-sudurpol\/","title":{"rendered":"Charcot vi\u00f0 Su\u00f0urp\u00f3l"},"content":{"rendered":"<p><strong>Charcot vi\u00f0 Su\u00f0urp\u00f3l<\/strong>. H\u00f6fundur: Sigur\u00f0ur Thorlacius endursamdi eftir b\u00f3k Charcots. B\u00f3kin fjallar um franska landk\u00f6nnu\u00f0inn Dr. Charcot sem f\u00f3rst me\u00f0 skipi s\u00ednu Pourqoui pas sem stranda\u00f0i \u00e1 M\u00fdrum, 15. september 1936 \u00e1samt allri \u00e1h\u00f6fninni. B\u00f3kin er \u00f3bundin, en saumu\u00f0 og l\u00edmd \u00ed k\u00e1pu hanna\u00f0ri af Atla M\u00e1. St\u00e6r\u00f0: 25.6 X 18.2 cm og 166 bls.<\/p>\n<p><strong>\u00datg\u00e1fa og prentun<\/strong>:<br \/>\n\u00datgefandi: M\u00e1l og menning Reykjav\u00edk 1943.<br \/>\nPrentun: Prentsmi\u00f0jan H\u00f3lar.<\/p>\n","protected":false},"excerpt":{"rendered":"<p>Charcot vi\u00f0 Su\u00f0urp\u00f3l. H\u00f6fundur: Sigur\u00f0ur Thorlacius endursamdi eftir b\u00f3k Charcots. B\u00f3kin fjallar um franska landk\u00f6nnu\u00f0inn Dr. Charcot sem f\u00f3rst me\u00f0 skipi s\u00ednu Pourqoui pas sem stranda\u00f0i \u00e1 M\u00fdrum, 15. september 1936 \u00e1samt allri \u00e1h\u00f6fninni. B\u00f3kin er \u00f3bundin, en saumu\u00f0 og l\u00edmd \u00ed k\u00e1pu hanna\u00f0ri af Atla M\u00e1. St\u00e6r\u00f0: 25.6 X 18.2 cm og 166 bls. [&hellip;]<\/p>\n","protected":false},"featured_media":10527,"template":"","meta":{"slim_seo":{"title":"Charcot vi\u00f0 Su\u00f0urp\u00f3l - KindArt","description":"Charcot vi\u00f0 Su\u00f0urp\u00f3l . H\u00f6fundur: Sigur\u00f0ur Thorlacius endursamdi eftir b\u00f3k Charcots. B\u00f3kin fjallar um franska landk\u00f6nnu\u00f0inn Dr. Charcot sem f\u00f3rst me\u00f0 skipi s\u00ednu"}},"product_brand":[],"product_cat":[82],"product_tag":[],"class_list":{"0":"post-10526","1":"product","2":"type-product","3":"status-publish","4":"has-post-thumbnail","6":"product_cat-baekur","7":"product_shipping_class-litill","9":"first","10":"instock","11":"purchasable","12":"product-type-simple"},"_links":{"self":[{"href":"https:\/\/kindart.is\/en\/wp-json\/wp\/v2\/product\/10526","targetHints":{"allow":["GET"]}}],"collection":[{"href":"https:\/\/kindart.is\/en\/wp-json\/wp\/v2\/product"}],"about":[{"href":"https:\/\/kindart.is\/en\/wp-json\/wp\/v2\/types\/product"}],"wp:featuredmedia":[{"embeddable":true,"href":"https:\/\/kindart.is\/en\/wp-json\/wp\/v2\/media\/10527"}],"wp:attachment":[{"href":"https:\/\/kindart.is\/en\/wp-json\/wp\/v2\/media?parent=10526"}],"wp:term":[{"taxonomy":"product_brand","embeddable":true,"href":"https:\/\/kindart.is\/en\/wp-json\/wp\/v2\/product_brand?post=10526"},{"taxonomy":"product_cat","embeddable":true,"href":"https:\/\/kindart.is\/en\/wp-json\/wp\/v2\/product_cat?post=10526"},{"taxonomy":"product_tag","embeddable":true,"href":"https:\/\/kindart.is\/en\/wp-json\/wp\/v2\/product_tag?post=10526"}],"curies":[{"name":"wp","href":"https:\/\/api.w.org\/{rel}","templated":true}]}}