{"id":10530,"date":"2025-08-20T10:18:12","date_gmt":"2025-08-20T10:18:12","guid":{"rendered":"https:\/\/kindart.is\/?post_type=product&#038;p=10530"},"modified":"2025-08-20T10:18:12","modified_gmt":"2025-08-20T10:18:12","slug":"tyndur-hofundur","status":"publish","type":"product","link":"https:\/\/kindart.is\/en\/vara\/tyndur-hofundur\/","title":{"rendered":"T\u00fdndur h\u00f6fundur"},"content":{"rendered":"<p><strong>T\u00fdndur h\u00f6fundur<\/strong>. Leikrit \u00ed fimm \u00fe\u00e1ttum. H\u00f6fundur: Einar Kristj\u00e1nsson Freyr. Kv\u00e6\u00f0abrotin sem notu\u00f0 eru \u00ed leikritinu eru eftir Einar Benediktsson. K\u00e1pumyndin er eftir Kristj\u00e1n Dav\u00ed\u00f0sson. \u00c1ritun me\u00f0 vinarkve\u00f0ju til J\u00f3hannesar \u00far K\u00f6tlum. B\u00f3kin er saumu\u00f0 og l\u00edmd \u00ed kartonk\u00e1pu. St\u00e6r\u00f0: 19.6 x 12.4 cm og 101 bls, Aftast eru nokkrar ritger\u00f0ir eftir sama h\u00f6fund, Bls. 105 &#8211; 122.<\/p>\n<p><strong>\u00datg\u00e1fa og prentun<\/strong>:<br \/>\n\u00datgefandi: E.K.F. Reykjav\u00edk 1955. Prentun: Prentsmi\u00f0ja \u00dej\u00f3\u00f0viljans.<\/p>\n","protected":false},"excerpt":{"rendered":"<p>T\u00fdndur h\u00f6fundur. Leikrit \u00ed fimm \u00fe\u00e1ttum. H\u00f6fundur: Einar Kristj\u00e1nsson Freyr. Kv\u00e6\u00f0abrotin sem notu\u00f0 eru \u00ed leikritinu eru eftir Einar Benediktsson. K\u00e1pumyndin er eftir Kristj\u00e1n Dav\u00ed\u00f0sson. \u00c1ritun me\u00f0 vinarkve\u00f0ju til J\u00f3hannesar \u00far K\u00f6tlum. B\u00f3kin er saumu\u00f0 og l\u00edmd \u00ed kartonk\u00e1pu. St\u00e6r\u00f0: 19.6 x 12.4 cm og 101 bls, Aftast eru nokkrar ritger\u00f0ir eftir sama h\u00f6fund, Bls. [&hellip;]<\/p>\n","protected":false},"featured_media":10531,"template":"","meta":{"slim_seo":{"title":"T\u00fdndur h\u00f6fundur - KindArt","description":"T\u00fdndur h\u00f6fundur . Leikrit \u00ed fimm \u00fe\u00e1ttum. H\u00f6fundur: Einar Kristj\u00e1nsson Freyr. Kv\u00e6\u00f0abrotin sem notu\u00f0 eru \u00ed leikritinu eru eftir Einar Benediktsson. K\u00e1pumyndin er"}},"product_brand":[],"product_cat":[82],"product_tag":[],"class_list":{"0":"post-10530","1":"product","2":"type-product","3":"status-publish","4":"has-post-thumbnail","6":"product_cat-baekur","7":"product_shipping_class-litill","9":"first","10":"instock","11":"purchasable","12":"product-type-simple"},"_links":{"self":[{"href":"https:\/\/kindart.is\/en\/wp-json\/wp\/v2\/product\/10530","targetHints":{"allow":["GET"]}}],"collection":[{"href":"https:\/\/kindart.is\/en\/wp-json\/wp\/v2\/product"}],"about":[{"href":"https:\/\/kindart.is\/en\/wp-json\/wp\/v2\/types\/product"}],"wp:featuredmedia":[{"embeddable":true,"href":"https:\/\/kindart.is\/en\/wp-json\/wp\/v2\/media\/10531"}],"wp:attachment":[{"href":"https:\/\/kindart.is\/en\/wp-json\/wp\/v2\/media?parent=10530"}],"wp:term":[{"taxonomy":"product_brand","embeddable":true,"href":"https:\/\/kindart.is\/en\/wp-json\/wp\/v2\/product_brand?post=10530"},{"taxonomy":"product_cat","embeddable":true,"href":"https:\/\/kindart.is\/en\/wp-json\/wp\/v2\/product_cat?post=10530"},{"taxonomy":"product_tag","embeddable":true,"href":"https:\/\/kindart.is\/en\/wp-json\/wp\/v2\/product_tag?post=10530"}],"curies":[{"name":"wp","href":"https:\/\/api.w.org\/{rel}","templated":true}]}}