{"id":10534,"date":"2025-08-20T10:24:55","date_gmt":"2025-08-20T10:24:55","guid":{"rendered":"https:\/\/kindart.is\/?post_type=product&#038;p=10534"},"modified":"2025-08-20T10:24:55","modified_gmt":"2025-08-20T10:24:55","slug":"rauda-bokin-leyniskyrslur-sia","status":"publish","type":"product","link":"https:\/\/kindart.is\/en\/vara\/rauda-bokin-leyniskyrslur-sia\/","title":{"rendered":"Rau\u00f0a b\u00f3kin &#8211; Leynisk\u00fdrslur S\u00cdA"},"content":{"rendered":"<p><strong>Rau\u00f0a b\u00f3kin &#8211; Leynisk\u00fdrslur S\u00cdA<\/strong>. \u00de\u00e6r sem f\u00e9lagsmenn S\u00f3s\u00edalistaf\u00e9lags \u00cdslands austantjalds hafa sent s\u00edn \u00e1 milli \u00e1 undanf\u00f6rnum \u00e1rum og Mbl. birti \u00fe\u00e6r \u00e1 s.l. \u00e1ri. segir \u00ed form\u00e1la, en Einar Olgeirsson kraf\u00f0ist a\u00f0 \u00fe\u00e6r v\u00e6ru brenndar. B\u00f3kin er saumu\u00f0 og l\u00edmd \u00ed kartonk\u00e1pu. St\u00e6r\u00f0: 20.6 X 14 cm og 274 bls.<\/p>\n<p><strong>\u00datg\u00e1fa og prentun<\/strong>: Heimdallur, F.U.S. Reykjav\u00edk 1963. 1. \u00fatg\u00e1fa.<br \/>\nPrentun: V\u00edkingsprent.<\/p>\n","protected":false},"excerpt":{"rendered":"<p>Rau\u00f0a b\u00f3kin &#8211; Leynisk\u00fdrslur S\u00cdA. \u00de\u00e6r sem f\u00e9lagsmenn S\u00f3s\u00edalistaf\u00e9lags \u00cdslands austantjalds hafa sent s\u00edn \u00e1 milli \u00e1 undanf\u00f6rnum \u00e1rum og Mbl. birti \u00fe\u00e6r \u00e1 s.l. \u00e1ri. segir \u00ed form\u00e1la, en Einar Olgeirsson kraf\u00f0ist a\u00f0 \u00fe\u00e6r v\u00e6ru brenndar. B\u00f3kin er saumu\u00f0 og l\u00edmd \u00ed kartonk\u00e1pu. St\u00e6r\u00f0: 20.6 X 14 cm og 274 bls. \u00datg\u00e1fa og prentun: [&hellip;]<\/p>\n","protected":false},"featured_media":10535,"template":"","meta":{"slim_seo":{"title":"Rau\u00f0a b\u00f3kin - Leynisk\u00fdrslur S\u00cdA - KindArt","description":"Rau\u00f0a b\u00f3kin - Leynisk\u00fdrslur S\u00cdA . \u00de\u00e6r sem f\u00e9lagsmenn S\u00f3s\u00edalistaf\u00e9lags \u00cdslands austantjalds hafa sent s\u00edn \u00e1 milli \u00e1 undanf\u00f6rnum \u00e1rum og Mbl. birti \u00fe\u00e6r \u00e1 s.l. \u00e1ri"}},"product_brand":[],"product_cat":[82],"product_tag":[],"class_list":{"0":"post-10534","1":"product","2":"type-product","3":"status-publish","4":"has-post-thumbnail","6":"product_cat-baekur","7":"product_shipping_class-litill","9":"first","10":"instock","11":"purchasable","12":"product-type-simple"},"_links":{"self":[{"href":"https:\/\/kindart.is\/en\/wp-json\/wp\/v2\/product\/10534","targetHints":{"allow":["GET"]}}],"collection":[{"href":"https:\/\/kindart.is\/en\/wp-json\/wp\/v2\/product"}],"about":[{"href":"https:\/\/kindart.is\/en\/wp-json\/wp\/v2\/types\/product"}],"wp:featuredmedia":[{"embeddable":true,"href":"https:\/\/kindart.is\/en\/wp-json\/wp\/v2\/media\/10535"}],"wp:attachment":[{"href":"https:\/\/kindart.is\/en\/wp-json\/wp\/v2\/media?parent=10534"}],"wp:term":[{"taxonomy":"product_brand","embeddable":true,"href":"https:\/\/kindart.is\/en\/wp-json\/wp\/v2\/product_brand?post=10534"},{"taxonomy":"product_cat","embeddable":true,"href":"https:\/\/kindart.is\/en\/wp-json\/wp\/v2\/product_cat?post=10534"},{"taxonomy":"product_tag","embeddable":true,"href":"https:\/\/kindart.is\/en\/wp-json\/wp\/v2\/product_tag?post=10534"}],"curies":[{"name":"wp","href":"https:\/\/api.w.org\/{rel}","templated":true}]}}