{"id":10537,"date":"2025-08-21T12:36:05","date_gmt":"2025-08-21T12:36:05","guid":{"rendered":"https:\/\/kindart.is\/?post_type=product&#038;p=10537"},"modified":"2025-08-21T12:36:06","modified_gmt":"2025-08-21T12:36:06","slug":"sosialistaflokkurinn-stefna-og-starfshaettir","status":"publish","type":"product","link":"https:\/\/kindart.is\/en\/vara\/sosialistaflokkurinn-stefna-og-starfshaettir\/","title":{"rendered":"S\u00f3s\u00edalistaflokkurinn, Stefna og starfsh\u00e6ttir"},"content":{"rendered":"<p><strong>S\u00f3s\u00edalistaflokkurinn, Stefna og starfsh\u00e6ttir<\/strong> eftir Brynj\u00f3lf Bjarnason. Stefnuskr\u00e1 og l\u00f6g. Um stefnu og starfsh\u00e6tti Sameiningarflokks a\u00fe\u00fd\u00f0u &#8211; S\u00f3s\u00edalistaflokksins. B\u00f3kin er saumu\u00f0 og l\u00edmd \u00ed k\u00e1pu og skorin. St\u00e6r\u00f0: 18.5 X 12.6 cm og 64 bls.<\/p>\n<p><strong>\u00datg\u00e1fa og prentun<\/strong>:<br \/>\n\u00datgefandi: S\u00f3s\u00edalistaflokkurinn Reykjav\u00edk 1952.<br \/>\nPrentun: Prentsmi\u00f0ja \u00dej\u00f3\u00f0viljans.<\/p>\n","protected":false},"excerpt":{"rendered":"<p>S\u00f3s\u00edalistaflokkurinn, Stefna og starfsh\u00e6ttir eftir Brynj\u00f3lf Bjarnason. Stefnuskr\u00e1 og l\u00f6g. Um stefnu og starfsh\u00e6tti Sameiningarflokks a\u00fe\u00fd\u00f0u &#8211; S\u00f3s\u00edalistaflokksins. B\u00f3kin er saumu\u00f0 og l\u00edmd \u00ed k\u00e1pu og skorin. St\u00e6r\u00f0: 18.5 X 12.6 cm og 64 bls. \u00datg\u00e1fa og prentun: \u00datgefandi: S\u00f3s\u00edalistaflokkurinn Reykjav\u00edk 1952. Prentun: Prentsmi\u00f0ja \u00dej\u00f3\u00f0viljans.<\/p>\n","protected":false},"featured_media":10538,"template":"","meta":{"slim_seo":{"title":"S\u00f3s\u00edalistaflokkurinn, Stefna og starfsh\u00e6ttir - KindArt","description":"S\u00f3s\u00edalistaflokkurinn, Stefna og starfsh\u00e6ttir eftir Brynj\u00f3lf Bjarnason. Stefnuskr\u00e1 og l\u00f6g. Um stefnu og starfsh\u00e6tti Sameiningarflokks a\u00fe\u00fd\u00f0u - S\u00f3s\u00edalistaflokksins"}},"product_brand":[],"product_cat":[82],"product_tag":[],"class_list":{"0":"post-10537","1":"product","2":"type-product","3":"status-publish","4":"has-post-thumbnail","6":"product_cat-baekur","7":"product_shipping_class-litill","9":"first","10":"instock","11":"purchasable","12":"product-type-simple"},"_links":{"self":[{"href":"https:\/\/kindart.is\/en\/wp-json\/wp\/v2\/product\/10537","targetHints":{"allow":["GET"]}}],"collection":[{"href":"https:\/\/kindart.is\/en\/wp-json\/wp\/v2\/product"}],"about":[{"href":"https:\/\/kindart.is\/en\/wp-json\/wp\/v2\/types\/product"}],"wp:featuredmedia":[{"embeddable":true,"href":"https:\/\/kindart.is\/en\/wp-json\/wp\/v2\/media\/10538"}],"wp:attachment":[{"href":"https:\/\/kindart.is\/en\/wp-json\/wp\/v2\/media?parent=10537"}],"wp:term":[{"taxonomy":"product_brand","embeddable":true,"href":"https:\/\/kindart.is\/en\/wp-json\/wp\/v2\/product_brand?post=10537"},{"taxonomy":"product_cat","embeddable":true,"href":"https:\/\/kindart.is\/en\/wp-json\/wp\/v2\/product_cat?post=10537"},{"taxonomy":"product_tag","embeddable":true,"href":"https:\/\/kindart.is\/en\/wp-json\/wp\/v2\/product_tag?post=10537"}],"curies":[{"name":"wp","href":"https:\/\/api.w.org\/{rel}","templated":true}]}}