{"id":10540,"date":"2025-08-21T12:47:29","date_gmt":"2025-08-21T12:47:29","guid":{"rendered":"https:\/\/kindart.is\/?post_type=product&#038;p=10540"},"modified":"2025-08-21T12:47:29","modified_gmt":"2025-08-21T12:47:29","slug":"undir-veggjum-vedra","status":"publish","type":"product","link":"https:\/\/kindart.is\/en\/vara\/undir-veggjum-vedra\/","title":{"rendered":"Undir veggjum ve\u00f0ra"},"content":{"rendered":"<p><strong>Undir veggjum ve\u00f0ra<\/strong>, lj\u00f3\u00f0ab\u00f3k eftir Baldur Ragnarsson. B\u00f3kin er \u00ed fallegu papp\u00edrsbandi me\u00f0 lj\u00f3sbl\u00e1rri hl\u00edf\u00f0ark\u00e1pu. H\u00fan er \u00ed b\u00f3kaflokki me\u00f0 sama sni\u00f0i, (gullinsni\u00f0) en \u00e1\u00f0ur hafa komi\u00f0 \u00fear \u00fat, b\u00e6kur eftir Dag Sigur\u00f0arson og Gu\u00f0berg Bergsson. B\u00f3kin er unnin \u00ed H\u00f3lab\u00f3kbandinu a\u00f0 fyrirs\u00f6gn Hafsteins Gu\u00f0mundssonar setjara og listamanns.<\/p>\n<p><strong>\u00datg\u00e1fa og prentun<\/strong>:<br \/>\n\u00datgefandi: Heimskringla. Reykjav\u00edk 1962.<br \/>\nPrentun: Prentsmi\u00f0jan H\u00f3lar.<\/p>\n","protected":false},"excerpt":{"rendered":"<p>Undir veggjum ve\u00f0ra, lj\u00f3\u00f0ab\u00f3k eftir Baldur Ragnarsson. B\u00f3kin er \u00ed fallegu papp\u00edrsbandi me\u00f0 lj\u00f3sbl\u00e1rri hl\u00edf\u00f0ark\u00e1pu. H\u00fan er \u00ed b\u00f3kaflokki me\u00f0 sama sni\u00f0i, (gullinsni\u00f0) en \u00e1\u00f0ur hafa komi\u00f0 \u00fear \u00fat, b\u00e6kur eftir Dag Sigur\u00f0arson og Gu\u00f0berg Bergsson. B\u00f3kin er unnin \u00ed H\u00f3lab\u00f3kbandinu a\u00f0 fyrirs\u00f6gn Hafsteins Gu\u00f0mundssonar setjara og listamanns. \u00datg\u00e1fa og prentun: \u00datgefandi: Heimskringla. Reykjav\u00edk 1962. [&hellip;]<\/p>\n","protected":false},"featured_media":10542,"template":"","meta":{"slim_seo":{"title":"Undir veggjum ve\u00f0ra - KindArt","description":"Undir veggjum ve\u00f0ra , lj\u00f3\u00f0ab\u00f3k eftir Baldur Ragnarsson. B\u00f3kin er \u00ed fallegu papp\u00edrsbandi me\u00f0 lj\u00f3sbl\u00e1rri hl\u00edf\u00f0ark\u00e1pu. H\u00fan er \u00ed b\u00f3kaflokki me\u00f0 sama sni\u00f0i, (gullins"}},"product_brand":[],"product_cat":[82],"product_tag":[],"class_list":{"0":"post-10540","1":"product","2":"type-product","3":"status-publish","4":"has-post-thumbnail","6":"product_cat-baekur","7":"product_shipping_class-litill","9":"first","10":"instock","11":"purchasable","12":"product-type-simple"},"_links":{"self":[{"href":"https:\/\/kindart.is\/en\/wp-json\/wp\/v2\/product\/10540","targetHints":{"allow":["GET"]}}],"collection":[{"href":"https:\/\/kindart.is\/en\/wp-json\/wp\/v2\/product"}],"about":[{"href":"https:\/\/kindart.is\/en\/wp-json\/wp\/v2\/types\/product"}],"wp:featuredmedia":[{"embeddable":true,"href":"https:\/\/kindart.is\/en\/wp-json\/wp\/v2\/media\/10542"}],"wp:attachment":[{"href":"https:\/\/kindart.is\/en\/wp-json\/wp\/v2\/media?parent=10540"}],"wp:term":[{"taxonomy":"product_brand","embeddable":true,"href":"https:\/\/kindart.is\/en\/wp-json\/wp\/v2\/product_brand?post=10540"},{"taxonomy":"product_cat","embeddable":true,"href":"https:\/\/kindart.is\/en\/wp-json\/wp\/v2\/product_cat?post=10540"},{"taxonomy":"product_tag","embeddable":true,"href":"https:\/\/kindart.is\/en\/wp-json\/wp\/v2\/product_tag?post=10540"}],"curies":[{"name":"wp","href":"https:\/\/api.w.org\/{rel}","templated":true}]}}