{"id":10544,"date":"2025-08-21T12:52:31","date_gmt":"2025-08-21T12:52:31","guid":{"rendered":"https:\/\/kindart.is\/?post_type=product&#038;p=10544"},"modified":"2025-08-21T12:52:31","modified_gmt":"2025-08-21T12:52:31","slug":"su-kemur-tid","status":"publish","type":"product","link":"https:\/\/kindart.is\/en\/vara\/su-kemur-tid\/","title":{"rendered":"S\u00fa kemur t\u00ed\u00f0"},"content":{"rendered":"<p><strong>S\u00fa kemur t\u00ed\u00f0<\/strong>, Greinar eftir Bjarna Benediktsson fr\u00e1 Hofteigi sem birtust \u00ed \u00dej\u00f3\u00f0viljanum um og eftir 1950, en \u00fear var Bjarni bla\u00f0ama\u00f0ur um margra \u00e1ra skei\u00f0. B\u00f3kin er saumu\u00f0 og l\u00edmd \u00ed kartonk\u00e1pu, \u00f3skorin. St\u00e6r\u00f0:19.5 X 13.3 cm og190 bls.<\/p>\n<p><strong>\u00datg\u00e1fa og prentun<\/strong>:<br \/>\n\u00datgefandi: Skjaldar\u00fatg\u00e1fan Akranesi 1953.<br \/>\nPrentun: Prentverk Akraness.<\/p>\n","protected":false},"excerpt":{"rendered":"<p>S\u00fa kemur t\u00ed\u00f0, Greinar eftir Bjarna Benediktsson fr\u00e1 Hofteigi sem birtust \u00ed \u00dej\u00f3\u00f0viljanum um og eftir 1950, en \u00fear var Bjarni bla\u00f0ama\u00f0ur um margra \u00e1ra skei\u00f0. B\u00f3kin er saumu\u00f0 og l\u00edmd \u00ed kartonk\u00e1pu, \u00f3skorin. St\u00e6r\u00f0:19.5 X 13.3 cm og190 bls. \u00datg\u00e1fa og prentun: \u00datgefandi: Skjaldar\u00fatg\u00e1fan Akranesi 1953. Prentun: Prentverk Akraness.<\/p>\n","protected":false},"featured_media":10546,"template":"","meta":{"slim_seo":{"title":"S\u00fa kemur t\u00ed\u00f0 - KindArt","description":"S\u00fa kemur t\u00ed\u00f0 , Greinar eftir Bjarna Benediktsson fr\u00e1 Hofteigi sem birtust \u00ed \u00dej\u00f3\u00f0viljanum um og eftir 1950, en \u00fear var Bjarni bla\u00f0ama\u00f0ur um margra \u00e1ra skei\u00f0. B\u00f3k"}},"product_brand":[],"product_cat":[82],"product_tag":[],"class_list":{"0":"post-10544","1":"product","2":"type-product","3":"status-publish","4":"has-post-thumbnail","6":"product_cat-baekur","7":"product_shipping_class-litill","9":"first","10":"instock","11":"purchasable","12":"product-type-simple"},"_links":{"self":[{"href":"https:\/\/kindart.is\/en\/wp-json\/wp\/v2\/product\/10544","targetHints":{"allow":["GET"]}}],"collection":[{"href":"https:\/\/kindart.is\/en\/wp-json\/wp\/v2\/product"}],"about":[{"href":"https:\/\/kindart.is\/en\/wp-json\/wp\/v2\/types\/product"}],"wp:featuredmedia":[{"embeddable":true,"href":"https:\/\/kindart.is\/en\/wp-json\/wp\/v2\/media\/10546"}],"wp:attachment":[{"href":"https:\/\/kindart.is\/en\/wp-json\/wp\/v2\/media?parent=10544"}],"wp:term":[{"taxonomy":"product_brand","embeddable":true,"href":"https:\/\/kindart.is\/en\/wp-json\/wp\/v2\/product_brand?post=10544"},{"taxonomy":"product_cat","embeddable":true,"href":"https:\/\/kindart.is\/en\/wp-json\/wp\/v2\/product_cat?post=10544"},{"taxonomy":"product_tag","embeddable":true,"href":"https:\/\/kindart.is\/en\/wp-json\/wp\/v2\/product_tag?post=10544"}],"curies":[{"name":"wp","href":"https:\/\/api.w.org\/{rel}","templated":true}]}}