{"id":10549,"date":"2025-08-21T12:56:37","date_gmt":"2025-08-21T12:56:37","guid":{"rendered":"https:\/\/kindart.is\/?post_type=product&#038;p=10549"},"modified":"2025-08-21T12:56:38","modified_gmt":"2025-08-21T12:56:38","slug":"fra-morgni-til-kvolds","status":"publish","type":"product","link":"https:\/\/kindart.is\/en\/vara\/fra-morgni-til-kvolds\/","title":{"rendered":"Fr\u00e1 morgni til kv\u00f6lds"},"content":{"rendered":"<p><strong>Fr\u00e1 morgni til kv\u00f6lds<\/strong>, lj\u00f3\u00f0 eftir Hannes J\u00f3nasson Siglufir\u00f0i. B\u00f3kin er saumu\u00f0 og l\u00edmd \u00ed kartonk\u00e1pu og hl\u00edf\u00f0ark\u00e1pu. St\u00e6r\u00f0: 21.5 X 14.0 cm og 96 bls. Mynd af h\u00f6fundi gengt titils\u00ed\u00f0u. Gott eintak.<\/p>\n<p><strong>\u00datg\u00e1fa og prentun<\/strong>:<br \/>\n\u00datgefendur: B\u00f6rn h\u00f6fundar, Siglufir\u00f0i 1957.<br \/>\nPrentun: Siglufjar\u00f0arprentsmi\u00f0ja.<\/p>\n","protected":false},"excerpt":{"rendered":"<p>Fr\u00e1 morgni til kv\u00f6lds, lj\u00f3\u00f0 eftir Hannes J\u00f3nasson Siglufir\u00f0i. B\u00f3kin er saumu\u00f0 og l\u00edmd \u00ed kartonk\u00e1pu og hl\u00edf\u00f0ark\u00e1pu. St\u00e6r\u00f0: 21.5 X 14.0 cm og 96 bls. Mynd af h\u00f6fundi gengt titils\u00ed\u00f0u. Gott eintak. \u00datg\u00e1fa og prentun: \u00datgefendur: B\u00f6rn h\u00f6fundar, Siglufir\u00f0i 1957. Prentun: Siglufjar\u00f0arprentsmi\u00f0ja.<\/p>\n","protected":false},"featured_media":10550,"template":"","meta":{"slim_seo":{"title":"Fr\u00e1 morgni til kv\u00f6lds - KindArt","description":"Fr\u00e1 morgni til kv\u00f6lds , lj\u00f3\u00f0 eftir Hannes J\u00f3nasson Siglufir\u00f0i. B\u00f3kin er saumu\u00f0 og l\u00edmd \u00ed kartonk\u00e1pu og hl\u00edf\u00f0ark\u00e1pu. St\u00e6r\u00f0: 21.5 X 14.0 cm og 96 bls. Mynd af h\u00f6f"}},"product_brand":[],"product_cat":[82],"product_tag":[],"class_list":{"0":"post-10549","1":"product","2":"type-product","3":"status-publish","4":"has-post-thumbnail","6":"product_cat-baekur","7":"product_shipping_class-litill","9":"first","10":"instock","11":"purchasable","12":"product-type-simple"},"_links":{"self":[{"href":"https:\/\/kindart.is\/en\/wp-json\/wp\/v2\/product\/10549","targetHints":{"allow":["GET"]}}],"collection":[{"href":"https:\/\/kindart.is\/en\/wp-json\/wp\/v2\/product"}],"about":[{"href":"https:\/\/kindart.is\/en\/wp-json\/wp\/v2\/types\/product"}],"wp:featuredmedia":[{"embeddable":true,"href":"https:\/\/kindart.is\/en\/wp-json\/wp\/v2\/media\/10550"}],"wp:attachment":[{"href":"https:\/\/kindart.is\/en\/wp-json\/wp\/v2\/media?parent=10549"}],"wp:term":[{"taxonomy":"product_brand","embeddable":true,"href":"https:\/\/kindart.is\/en\/wp-json\/wp\/v2\/product_brand?post=10549"},{"taxonomy":"product_cat","embeddable":true,"href":"https:\/\/kindart.is\/en\/wp-json\/wp\/v2\/product_cat?post=10549"},{"taxonomy":"product_tag","embeddable":true,"href":"https:\/\/kindart.is\/en\/wp-json\/wp\/v2\/product_tag?post=10549"}],"curies":[{"name":"wp","href":"https:\/\/api.w.org\/{rel}","templated":true}]}}