{"id":10552,"date":"2025-08-22T15:13:52","date_gmt":"2025-08-22T15:13:52","guid":{"rendered":"https:\/\/kindart.is\/?post_type=product&#038;p=10552"},"modified":"2025-08-22T15:13:52","modified_gmt":"2025-08-22T15:13:52","slug":"skolaraedur-sveinbjarnar-egilssonar","status":"publish","type":"product","link":"https:\/\/kindart.is\/en\/vara\/skolaraedur-sveinbjarnar-egilssonar\/","title":{"rendered":"Sk\u00f3lar\u00e6\u00f0ur Sveinbjarnar Egilssonar"},"content":{"rendered":"<p><strong>Sk\u00f3lar\u00e6\u00f0ur Sveinbjarnar Egilssonar<\/strong>. Haraldur Sigur\u00f0sson s\u00e1 um prentun og ritar eftirm\u00e1la. B\u00f3kin er saumheft \u00ed kartonk\u00e1pu og skorin. St\u00e6r\u00f0: 19 x 13.7 cm og 106 bls.<\/p>\n<p><strong>\u00datg\u00e1fa, prentun<\/strong>:<br \/>\nGjafab\u00f3k Almenna b\u00f3kaf\u00e9lagsins Reykjav\u00edk desember 1968.<\/p>\n<p>Prentun: Prentsm\u00f0ja Hafnarfjar\u00f0ar.<\/p>\n","protected":false},"excerpt":{"rendered":"<p>Sk\u00f3lar\u00e6\u00f0ur Sveinbjarnar Egilssonar. Haraldur Sigur\u00f0sson s\u00e1 um prentun og ritar eftirm\u00e1la. B\u00f3kin er saumheft \u00ed kartonk\u00e1pu og skorin. St\u00e6r\u00f0: 19 x 13.7 cm og 106 bls. \u00datg\u00e1fa, prentun: Gjafab\u00f3k Almenna b\u00f3kaf\u00e9lagsins Reykjav\u00edk desember 1968. Prentun: Prentsm\u00f0ja Hafnarfjar\u00f0ar.<\/p>\n","protected":false},"featured_media":10555,"template":"","meta":{"slim_seo":{"title":"Sk\u00f3lar\u00e6\u00f0ur Sveinbjarnar Egilssonar - KindArt","description":"Sk\u00f3lar\u00e6\u00f0ur Sveinbjarnar Egilssonar . Haraldur Sigur\u00f0sson s\u00e1 um prentun og ritar eftirm\u00e1la. B\u00f3kin er saumheft \u00ed kartonk\u00e1pu og skorin. St\u00e6r\u00f0: 19 x 13.7 cm og 106"}},"product_brand":[],"product_cat":[82],"product_tag":[],"class_list":{"0":"post-10552","1":"product","2":"type-product","3":"status-publish","4":"has-post-thumbnail","6":"product_cat-baekur","7":"product_shipping_class-litill","9":"first","10":"instock","11":"purchasable","12":"product-type-simple"},"_links":{"self":[{"href":"https:\/\/kindart.is\/en\/wp-json\/wp\/v2\/product\/10552","targetHints":{"allow":["GET"]}}],"collection":[{"href":"https:\/\/kindart.is\/en\/wp-json\/wp\/v2\/product"}],"about":[{"href":"https:\/\/kindart.is\/en\/wp-json\/wp\/v2\/types\/product"}],"wp:featuredmedia":[{"embeddable":true,"href":"https:\/\/kindart.is\/en\/wp-json\/wp\/v2\/media\/10555"}],"wp:attachment":[{"href":"https:\/\/kindart.is\/en\/wp-json\/wp\/v2\/media?parent=10552"}],"wp:term":[{"taxonomy":"product_brand","embeddable":true,"href":"https:\/\/kindart.is\/en\/wp-json\/wp\/v2\/product_brand?post=10552"},{"taxonomy":"product_cat","embeddable":true,"href":"https:\/\/kindart.is\/en\/wp-json\/wp\/v2\/product_cat?post=10552"},{"taxonomy":"product_tag","embeddable":true,"href":"https:\/\/kindart.is\/en\/wp-json\/wp\/v2\/product_tag?post=10552"}],"curies":[{"name":"wp","href":"https:\/\/api.w.org\/{rel}","templated":true}]}}