{"id":10557,"date":"2025-08-22T15:22:45","date_gmt":"2025-08-22T15:22:45","guid":{"rendered":"https:\/\/kindart.is\/?post_type=product&#038;p=10557"},"modified":"2025-08-22T15:22:45","modified_gmt":"2025-08-22T15:22:45","slug":"til-kristins-e-andressonar-12-juni-1961","status":"publish","type":"product","link":"https:\/\/kindart.is\/en\/vara\/til-kristins-e-andressonar-12-juni-1961\/","title":{"rendered":"Til Kristins E. Andr\u00e9ssonar, 12.j\u00fan\u00ed 1961"},"content":{"rendered":"<p><strong>Til Kristins E. Andr\u00e9ssonar, 12.j\u00fan\u00ed 1961<\/strong>.<br \/>\nAfm\u00e6lisrit vegna 60 \u00e1ra afm\u00e6lis Kristins (1901-1973). Halld\u00f3r Kiljan Laxness skrifar form\u00e1la. Tabula Gratulatoria. Greinar og lj\u00f3\u00f0 eftir vini Kristins. B\u00f3kin er saumheft \u00ed k\u00e1pu, 14.5 X 22.3 sm. 184 bls.<\/p>\n<p><strong>\u00datg\u00e1fa og prentun<\/strong>:<br \/>\n\u00datg\u00e1fu ekki geti\u00f0. Reykjav\u00edk 1961. Prentsmi\u00f0jan H\u00f3lar.<\/p>\n","protected":false},"excerpt":{"rendered":"<p>Til Kristins E. Andr\u00e9ssonar, 12.j\u00fan\u00ed 1961. Afm\u00e6lisrit vegna 60 \u00e1ra afm\u00e6lis Kristins (1901-1973). Halld\u00f3r Kiljan Laxness skrifar form\u00e1la. Tabula Gratulatoria. Greinar og lj\u00f3\u00f0 eftir vini Kristins. B\u00f3kin er saumheft \u00ed k\u00e1pu, 14.5 X 22.3 sm. 184 bls. \u00datg\u00e1fa og prentun: \u00datg\u00e1fu ekki geti\u00f0. Reykjav\u00edk 1961. Prentsmi\u00f0jan H\u00f3lar.<\/p>\n","protected":false},"featured_media":10559,"template":"","meta":{"slim_seo":{"title":"Til Kristins E. Andr\u00e9ssonar, 12.j\u00fan\u00ed 1961 - KindArt","description":"Til Kristins E. Andr\u00e9ssonar, 12.j\u00fan\u00ed 1961 . Afm\u00e6lisrit vegna 60 \u00e1ra afm\u00e6lis Kristins (1901-1973). Halld\u00f3r Kiljan Laxness skrifar form\u00e1la. Tabula Gratulatoria. G"}},"product_brand":[],"product_cat":[82],"product_tag":[],"class_list":{"0":"post-10557","1":"product","2":"type-product","3":"status-publish","4":"has-post-thumbnail","6":"product_cat-baekur","7":"product_shipping_class-litill","9":"first","10":"instock","11":"purchasable","12":"product-type-simple"},"_links":{"self":[{"href":"https:\/\/kindart.is\/en\/wp-json\/wp\/v2\/product\/10557","targetHints":{"allow":["GET"]}}],"collection":[{"href":"https:\/\/kindart.is\/en\/wp-json\/wp\/v2\/product"}],"about":[{"href":"https:\/\/kindart.is\/en\/wp-json\/wp\/v2\/types\/product"}],"wp:featuredmedia":[{"embeddable":true,"href":"https:\/\/kindart.is\/en\/wp-json\/wp\/v2\/media\/10559"}],"wp:attachment":[{"href":"https:\/\/kindart.is\/en\/wp-json\/wp\/v2\/media?parent=10557"}],"wp:term":[{"taxonomy":"product_brand","embeddable":true,"href":"https:\/\/kindart.is\/en\/wp-json\/wp\/v2\/product_brand?post=10557"},{"taxonomy":"product_cat","embeddable":true,"href":"https:\/\/kindart.is\/en\/wp-json\/wp\/v2\/product_cat?post=10557"},{"taxonomy":"product_tag","embeddable":true,"href":"https:\/\/kindart.is\/en\/wp-json\/wp\/v2\/product_tag?post=10557"}],"curies":[{"name":"wp","href":"https:\/\/api.w.org\/{rel}","templated":true}]}}