{"id":10561,"date":"2025-08-22T15:28:56","date_gmt":"2025-08-22T15:28:56","guid":{"rendered":"https:\/\/kindart.is\/?post_type=product&#038;p=10561"},"modified":"2025-10-03T14:20:18","modified_gmt":"2025-10-03T14:20:18","slug":"sagnathaettir-ii","status":"publish","type":"product","link":"https:\/\/kindart.is\/en\/vara\/sagnathaettir-ii\/","title":{"rendered":"Sagna\u00fe\u00e6ttir II"},"content":{"rendered":"<p><strong>Sagna\u00fe\u00e6ttir II<\/strong>. Safna\u00f0 hefur Sk\u00fali Helgason. B\u00f3kin er saumheft og sett \u00ed kartonk\u00e1pu, \u00f3skorin. B\u00f3kin er me\u00f0 teikna\u00f0ri mynd af Sk\u00fala framan \u00e1 hl\u00edf\u00f0ark\u00e1pu. Efnisyfirlit aftast.<br \/>\nStart: 21.5 x 14 cm og 155 bls..<\/p>\n<p><strong>\u00datg\u00e1fa og prentun<\/strong>:<br \/>\n\u00datgefandi: Prentsmi\u00f0ja Su\u00f0urlands.<br \/>\nPrentun: Prentsmi\u00f0ja Su\u00f0urlands.<\/p>\n","protected":false},"excerpt":{"rendered":"<p>Sagna\u00fe\u00e6ttir II. Safna\u00f0 hefur Sk\u00fali Helgason. B\u00f3kin er saumheft og sett \u00ed kartonk\u00e1pu, \u00f3skorin. B\u00f3kin er me\u00f0 teikna\u00f0ri mynd af Sk\u00fala framan \u00e1 hl\u00edf\u00f0ark\u00e1pu. Efnisyfirlit aftast. Start: 21.5 x 14 cm og 155 bls.. \u00datg\u00e1fa og prentun: \u00datgefandi: Prentsmi\u00f0ja Su\u00f0urlands. Prentun: Prentsmi\u00f0ja Su\u00f0urlands.<\/p>\n","protected":false},"featured_media":10562,"template":"","meta":{"slim_seo":{"title":"Sagna\u00fe\u00e6ttir II - KindArt","description":"Sagna\u00fe\u00e6ttir II . Safna\u00f0 hefur Sk\u00fali Helgason. B\u00f3kin er saumheft og sett \u00ed kartonk\u00e1pu, \u00f3skorin. B\u00f3kin er me\u00f0 teikna\u00f0ri mynd af Sk\u00fala framan \u00e1 hl\u00edf\u00f0ark\u00e1pu. Efnisy"}},"product_brand":[],"product_cat":[82],"product_tag":[],"class_list":{"0":"post-10561","1":"product","2":"type-product","3":"status-publish","4":"has-post-thumbnail","6":"product_cat-baekur","7":"product_shipping_class-litill","9":"first","10":"outofstock","11":"purchasable","12":"product-type-simple"},"_links":{"self":[{"href":"https:\/\/kindart.is\/en\/wp-json\/wp\/v2\/product\/10561","targetHints":{"allow":["GET"]}}],"collection":[{"href":"https:\/\/kindart.is\/en\/wp-json\/wp\/v2\/product"}],"about":[{"href":"https:\/\/kindart.is\/en\/wp-json\/wp\/v2\/types\/product"}],"wp:featuredmedia":[{"embeddable":true,"href":"https:\/\/kindart.is\/en\/wp-json\/wp\/v2\/media\/10562"}],"wp:attachment":[{"href":"https:\/\/kindart.is\/en\/wp-json\/wp\/v2\/media?parent=10561"}],"wp:term":[{"taxonomy":"product_brand","embeddable":true,"href":"https:\/\/kindart.is\/en\/wp-json\/wp\/v2\/product_brand?post=10561"},{"taxonomy":"product_cat","embeddable":true,"href":"https:\/\/kindart.is\/en\/wp-json\/wp\/v2\/product_cat?post=10561"},{"taxonomy":"product_tag","embeddable":true,"href":"https:\/\/kindart.is\/en\/wp-json\/wp\/v2\/product_tag?post=10561"}],"curies":[{"name":"wp","href":"https:\/\/api.w.org\/{rel}","templated":true}]}}