{"id":10564,"date":"2025-08-22T15:32:58","date_gmt":"2025-08-22T15:32:58","guid":{"rendered":"https:\/\/kindart.is\/?post_type=product&#038;p=10564"},"modified":"2025-08-22T15:32:58","modified_gmt":"2025-08-22T15:32:58","slug":"alexanderssaga","status":"publish","type":"product","link":"https:\/\/kindart.is\/en\/vara\/alexanderssaga\/","title":{"rendered":"Alexanderssaga"},"content":{"rendered":"<p><strong>Alexanderssaga<\/strong>, \u00fea\u00f0 er Alexanders saga mikla, eftir hinu forna kv\u00e6\u00f0i meistara Philippi Galteri Castellion\u00e6i, sem Brandur J\u00f3nsson \u00e1b\u00f3ti sn\u00e9ri \u00e1 danska tungu, \u00fe.e. \u00edslensku, \u00e1 13. \u00f6ld.<\/p>\n<p><strong>\u00datg\u00e1fa, prentun<\/strong>:<br \/>\nHeimskringla, 1945, \u00datgefin a\u00f0 frumkv\u00e6\u00f0i Halld\u00f3rs Kiljans Laxness.<br \/>\nPrentun: Prentsmi\u00f0jan H\u00f3lar.<\/p>\n","protected":false},"excerpt":{"rendered":"<p>Alexanderssaga, \u00fea\u00f0 er Alexanders saga mikla, eftir hinu forna kv\u00e6\u00f0i meistara Philippi Galteri Castellion\u00e6i, sem Brandur J\u00f3nsson \u00e1b\u00f3ti sn\u00e9ri \u00e1 danska tungu, \u00fe.e. \u00edslensku, \u00e1 13. \u00f6ld. \u00datg\u00e1fa, prentun: Heimskringla, 1945, \u00datgefin a\u00f0 frumkv\u00e6\u00f0i Halld\u00f3rs Kiljans Laxness. Prentun: Prentsmi\u00f0jan H\u00f3lar.<\/p>\n","protected":false},"featured_media":10565,"template":"","meta":{"slim_seo":{"title":"Alexanderssaga - KindArt","description":"Alexanderssaga , \u00fea\u00f0 er Alexanders saga mikla, eftir hinu forna kv\u00e6\u00f0i meistara Philippi Galteri Castellion\u00e6i, sem Brandur J\u00f3nsson \u00e1b\u00f3ti sn\u00e9ri \u00e1 danska tungu, \u00fe."}},"product_brand":[],"product_cat":[82],"product_tag":[],"class_list":{"0":"post-10564","1":"product","2":"type-product","3":"status-publish","4":"has-post-thumbnail","6":"product_cat-baekur","7":"product_shipping_class-litill","9":"first","10":"instock","11":"purchasable","12":"product-type-simple"},"_links":{"self":[{"href":"https:\/\/kindart.is\/en\/wp-json\/wp\/v2\/product\/10564","targetHints":{"allow":["GET"]}}],"collection":[{"href":"https:\/\/kindart.is\/en\/wp-json\/wp\/v2\/product"}],"about":[{"href":"https:\/\/kindart.is\/en\/wp-json\/wp\/v2\/types\/product"}],"wp:featuredmedia":[{"embeddable":true,"href":"https:\/\/kindart.is\/en\/wp-json\/wp\/v2\/media\/10565"}],"wp:attachment":[{"href":"https:\/\/kindart.is\/en\/wp-json\/wp\/v2\/media?parent=10564"}],"wp:term":[{"taxonomy":"product_brand","embeddable":true,"href":"https:\/\/kindart.is\/en\/wp-json\/wp\/v2\/product_brand?post=10564"},{"taxonomy":"product_cat","embeddable":true,"href":"https:\/\/kindart.is\/en\/wp-json\/wp\/v2\/product_cat?post=10564"},{"taxonomy":"product_tag","embeddable":true,"href":"https:\/\/kindart.is\/en\/wp-json\/wp\/v2\/product_tag?post=10564"}],"curies":[{"name":"wp","href":"https:\/\/api.w.org\/{rel}","templated":true}]}}