{"id":10567,"date":"2025-08-23T15:07:31","date_gmt":"2025-08-23T15:07:31","guid":{"rendered":"https:\/\/kindart.is\/?post_type=product&#038;p=10567"},"modified":"2025-08-23T16:40:28","modified_gmt":"2025-08-23T16:40:28","slug":"arnulf-overland","status":"publish","type":"product","link":"https:\/\/kindart.is\/en\/vara\/arnulf-overland\/","title":{"rendered":"Arnulf \u00d8verland"},"content":{"rendered":"<p><strong>Arnulf \u00d8verland<\/strong> eftir Otto Gelsted. B\u00f3kin fjallar um l\u00edf Arnulfs \u00d8verlands og er skipt ni\u00f0ur \u00ed t\u00edu kafla:<br \/>\nEFNI: Kunst og krig &#8211; Arnulf \u00d8verland fort\u00e6ller om sin barndom og ungdom &#8211; Biografiske glimt &#8211; Den ensomme fest &#8211; \u00d8verland gaar ud i striden &#8211; Fra individet til samfundet &#8211; \u00d8verland som polemiker &#8211; Vi overlever alt &#8211; Slutning.<\/p>\n<p><strong>\u00datg\u00e1fa, prentun<\/strong>:<br \/>\n\u00datgefandi: Athen\u00e6um K\u00f8benhavn 1946.<br \/>\nPrentun: Prentsmi\u00f0ju ekki geti\u00f0.<\/p>\n","protected":false},"excerpt":{"rendered":"<p>Arnulf \u00d8verland eftir Otto Gelsted. B\u00f3kin fjallar um l\u00edf Arnulfs \u00d8verlands og er skipt ni\u00f0ur \u00ed t\u00edu kafla: EFNI: Kunst og krig &#8211; Arnulf \u00d8verland fort\u00e6ller om sin barndom og ungdom &#8211; Biografiske glimt &#8211; Den ensomme fest &#8211; \u00d8verland gaar ud i striden &#8211; Fra individet til samfundet &#8211; \u00d8verland som polemiker &#8211; Vi [&hellip;]<\/p>\n","protected":false},"featured_media":10568,"template":"","meta":{"slim_seo":{"title":"Arnulf \u00d8verland - KindArt","description":"Arnulf \u00d8verland eftir Otto Gelsted. B\u00f3kin fjallar um l\u00edf Arnulfs \u00d8verlands og er skipt ni\u00f0ur \u00ed t\u00edu kafla: EFNI: Kunst og krig - Arnulf \u00d8verland fort\u00e6ller om sin"}},"product_brand":[],"product_cat":[82],"product_tag":[],"class_list":{"0":"post-10567","1":"product","2":"type-product","3":"status-publish","4":"has-post-thumbnail","6":"product_cat-baekur","7":"product_shipping_class-litill","9":"first","10":"instock","11":"purchasable","12":"product-type-simple"},"_links":{"self":[{"href":"https:\/\/kindart.is\/en\/wp-json\/wp\/v2\/product\/10567","targetHints":{"allow":["GET"]}}],"collection":[{"href":"https:\/\/kindart.is\/en\/wp-json\/wp\/v2\/product"}],"about":[{"href":"https:\/\/kindart.is\/en\/wp-json\/wp\/v2\/types\/product"}],"wp:featuredmedia":[{"embeddable":true,"href":"https:\/\/kindart.is\/en\/wp-json\/wp\/v2\/media\/10568"}],"wp:attachment":[{"href":"https:\/\/kindart.is\/en\/wp-json\/wp\/v2\/media?parent=10567"}],"wp:term":[{"taxonomy":"product_brand","embeddable":true,"href":"https:\/\/kindart.is\/en\/wp-json\/wp\/v2\/product_brand?post=10567"},{"taxonomy":"product_cat","embeddable":true,"href":"https:\/\/kindart.is\/en\/wp-json\/wp\/v2\/product_cat?post=10567"},{"taxonomy":"product_tag","embeddable":true,"href":"https:\/\/kindart.is\/en\/wp-json\/wp\/v2\/product_tag?post=10567"}],"curies":[{"name":"wp","href":"https:\/\/api.w.org\/{rel}","templated":true}]}}