{"id":10570,"date":"2025-08-23T15:12:50","date_gmt":"2025-08-23T15:12:50","guid":{"rendered":"https:\/\/kindart.is\/?post_type=product&#038;p=10570"},"modified":"2025-08-23T15:12:50","modified_gmt":"2025-08-23T15:12:50","slug":"leikinn-glaepamadur","status":"publish","type":"product","link":"https:\/\/kindart.is\/en\/vara\/leikinn-glaepamadur\/","title":{"rendered":"Leikinn gl\u00e6pama\u00f0ur"},"content":{"rendered":"<p><strong>Leikinn gl\u00e6pama\u00f0ur<\/strong> eftir Rodrigues Ottolengui. S\u00ed\u00f0ari hluti. Valdimar Holm Hallsta\u00f0 \u00fe\u00fdddi. Gl\u00e6fraleg og \u00e6sileg \u00e6vint\u00fdrasaga. B\u00f3kin er saumheft og l\u00edmd \u00ed kartonk\u00e1pu. St\u00e6r\u00f0: 21.5 x 14.7 cm og 328 bls.<\/p>\n<p><strong>\u00datg\u00e1fa, prentun<\/strong>:<br \/>\n\u00datgefandi: Hjarta\u00e1s\u00fatg\u00e1fan XX. Akureyri 1947.<br \/>\nPrentun: Prentverk Odds Bj\u00f6rnssonar.<\/p>\n","protected":false},"excerpt":{"rendered":"<p>Leikinn gl\u00e6pama\u00f0ur eftir Rodrigues Ottolengui. S\u00ed\u00f0ari hluti. Valdimar Holm Hallsta\u00f0 \u00fe\u00fdddi. Gl\u00e6fraleg og \u00e6sileg \u00e6vint\u00fdrasaga. B\u00f3kin er saumheft og l\u00edmd \u00ed kartonk\u00e1pu. St\u00e6r\u00f0: 21.5 x 14.7 cm og 328 bls. \u00datg\u00e1fa, prentun: \u00datgefandi: Hjarta\u00e1s\u00fatg\u00e1fan XX. Akureyri 1947. Prentun: Prentverk Odds Bj\u00f6rnssonar.<\/p>\n","protected":false},"featured_media":10571,"template":"","meta":{"slim_seo":{"title":"Leikinn gl\u00e6pama\u00f0ur - KindArt","description":"Leikinn gl\u00e6pama\u00f0ur eftir Rodrigues Ottolengui. S\u00ed\u00f0ari hluti. Valdimar Holm Hallsta\u00f0 \u00fe\u00fdddi. Gl\u00e6fraleg og \u00e6sileg \u00e6vint\u00fdrasaga. B\u00f3kin er saumheft og l\u00edmd \u00ed kartonk"}},"product_brand":[],"product_cat":[82],"product_tag":[],"class_list":{"0":"post-10570","1":"product","2":"type-product","3":"status-publish","4":"has-post-thumbnail","6":"product_cat-baekur","7":"product_shipping_class-litill","9":"first","10":"instock","11":"purchasable","12":"product-type-simple"},"_links":{"self":[{"href":"https:\/\/kindart.is\/en\/wp-json\/wp\/v2\/product\/10570","targetHints":{"allow":["GET"]}}],"collection":[{"href":"https:\/\/kindart.is\/en\/wp-json\/wp\/v2\/product"}],"about":[{"href":"https:\/\/kindart.is\/en\/wp-json\/wp\/v2\/types\/product"}],"wp:featuredmedia":[{"embeddable":true,"href":"https:\/\/kindart.is\/en\/wp-json\/wp\/v2\/media\/10571"}],"wp:attachment":[{"href":"https:\/\/kindart.is\/en\/wp-json\/wp\/v2\/media?parent=10570"}],"wp:term":[{"taxonomy":"product_brand","embeddable":true,"href":"https:\/\/kindart.is\/en\/wp-json\/wp\/v2\/product_brand?post=10570"},{"taxonomy":"product_cat","embeddable":true,"href":"https:\/\/kindart.is\/en\/wp-json\/wp\/v2\/product_cat?post=10570"},{"taxonomy":"product_tag","embeddable":true,"href":"https:\/\/kindart.is\/en\/wp-json\/wp\/v2\/product_tag?post=10570"}],"curies":[{"name":"wp","href":"https:\/\/api.w.org\/{rel}","templated":true}]}}