{"id":10574,"date":"2025-08-23T15:17:30","date_gmt":"2025-08-23T15:17:30","guid":{"rendered":"https:\/\/kindart.is\/?post_type=product&#038;p=10574"},"modified":"2025-08-23T15:17:31","modified_gmt":"2025-08-23T15:17:31","slug":"himmerlands-historier","status":"publish","type":"product","link":"https:\/\/kindart.is\/en\/vara\/himmerlands-historier\/","title":{"rendered":"Himmerlands historier"},"content":{"rendered":"<p><strong>Himmerlands historier<\/strong> eftir Johannes V. Jensen &#8211; F\u00f8rste bind. Sj\u00f6unda upplag en \u00ed allt hefur veri\u00f0 prenta\u00f0 30,.250 eint\u00f6k af verkinu. B\u00f3kin er saumheft og l\u00edmd \u00ed kartonk\u00e1pu me\u00f0 hl\u00edf\u00f0ark\u00e1pu utan um. St\u00e6r\u00f0: 21 x 15 cm og<\/p>\n<p><strong>\u00datg\u00e1fa, prentun<\/strong>:<br \/>\nGyldendalske boghandel, Nordisk forlag K\u00f8benhavn 1933.<br \/>\nPrentun: Gyldendals forlagstrykkeri.<\/p>\n","protected":false},"excerpt":{"rendered":"<p>Himmerlands historier eftir Johannes V. Jensen &#8211; F\u00f8rste bind. Sj\u00f6unda upplag en \u00ed allt hefur veri\u00f0 prenta\u00f0 30,.250 eint\u00f6k af verkinu. B\u00f3kin er saumheft og l\u00edmd \u00ed kartonk\u00e1pu me\u00f0 hl\u00edf\u00f0ark\u00e1pu utan um. St\u00e6r\u00f0: 21 x 15 cm og \u00datg\u00e1fa, prentun: Gyldendalske boghandel, Nordisk forlag K\u00f8benhavn 1933. Prentun: Gyldendals forlagstrykkeri.<\/p>\n","protected":false},"featured_media":10575,"template":"","meta":{"slim_seo":{"title":"Himmerlands historier - KindArt","description":"Himmerlands historier eftir Johannes V. Jensen - F\u00f8rste bind. Sj\u00f6unda upplag en \u00ed allt hefur veri\u00f0 prenta\u00f0 30,.250 eint\u00f6k af verkinu. B\u00f3kin er saumheft og l\u00edmd"}},"product_brand":[],"product_cat":[82],"product_tag":[],"class_list":{"0":"post-10574","1":"product","2":"type-product","3":"status-publish","4":"has-post-thumbnail","6":"product_cat-baekur","7":"product_shipping_class-litill","9":"first","10":"instock","11":"purchasable","12":"product-type-simple"},"_links":{"self":[{"href":"https:\/\/kindart.is\/en\/wp-json\/wp\/v2\/product\/10574","targetHints":{"allow":["GET"]}}],"collection":[{"href":"https:\/\/kindart.is\/en\/wp-json\/wp\/v2\/product"}],"about":[{"href":"https:\/\/kindart.is\/en\/wp-json\/wp\/v2\/types\/product"}],"wp:featuredmedia":[{"embeddable":true,"href":"https:\/\/kindart.is\/en\/wp-json\/wp\/v2\/media\/10575"}],"wp:attachment":[{"href":"https:\/\/kindart.is\/en\/wp-json\/wp\/v2\/media?parent=10574"}],"wp:term":[{"taxonomy":"product_brand","embeddable":true,"href":"https:\/\/kindart.is\/en\/wp-json\/wp\/v2\/product_brand?post=10574"},{"taxonomy":"product_cat","embeddable":true,"href":"https:\/\/kindart.is\/en\/wp-json\/wp\/v2\/product_cat?post=10574"},{"taxonomy":"product_tag","embeddable":true,"href":"https:\/\/kindart.is\/en\/wp-json\/wp\/v2\/product_tag?post=10574"}],"curies":[{"name":"wp","href":"https:\/\/api.w.org\/{rel}","templated":true}]}}