{"id":10577,"date":"2025-08-23T15:29:40","date_gmt":"2025-08-23T15:29:40","guid":{"rendered":"https:\/\/kindart.is\/?post_type=product&#038;p=10577"},"modified":"2025-08-23T15:29:41","modified_gmt":"2025-08-23T15:29:41","slug":"afmaelisrit-hlifar-40-ara","status":"publish","type":"product","link":"https:\/\/kindart.is\/en\/vara\/afmaelisrit-hlifar-40-ara\/","title":{"rendered":"Afm\u00e6lisrit Hl\u00edfar 40 \u00e1ra"},"content":{"rendered":"<p><strong>Afm\u00e6lisrit Hl\u00edfar 40 \u00e1ra<\/strong>. Verkamannaf\u00e9lagi\u00f0 Hl\u00edf 40 \u00e1ra 1907-1947. \u00c1ritu\u00f0 til J. \u00fa. K. sem \u00e1 lj\u00f3\u00f0 \u00ed b\u00f3kinni. Gils Gu\u00f0mundsson skr\u00e1\u00f0i. H\u00e9r er \u00edtarlega sagt fr\u00e1 bar\u00e1ttu f\u00e9lagsins \u00feegar atvinnurekendum var v\u00edsa\u00f0 \u00far f\u00e9laginu og verkal\u00fd\u00f0sst\u00e9ttin sameina\u00f0ist \u00ed einum flokki, Sameiningarflokki al\u00fe\u00fd\u00f0u S\u00f3s\u00edalistaflokknum. B\u00f3kin er saumheft \u00ed kartonk\u00e1pu og \u00f3skorin.. St\u00e6r\u00f0: 22.3 x 14.2 cm og 194 bls. og 20 bls augl\u00fdsingar.<\/p>\n<p><strong>\u00datg\u00e1fa og prentun<\/strong>:<br \/>\n\u00datgefandi: Verkamannaf\u00e9lagi\u00f0 Hl\u00edf, Hafnarfir\u00f0i. 1947.<br \/>\nPrentun: Borgarprent.<\/p>\n","protected":false},"excerpt":{"rendered":"<p>Afm\u00e6lisrit Hl\u00edfar 40 \u00e1ra. Verkamannaf\u00e9lagi\u00f0 Hl\u00edf 40 \u00e1ra 1907-1947. \u00c1ritu\u00f0 til J. \u00fa. K. sem \u00e1 lj\u00f3\u00f0 \u00ed b\u00f3kinni. Gils Gu\u00f0mundsson skr\u00e1\u00f0i. H\u00e9r er \u00edtarlega sagt fr\u00e1 bar\u00e1ttu f\u00e9lagsins \u00feegar atvinnurekendum var v\u00edsa\u00f0 \u00far f\u00e9laginu og verkal\u00fd\u00f0sst\u00e9ttin sameina\u00f0ist \u00ed einum flokki, Sameiningarflokki al\u00fe\u00fd\u00f0u S\u00f3s\u00edalistaflokknum. B\u00f3kin er saumheft \u00ed kartonk\u00e1pu og \u00f3skorin.. St\u00e6r\u00f0: 22.3 x 14.2 [&hellip;]<\/p>\n","protected":false},"featured_media":10579,"template":"","meta":{"slim_seo":{"title":"Afm\u00e6lisrit Hl\u00edfar 40 \u00e1ra - KindArt","description":"Afm\u00e6lisrit Hl\u00edfar 40 \u00e1ra . Verkamannaf\u00e9lagi\u00f0 Hl\u00edf 40 \u00e1ra 1907-1947. \u00c1ritu\u00f0 til J. \u00fa. K. sem \u00e1 lj\u00f3\u00f0 \u00ed b\u00f3kinni. Gils Gu\u00f0mundsson skr\u00e1\u00f0i. H\u00e9r er \u00edtarlega sagt fr\u00e1"}},"product_brand":[],"product_cat":[82],"product_tag":[],"class_list":{"0":"post-10577","1":"product","2":"type-product","3":"status-publish","4":"has-post-thumbnail","6":"product_cat-baekur","7":"product_shipping_class-litill","9":"first","10":"instock","11":"purchasable","12":"product-type-simple"},"_links":{"self":[{"href":"https:\/\/kindart.is\/en\/wp-json\/wp\/v2\/product\/10577","targetHints":{"allow":["GET"]}}],"collection":[{"href":"https:\/\/kindart.is\/en\/wp-json\/wp\/v2\/product"}],"about":[{"href":"https:\/\/kindart.is\/en\/wp-json\/wp\/v2\/types\/product"}],"wp:featuredmedia":[{"embeddable":true,"href":"https:\/\/kindart.is\/en\/wp-json\/wp\/v2\/media\/10579"}],"wp:attachment":[{"href":"https:\/\/kindart.is\/en\/wp-json\/wp\/v2\/media?parent=10577"}],"wp:term":[{"taxonomy":"product_brand","embeddable":true,"href":"https:\/\/kindart.is\/en\/wp-json\/wp\/v2\/product_brand?post=10577"},{"taxonomy":"product_cat","embeddable":true,"href":"https:\/\/kindart.is\/en\/wp-json\/wp\/v2\/product_cat?post=10577"},{"taxonomy":"product_tag","embeddable":true,"href":"https:\/\/kindart.is\/en\/wp-json\/wp\/v2\/product_tag?post=10577"}],"curies":[{"name":"wp","href":"https:\/\/api.w.org\/{rel}","templated":true}]}}