{"id":10582,"date":"2025-08-24T13:39:26","date_gmt":"2025-08-24T13:39:26","guid":{"rendered":"https:\/\/kindart.is\/?post_type=product&#038;p=10582"},"modified":"2025-08-24T13:39:27","modified_gmt":"2025-08-24T13:39:27","slug":"sopdyngja","status":"publish","type":"product","link":"https:\/\/kindart.is\/en\/vara\/sopdyngja\/","title":{"rendered":"S\u00f3pdyngja"},"content":{"rendered":"<p><strong>S\u00f3pdyngja<\/strong>, \u00fej\u00f3\u00f0s\u00f6gur, al\u00fe\u00fd\u00f0legur fr\u00f3\u00f0leikur og skemmtan. Safna\u00f0 hafa br\u00e6\u00f0urnir J\u00f3hann Sveinson og Bragi Sveinsson fr\u00e1 Fl\u00f6gu, \u00e1ritun til J\u00f3hannesar \u00far K\u00f6tlum fr\u00e1 J\u00f3hanni. Fremst \u00ed b\u00f3kinni er \u00e6viminning um Braga Sveinsson \u00e6ttfr\u00e6\u00f0ing eftir M\u00f6rtu Valger\u00f0i J\u00f3nsd\u00f3ttur, sem f\u00f3rst \u00ed vinnuslysi vi\u00f0 \u00dej\u00f3rs\u00e1rbr\u00fa 5. \u00e1g.1949. B\u00f3kin er saumheft og l\u00edmd \u00ed kartonk\u00e1pu. St\u00e6r\u00f0: 20 x 12.3 cm og 186 bls.<\/p>\n<p><strong>\u00datg\u00e1fa, prentun<\/strong>:<br \/>\n\u00datgefandi: Helgafell Reykjav\u00edk 1951.<br \/>\nPrentun: V\u00edkingsprent.<\/p>\n","protected":false},"excerpt":{"rendered":"<p>S\u00f3pdyngja, \u00fej\u00f3\u00f0s\u00f6gur, al\u00fe\u00fd\u00f0legur fr\u00f3\u00f0leikur og skemmtan. Safna\u00f0 hafa br\u00e6\u00f0urnir J\u00f3hann Sveinson og Bragi Sveinsson fr\u00e1 Fl\u00f6gu, \u00e1ritun til J\u00f3hannesar \u00far K\u00f6tlum fr\u00e1 J\u00f3hanni. Fremst \u00ed b\u00f3kinni er \u00e6viminning um Braga Sveinsson \u00e6ttfr\u00e6\u00f0ing eftir M\u00f6rtu Valger\u00f0i J\u00f3nsd\u00f3ttur, sem f\u00f3rst \u00ed vinnuslysi vi\u00f0 \u00dej\u00f3rs\u00e1rbr\u00fa 5. \u00e1g.1949. B\u00f3kin er saumheft og l\u00edmd \u00ed kartonk\u00e1pu. St\u00e6r\u00f0: 20 x 12.3 [&hellip;]<\/p>\n","protected":false},"featured_media":10583,"template":"","meta":{"slim_seo":{"title":"S\u00f3pdyngja - KindArt","description":"S\u00f3pdyngja , \u00fej\u00f3\u00f0s\u00f6gur, al\u00fe\u00fd\u00f0legur fr\u00f3\u00f0leikur og skemmtan. Safna\u00f0 hafa br\u00e6\u00f0urnir J\u00f3hann Sveinson og Bragi Sveinsson fr\u00e1 Fl\u00f6gu, \u00e1ritun til J\u00f3hannesar \u00far K\u00f6tlum fr"}},"product_brand":[],"product_cat":[82],"product_tag":[],"class_list":{"0":"post-10582","1":"product","2":"type-product","3":"status-publish","4":"has-post-thumbnail","6":"product_cat-baekur","7":"product_shipping_class-litill","9":"first","10":"instock","11":"purchasable","12":"product-type-simple"},"_links":{"self":[{"href":"https:\/\/kindart.is\/en\/wp-json\/wp\/v2\/product\/10582","targetHints":{"allow":["GET"]}}],"collection":[{"href":"https:\/\/kindart.is\/en\/wp-json\/wp\/v2\/product"}],"about":[{"href":"https:\/\/kindart.is\/en\/wp-json\/wp\/v2\/types\/product"}],"wp:featuredmedia":[{"embeddable":true,"href":"https:\/\/kindart.is\/en\/wp-json\/wp\/v2\/media\/10583"}],"wp:attachment":[{"href":"https:\/\/kindart.is\/en\/wp-json\/wp\/v2\/media?parent=10582"}],"wp:term":[{"taxonomy":"product_brand","embeddable":true,"href":"https:\/\/kindart.is\/en\/wp-json\/wp\/v2\/product_brand?post=10582"},{"taxonomy":"product_cat","embeddable":true,"href":"https:\/\/kindart.is\/en\/wp-json\/wp\/v2\/product_cat?post=10582"},{"taxonomy":"product_tag","embeddable":true,"href":"https:\/\/kindart.is\/en\/wp-json\/wp\/v2\/product_tag?post=10582"}],"curies":[{"name":"wp","href":"https:\/\/api.w.org\/{rel}","templated":true}]}}