{"id":10586,"date":"2025-08-24T13:48:40","date_gmt":"2025-08-24T13:48:40","guid":{"rendered":"https:\/\/kindart.is\/?post_type=product&#038;p=10586"},"modified":"2025-08-24T13:48:41","modified_gmt":"2025-08-24T13:48:41","slug":"sandur","status":"publish","type":"product","link":"https:\/\/kindart.is\/en\/vara\/sandur\/","title":{"rendered":"Sandur"},"content":{"rendered":"<p><strong>Sandur<\/strong>. Sk\u00e1ldsaga. H\u00f6fundur: Gu\u00f0mundur Dan\u00edelsson fr\u00e1 Guttormshaga. B\u00f3kin er saumheft og sett \u00ed k\u00e1pu, en \u00f3skorin. St\u00e6r\u00f0: 19.5 x 13.3 cm og 260 bls.<\/p>\n<p><strong>\u00datg\u00e1fa, prentun<\/strong>:<br \/>\n\u00datgefandi: \u00deorsteinn M. J\u00f3nsson Akureyri 1942.<br \/>\nPrentun: Prentverk Odds Bj\u00f6rnssonar Akureyri.<\/p>\n","protected":false},"excerpt":{"rendered":"<p>Sandur. Sk\u00e1ldsaga. H\u00f6fundur: Gu\u00f0mundur Dan\u00edelsson fr\u00e1 Guttormshaga. B\u00f3kin er saumheft og sett \u00ed k\u00e1pu, en \u00f3skorin. St\u00e6r\u00f0: 19.5 x 13.3 cm og 260 bls. \u00datg\u00e1fa, prentun: \u00datgefandi: \u00deorsteinn M. J\u00f3nsson Akureyri 1942. Prentun: Prentverk Odds Bj\u00f6rnssonar Akureyri.<\/p>\n","protected":false},"featured_media":10587,"template":"","meta":{"slim_seo":{"title":"Sandur - KindArt","description":"Sandur . Sk\u00e1ldsaga. H\u00f6fundur: Gu\u00f0mundur Dan\u00edelsson fr\u00e1 Guttormshaga. B\u00f3kin er saumheft og sett \u00ed k\u00e1pu, en \u00f3skorin. St\u00e6r\u00f0: 19.5 x 13.3 cm og 260 bls. \u00datg\u00e1fa, pre"}},"product_brand":[],"product_cat":[82],"product_tag":[],"class_list":{"0":"post-10586","1":"product","2":"type-product","3":"status-publish","4":"has-post-thumbnail","6":"product_cat-baekur","7":"product_shipping_class-litill","9":"first","10":"instock","11":"purchasable","12":"product-type-simple"},"_links":{"self":[{"href":"https:\/\/kindart.is\/en\/wp-json\/wp\/v2\/product\/10586","targetHints":{"allow":["GET"]}}],"collection":[{"href":"https:\/\/kindart.is\/en\/wp-json\/wp\/v2\/product"}],"about":[{"href":"https:\/\/kindart.is\/en\/wp-json\/wp\/v2\/types\/product"}],"wp:featuredmedia":[{"embeddable":true,"href":"https:\/\/kindart.is\/en\/wp-json\/wp\/v2\/media\/10587"}],"wp:attachment":[{"href":"https:\/\/kindart.is\/en\/wp-json\/wp\/v2\/media?parent=10586"}],"wp:term":[{"taxonomy":"product_brand","embeddable":true,"href":"https:\/\/kindart.is\/en\/wp-json\/wp\/v2\/product_brand?post=10586"},{"taxonomy":"product_cat","embeddable":true,"href":"https:\/\/kindart.is\/en\/wp-json\/wp\/v2\/product_cat?post=10586"},{"taxonomy":"product_tag","embeddable":true,"href":"https:\/\/kindart.is\/en\/wp-json\/wp\/v2\/product_tag?post=10586"}],"curies":[{"name":"wp","href":"https:\/\/api.w.org\/{rel}","templated":true}]}}