{"id":10589,"date":"2025-08-24T13:58:32","date_gmt":"2025-08-24T13:58:32","guid":{"rendered":"https:\/\/kindart.is\/?post_type=product&#038;p=10589"},"modified":"2025-10-03T14:20:19","modified_gmt":"2025-10-03T14:20:19","slug":"lidandi-stund","status":"publish","type":"product","link":"https:\/\/kindart.is\/en\/vara\/lidandi-stund\/","title":{"rendered":"L\u00ed\u00f0andi stund"},"content":{"rendered":"<p><strong>L\u00ed\u00f0andi stund<\/strong>, greinar eftir sr. Sigur\u00f0 Einarsson \u00ed Holti. B\u00f3kin er saumheft \u00ed kartonk\u00e1pu (framk\u00e1pan rifin a\u00f0 ne\u00f0an). St\u00e6r\u00f0: 19.3 x 13.4 cm og 255 bls.<br \/>\nB\u00f3kin er \u00e1ritu\u00f0 fr\u00e1 h\u00f6fundi til J\u00f3hannesar \u00far K\u00f6tlum.<\/p>\n<p><strong>\u00datg\u00e1fa, prentun<\/strong>:<br \/>\n\u00datgefandi: B\u00f3ka\u00fatg\u00e1fa Heimskringlu Reykjav\u00edk 1938.<br \/>\nPrentun: Prentstofa J\u00f3ns H. Gu\u00f0mundssonar.<\/p>\n","protected":false},"excerpt":{"rendered":"<p>L\u00ed\u00f0andi stund, greinar eftir sr. Sigur\u00f0 Einarsson \u00ed Holti. B\u00f3kin er saumheft \u00ed kartonk\u00e1pu (framk\u00e1pan rifin a\u00f0 ne\u00f0an). St\u00e6r\u00f0: 19.3 x 13.4 cm og 255 bls. B\u00f3kin er \u00e1ritu\u00f0 fr\u00e1 h\u00f6fundi til J\u00f3hannesar \u00far K\u00f6tlum. \u00datg\u00e1fa, prentun: \u00datgefandi: B\u00f3ka\u00fatg\u00e1fa Heimskringlu Reykjav\u00edk 1938. Prentun: Prentstofa J\u00f3ns H. Gu\u00f0mundssonar.<\/p>\n","protected":false},"featured_media":10591,"template":"","meta":{"slim_seo":{"title":"L\u00ed\u00f0andi stund - KindArt","description":"L\u00ed\u00f0andi stund , greinar eftir sr. Sigur\u00f0 Einarsson \u00ed Holti. B\u00f3kin er saumheft \u00ed kartonk\u00e1pu (framk\u00e1pan rifin a\u00f0 ne\u00f0an). St\u00e6r\u00f0: 19.3 x 13.4 cm og 255 bls. B\u00f3kin e"}},"product_brand":[],"product_cat":[82],"product_tag":[],"class_list":{"0":"post-10589","1":"product","2":"type-product","3":"status-publish","4":"has-post-thumbnail","6":"product_cat-baekur","7":"product_shipping_class-litill","9":"first","10":"outofstock","11":"purchasable","12":"product-type-simple"},"_links":{"self":[{"href":"https:\/\/kindart.is\/en\/wp-json\/wp\/v2\/product\/10589","targetHints":{"allow":["GET"]}}],"collection":[{"href":"https:\/\/kindart.is\/en\/wp-json\/wp\/v2\/product"}],"about":[{"href":"https:\/\/kindart.is\/en\/wp-json\/wp\/v2\/types\/product"}],"wp:featuredmedia":[{"embeddable":true,"href":"https:\/\/kindart.is\/en\/wp-json\/wp\/v2\/media\/10591"}],"wp:attachment":[{"href":"https:\/\/kindart.is\/en\/wp-json\/wp\/v2\/media?parent=10589"}],"wp:term":[{"taxonomy":"product_brand","embeddable":true,"href":"https:\/\/kindart.is\/en\/wp-json\/wp\/v2\/product_brand?post=10589"},{"taxonomy":"product_cat","embeddable":true,"href":"https:\/\/kindart.is\/en\/wp-json\/wp\/v2\/product_cat?post=10589"},{"taxonomy":"product_tag","embeddable":true,"href":"https:\/\/kindart.is\/en\/wp-json\/wp\/v2\/product_tag?post=10589"}],"curies":[{"name":"wp","href":"https:\/\/api.w.org\/{rel}","templated":true}]}}