{"id":10593,"date":"2025-08-24T14:40:03","date_gmt":"2025-08-24T14:40:03","guid":{"rendered":"https:\/\/kindart.is\/?post_type=product&#038;p=10593"},"modified":"2025-08-24T14:40:05","modified_gmt":"2025-08-24T14:40:05","slug":"visa-en-vag","status":"publish","type":"product","link":"https:\/\/kindart.is\/en\/vara\/visa-en-vag\/","title":{"rendered":"Visa en v\u00e4g"},"content":{"rendered":"<p><strong>Visa en v\u00e4g<\/strong>. Sk\u00e1ldsaga eftir finnsku sk\u00e1ldkonuna Aili Nordgren. Aili er \u00e6ttu\u00f0 fr\u00e1 \u00c1landseyjum, en sagan er um litla fj\u00f6lskyldu \u00e1 hennar heimasl\u00f3\u00f0um. B\u00f3kin er saumheft og l\u00edmd \u00ed kartonk\u00e1pu. St\u00e6r\u00f0: 19.6 x 13.2 cm og 221 bls.<\/p>\n<p><strong>\u00datg\u00e1fa, prentun<\/strong>:<br \/>\n\u00datgefandi: Holger Schildts F\u00f6rlag Helsingfors 1948.<br \/>\nPrentun: J. Simelii Arvingars Boktryckeri AB, Helsingfors 1948.<\/p>\n","protected":false},"excerpt":{"rendered":"<p>Visa en v\u00e4g. Sk\u00e1ldsaga eftir finnsku sk\u00e1ldkonuna Aili Nordgren. Aili er \u00e6ttu\u00f0 fr\u00e1 \u00c1landseyjum, en sagan er um litla fj\u00f6lskyldu \u00e1 hennar heimasl\u00f3\u00f0um. B\u00f3kin er saumheft og l\u00edmd \u00ed kartonk\u00e1pu. St\u00e6r\u00f0: 19.6 x 13.2 cm og 221 bls. \u00datg\u00e1fa, prentun: \u00datgefandi: Holger Schildts F\u00f6rlag Helsingfors 1948. Prentun: J. Simelii Arvingars Boktryckeri AB, Helsingfors 1948.<\/p>\n","protected":false},"featured_media":10595,"template":"","meta":{"slim_seo":{"title":"Visa en v\u00e4g - KindArt","description":"Visa en v\u00e4g . Sk\u00e1ldsaga eftir finnsku sk\u00e1ldkonuna Aili Nordgren. Aili er \u00e6ttu\u00f0 fr\u00e1 \u00c1landseyjum, en sagan er um litla fj\u00f6lskyldu \u00e1 hennar heimasl\u00f3\u00f0um. B\u00f3kin er s"}},"product_brand":[],"product_cat":[82],"product_tag":[],"class_list":{"0":"post-10593","1":"product","2":"type-product","3":"status-publish","4":"has-post-thumbnail","6":"product_cat-baekur","7":"product_shipping_class-litill","9":"first","10":"instock","11":"purchasable","12":"product-type-simple"},"_links":{"self":[{"href":"https:\/\/kindart.is\/en\/wp-json\/wp\/v2\/product\/10593","targetHints":{"allow":["GET"]}}],"collection":[{"href":"https:\/\/kindart.is\/en\/wp-json\/wp\/v2\/product"}],"about":[{"href":"https:\/\/kindart.is\/en\/wp-json\/wp\/v2\/types\/product"}],"wp:featuredmedia":[{"embeddable":true,"href":"https:\/\/kindart.is\/en\/wp-json\/wp\/v2\/media\/10595"}],"wp:attachment":[{"href":"https:\/\/kindart.is\/en\/wp-json\/wp\/v2\/media?parent=10593"}],"wp:term":[{"taxonomy":"product_brand","embeddable":true,"href":"https:\/\/kindart.is\/en\/wp-json\/wp\/v2\/product_brand?post=10593"},{"taxonomy":"product_cat","embeddable":true,"href":"https:\/\/kindart.is\/en\/wp-json\/wp\/v2\/product_cat?post=10593"},{"taxonomy":"product_tag","embeddable":true,"href":"https:\/\/kindart.is\/en\/wp-json\/wp\/v2\/product_tag?post=10593"}],"curies":[{"name":"wp","href":"https:\/\/api.w.org\/{rel}","templated":true}]}}