{"id":10597,"date":"2025-08-26T14:46:42","date_gmt":"2025-08-26T14:46:42","guid":{"rendered":"https:\/\/kindart.is\/?post_type=product&#038;p=10597"},"modified":"2026-01-10T01:15:02","modified_gmt":"2026-01-10T01:15:02","slug":"hvitra-manna-land","status":"publish","type":"product","link":"https:\/\/kindart.is\/en\/vara\/hvitra-manna-land\/","title":{"rendered":"Hv\u00edtra manna land"},"content":{"rendered":"<p><strong>Hv\u00edtra manna land<\/strong>. Sk\u00e1ldsaga eftir Gunnar M. Magn\u00fass. K\u00e1puteikning eftir Stef\u00e1n J\u00f3nsson. \u00c1ritun til J\u00f3hannesar \u00far K\u00f6tlum fr\u00e1 h\u00f6fundi. B\u00f3kin er saumheft og l\u00edmd \u00ed kartonk\u00e1pu. \u00d3skorin St\u00e6r\u00f0: 19.5 x 13.5 cm og 160 bls.<\/p>\n<p><strong>\u00datg\u00e1fa, prentun<\/strong>:<br \/>\n\u00datgefandi: Jens Gu\u00f0bj\u00f6rnsson b\u00f3kbindari,<br \/>\nPrentun: Prentsmi\u00f0jan H\u00f3lar Reykjav\u00edk 1943.<\/p>\n","protected":false},"excerpt":{"rendered":"<p>Hv\u00edtra manna land. Sk\u00e1ldsaga eftir Gunnar M. Magn\u00fass. K\u00e1puteikning eftir Stef\u00e1n J\u00f3nsson. \u00c1ritun til J\u00f3hannesar \u00far K\u00f6tlum fr\u00e1 h\u00f6fundi. B\u00f3kin er saumheft og l\u00edmd \u00ed kartonk\u00e1pu. \u00d3skorin St\u00e6r\u00f0: 19.5 x 13.5 cm og 160 bls. \u00datg\u00e1fa, prentun: \u00datgefandi: Jens Gu\u00f0bj\u00f6rnsson b\u00f3kbindari, Prentun: Prentsmi\u00f0jan H\u00f3lar Reykjav\u00edk 1943.<\/p>\n","protected":false},"featured_media":10598,"template":"","meta":{"slim_seo":{"title":"Hv\u00edtra manna land - KindArt","description":"Hv\u00edtra manna land . Sk\u00e1ldsaga eftir Gunnar M. Magn\u00fass. K\u00e1puteikning eftir Stef\u00e1n J\u00f3nsson. \u00c1ritun til J\u00f3hannesar \u00far K\u00f6tlum fr\u00e1 h\u00f6fundi. B\u00f3kin er saumheft og l\u00edmd"}},"product_brand":[],"product_cat":[82],"product_tag":[],"class_list":{"0":"post-10597","1":"product","2":"type-product","3":"status-publish","4":"has-post-thumbnail","6":"product_cat-baekur","7":"product_shipping_class-litill","9":"first","10":"outofstock","11":"purchasable","12":"product-type-simple"},"_links":{"self":[{"href":"https:\/\/kindart.is\/en\/wp-json\/wp\/v2\/product\/10597","targetHints":{"allow":["GET"]}}],"collection":[{"href":"https:\/\/kindart.is\/en\/wp-json\/wp\/v2\/product"}],"about":[{"href":"https:\/\/kindart.is\/en\/wp-json\/wp\/v2\/types\/product"}],"wp:featuredmedia":[{"embeddable":true,"href":"https:\/\/kindart.is\/en\/wp-json\/wp\/v2\/media\/10598"}],"wp:attachment":[{"href":"https:\/\/kindart.is\/en\/wp-json\/wp\/v2\/media?parent=10597"}],"wp:term":[{"taxonomy":"product_brand","embeddable":true,"href":"https:\/\/kindart.is\/en\/wp-json\/wp\/v2\/product_brand?post=10597"},{"taxonomy":"product_cat","embeddable":true,"href":"https:\/\/kindart.is\/en\/wp-json\/wp\/v2\/product_cat?post=10597"},{"taxonomy":"product_tag","embeddable":true,"href":"https:\/\/kindart.is\/en\/wp-json\/wp\/v2\/product_tag?post=10597"}],"curies":[{"name":"wp","href":"https:\/\/api.w.org\/{rel}","templated":true}]}}