{"id":10600,"date":"2025-08-26T14:57:10","date_gmt":"2025-08-26T14:57:10","guid":{"rendered":"https:\/\/kindart.is\/?post_type=product&#038;p=10600"},"modified":"2025-08-26T14:57:10","modified_gmt":"2025-08-26T14:57:10","slug":"drekinn-skiptir-ham","status":"publish","type":"product","link":"https:\/\/kindart.is\/en\/vara\/drekinn-skiptir-ham\/","title":{"rendered":"Drekinn skiptir ham"},"content":{"rendered":"<p><strong>Drekinn skiptir ham<\/strong>. Fer\u00f0apistlar \u00far K\u00ednaf\u00f6r eftir Arthur Lindkvist. Einar Bragi Sigur\u00f0sson \u00fe\u00fdddi. B\u00f3kin er saumheft og l\u00edmd \u00ed k\u00e1pu. St\u00e6r\u00f0: 22.7 x 14.8 cm og 298 bls.<\/p>\n<p><strong>\u00datg\u00e1fa, prentun<\/strong>:<br \/>\n\u00datgefandi: M\u00e1l og menning Reykjav\u00edk 1956.<br \/>\nPrentun: Prentsmi\u00f0jan H\u00f3lar.<\/p>\n","protected":false},"excerpt":{"rendered":"<p>Drekinn skiptir ham. Fer\u00f0apistlar \u00far K\u00ednaf\u00f6r eftir Arthur Lindkvist. Einar Bragi Sigur\u00f0sson \u00fe\u00fdddi. B\u00f3kin er saumheft og l\u00edmd \u00ed k\u00e1pu. St\u00e6r\u00f0: 22.7 x 14.8 cm og 298 bls. \u00datg\u00e1fa, prentun: \u00datgefandi: M\u00e1l og menning Reykjav\u00edk 1956. Prentun: Prentsmi\u00f0jan H\u00f3lar.<\/p>\n","protected":false},"featured_media":10601,"template":"","meta":{"slim_seo":{"title":"Drekinn skiptir ham - KindArt","description":"Drekinn skiptir ham . Fer\u00f0apistlar \u00far K\u00ednaf\u00f6r eftir Arthur Lindkvist. Einar Bragi Sigur\u00f0sson \u00fe\u00fdddi. B\u00f3kin er saumheft og l\u00edmd \u00ed k\u00e1pu. St\u00e6r\u00f0: 22.7 x 14.8 cm og 2"}},"product_brand":[],"product_cat":[82],"product_tag":[],"class_list":{"0":"post-10600","1":"product","2":"type-product","3":"status-publish","4":"has-post-thumbnail","6":"product_cat-baekur","7":"product_shipping_class-litill","9":"first","10":"instock","11":"purchasable","12":"product-type-simple"},"_links":{"self":[{"href":"https:\/\/kindart.is\/en\/wp-json\/wp\/v2\/product\/10600","targetHints":{"allow":["GET"]}}],"collection":[{"href":"https:\/\/kindart.is\/en\/wp-json\/wp\/v2\/product"}],"about":[{"href":"https:\/\/kindart.is\/en\/wp-json\/wp\/v2\/types\/product"}],"wp:featuredmedia":[{"embeddable":true,"href":"https:\/\/kindart.is\/en\/wp-json\/wp\/v2\/media\/10601"}],"wp:attachment":[{"href":"https:\/\/kindart.is\/en\/wp-json\/wp\/v2\/media?parent=10600"}],"wp:term":[{"taxonomy":"product_brand","embeddable":true,"href":"https:\/\/kindart.is\/en\/wp-json\/wp\/v2\/product_brand?post=10600"},{"taxonomy":"product_cat","embeddable":true,"href":"https:\/\/kindart.is\/en\/wp-json\/wp\/v2\/product_cat?post=10600"},{"taxonomy":"product_tag","embeddable":true,"href":"https:\/\/kindart.is\/en\/wp-json\/wp\/v2\/product_tag?post=10600"}],"curies":[{"name":"wp","href":"https:\/\/api.w.org\/{rel}","templated":true}]}}