{"id":10604,"date":"2025-08-26T15:08:32","date_gmt":"2025-08-26T15:08:32","guid":{"rendered":"https:\/\/kindart.is\/?post_type=product&#038;p=10604"},"modified":"2025-08-26T15:08:32","modified_gmt":"2025-08-26T15:08:32","slug":"musteri-ottans","status":"publish","type":"product","link":"https:\/\/kindart.is\/en\/vara\/musteri-ottans\/","title":{"rendered":"Musteri \u00f3ttans"},"content":{"rendered":"<p><strong>Musteri \u00f3ttans<\/strong>. Sk\u00e1ldsaga eftir Gu\u00f0mund Dan\u00edelsson. B\u00f3kin er saumheft \u00ed k\u00e1pu, \u00f3skorin. St\u00e6r\u00f0: 19.5 x 13.2 cm og 180 bls. Sagan gerist \u00ed \u00e1tth\u00f6gum sk\u00e1ldsins \u00e1 Su\u00f0urlandi og fjallar um \u00f3ttann, valdi\u00f0 og \u00e1stina.<\/p>\n<p><strong>\u00datg\u00e1fa, prentun<\/strong>:<br \/>\n\u00datgefandi: B\u00f3ka\u00fatg\u00e1fa Menningarsj\u00f3\u00f0s Reykjav\u00edk 1953.<br \/>\nPrentun: Prentsmi\u00f0ja Hafnarfjar\u00f0ar.<\/p>\n","protected":false},"excerpt":{"rendered":"<p>Musteri \u00f3ttans. Sk\u00e1ldsaga eftir Gu\u00f0mund Dan\u00edelsson. B\u00f3kin er saumheft \u00ed k\u00e1pu, \u00f3skorin. St\u00e6r\u00f0: 19.5 x 13.2 cm og 180 bls. Sagan gerist \u00ed \u00e1tth\u00f6gum sk\u00e1ldsins \u00e1 Su\u00f0urlandi og fjallar um \u00f3ttann, valdi\u00f0 og \u00e1stina. \u00datg\u00e1fa, prentun: \u00datgefandi: B\u00f3ka\u00fatg\u00e1fa Menningarsj\u00f3\u00f0s Reykjav\u00edk 1953. Prentun: Prentsmi\u00f0ja Hafnarfjar\u00f0ar.<\/p>\n","protected":false},"featured_media":10605,"template":"","meta":{"slim_seo":{"title":"Musteri \u00f3ttans - KindArt","description":"Musteri \u00f3ttans . Sk\u00e1ldsaga eftir Gu\u00f0mund Dan\u00edelsson. B\u00f3kin er saumheft \u00ed k\u00e1pu, \u00f3skorin. St\u00e6r\u00f0: 19.5 x 13.2 cm og 180 bls. Sagan gerist \u00ed \u00e1tth\u00f6gum sk\u00e1ldsins \u00e1 Su"}},"product_brand":[],"product_cat":[82],"product_tag":[],"class_list":{"0":"post-10604","1":"product","2":"type-product","3":"status-publish","4":"has-post-thumbnail","6":"product_cat-baekur","7":"product_shipping_class-litill","9":"first","10":"instock","11":"purchasable","12":"product-type-simple"},"_links":{"self":[{"href":"https:\/\/kindart.is\/en\/wp-json\/wp\/v2\/product\/10604","targetHints":{"allow":["GET"]}}],"collection":[{"href":"https:\/\/kindart.is\/en\/wp-json\/wp\/v2\/product"}],"about":[{"href":"https:\/\/kindart.is\/en\/wp-json\/wp\/v2\/types\/product"}],"wp:featuredmedia":[{"embeddable":true,"href":"https:\/\/kindart.is\/en\/wp-json\/wp\/v2\/media\/10605"}],"wp:attachment":[{"href":"https:\/\/kindart.is\/en\/wp-json\/wp\/v2\/media?parent=10604"}],"wp:term":[{"taxonomy":"product_brand","embeddable":true,"href":"https:\/\/kindart.is\/en\/wp-json\/wp\/v2\/product_brand?post=10604"},{"taxonomy":"product_cat","embeddable":true,"href":"https:\/\/kindart.is\/en\/wp-json\/wp\/v2\/product_cat?post=10604"},{"taxonomy":"product_tag","embeddable":true,"href":"https:\/\/kindart.is\/en\/wp-json\/wp\/v2\/product_tag?post=10604"}],"curies":[{"name":"wp","href":"https:\/\/api.w.org\/{rel}","templated":true}]}}