{"id":10607,"date":"2025-08-26T15:24:09","date_gmt":"2025-08-26T15:24:09","guid":{"rendered":"https:\/\/kindart.is\/?post_type=product&#038;p=10607"},"modified":"2025-08-26T15:24:09","modified_gmt":"2025-08-26T15:24:09","slug":"amerikaneren","status":"publish","type":"product","link":"https:\/\/kindart.is\/en\/vara\/amerikaneren\/","title":{"rendered":"Amerikaneren"},"content":{"rendered":"<p><strong>Amerikaneren<\/strong>. Sk\u00e1ldsaga eftir Howard Fast, sem \u00e1 \u00feessum \u00e1rum var\u00f0 vins\u00e6lli me\u00f0 hverri n\u00fdrri b\u00f3k sem hann skrifa\u00f0i. \u00deessi b\u00f3k f\u00e9kk ver\u00f0laun sem trygg\u00f0i honum s\u00f6lu upp \u00ed 1 milj\u00f3n eintaka. \u00de\u00f3 hann v\u00e6ri sonur f\u00e1t\u00e6ks b\u00f3nda n\u00e1\u00f0i hann \u00f3tr\u00falegum frama, Hann t\u00f3k \u00fe\u00e1tt \u00ed byggingu Vestur brautarinnar, f\u00f3r \u00ed lagan\u00e1m og hamingjan brosti vi\u00f0 honum og \u00e6sku\u00e1stinni hans Emmu Ford. Hann haf\u00f0i mikla r\u00e9ttl\u00e6tistilfinningu og s\u00fdndi me\u00f0borgurum s\u00ednum mikinn k\u00e6rleika. \u00cd bar\u00e1ttunni fyrir Amer\u00edku og \u00edb\u00faum hennar f\u00f3rna\u00f0i hann miklu \u00ed s\u00ednu l\u00edfi.<\/p>\n<p><strong>\u00datg\u00e1fa, prentun<\/strong>:<br \/>\n\u00datgefandi: Tiden K\u00f8benhavn 1947.<br \/>\nPrentun: Terpo-Tryk-K\u00f8benhavn.<\/p>\n","protected":false},"excerpt":{"rendered":"<p>Amerikaneren. Sk\u00e1ldsaga eftir Howard Fast, sem \u00e1 \u00feessum \u00e1rum var\u00f0 vins\u00e6lli me\u00f0 hverri n\u00fdrri b\u00f3k sem hann skrifa\u00f0i. \u00deessi b\u00f3k f\u00e9kk ver\u00f0laun sem trygg\u00f0i honum s\u00f6lu upp \u00ed 1 milj\u00f3n eintaka. \u00de\u00f3 hann v\u00e6ri sonur f\u00e1t\u00e6ks b\u00f3nda n\u00e1\u00f0i hann \u00f3tr\u00falegum frama, Hann t\u00f3k \u00fe\u00e1tt \u00ed byggingu Vestur brautarinnar, f\u00f3r \u00ed lagan\u00e1m og hamingjan brosti vi\u00f0 [&hellip;]<\/p>\n","protected":false},"featured_media":10608,"template":"","meta":{"slim_seo":{"title":"Amerikaneren - KindArt","description":"Amerikaneren . Sk\u00e1ldsaga eftir Howard Fast, sem \u00e1 \u00feessum \u00e1rum var\u00f0 vins\u00e6lli me\u00f0 hverri n\u00fdrri b\u00f3k sem hann skrifa\u00f0i. \u00deessi b\u00f3k f\u00e9kk ver\u00f0laun sem trygg\u00f0i honum s\u00f6"}},"product_brand":[],"product_cat":[82],"product_tag":[],"class_list":{"0":"post-10607","1":"product","2":"type-product","3":"status-publish","4":"has-post-thumbnail","6":"product_cat-baekur","7":"product_shipping_class-litill","9":"first","10":"instock","11":"purchasable","12":"product-type-simple"},"_links":{"self":[{"href":"https:\/\/kindart.is\/en\/wp-json\/wp\/v2\/product\/10607","targetHints":{"allow":["GET"]}}],"collection":[{"href":"https:\/\/kindart.is\/en\/wp-json\/wp\/v2\/product"}],"about":[{"href":"https:\/\/kindart.is\/en\/wp-json\/wp\/v2\/types\/product"}],"wp:featuredmedia":[{"embeddable":true,"href":"https:\/\/kindart.is\/en\/wp-json\/wp\/v2\/media\/10608"}],"wp:attachment":[{"href":"https:\/\/kindart.is\/en\/wp-json\/wp\/v2\/media?parent=10607"}],"wp:term":[{"taxonomy":"product_brand","embeddable":true,"href":"https:\/\/kindart.is\/en\/wp-json\/wp\/v2\/product_brand?post=10607"},{"taxonomy":"product_cat","embeddable":true,"href":"https:\/\/kindart.is\/en\/wp-json\/wp\/v2\/product_cat?post=10607"},{"taxonomy":"product_tag","embeddable":true,"href":"https:\/\/kindart.is\/en\/wp-json\/wp\/v2\/product_tag?post=10607"}],"curies":[{"name":"wp","href":"https:\/\/api.w.org\/{rel}","templated":true}]}}