{"id":10610,"date":"2025-08-29T10:59:07","date_gmt":"2025-08-29T10:59:07","guid":{"rendered":"https:\/\/kindart.is\/?post_type=product&#038;p=10610"},"modified":"2025-08-29T10:59:07","modified_gmt":"2025-08-29T10:59:07","slug":"ljod-og-log-25-songvar-handa-karlakorum","status":"publish","type":"product","link":"https:\/\/kindart.is\/en\/vara\/ljod-og-log-25-songvar-handa-karlakorum\/","title":{"rendered":"Lj\u00f3\u00f0 og l\u00f6g: 25 s\u00f6ngvar handa karlak\u00f3rum"},"content":{"rendered":"<p><strong>Lj\u00f3\u00f0 og l\u00f6g: 25 s\u00f6ngvar handa karlak\u00f3rum<\/strong>, \u00de\u00f3r\u00f0ur Kristleifsson t\u00f3k saman. III. V\u00edrheft b\u00f3k \u00ed kartonk\u00e1pu, skorin. St\u00e6r\u00f0: 23.4 x 15.5 og 32 bls.<\/p>\n<p>\u00datg\u00e1fa, prentun:<br \/>\n\u00datgefanda ekki geti\u00f0. Reykjav\u00edk 1942.<br \/>\nPrentun: F\u00e9lagsprentsmi\u00f0jan.<\/p>\n","protected":false},"excerpt":{"rendered":"<p>Lj\u00f3\u00f0 og l\u00f6g: 25 s\u00f6ngvar handa karlak\u00f3rum, \u00de\u00f3r\u00f0ur Kristleifsson t\u00f3k saman. III. V\u00edrheft b\u00f3k \u00ed kartonk\u00e1pu, skorin. St\u00e6r\u00f0: 23.4 x 15.5 og 32 bls. \u00datg\u00e1fa, prentun: \u00datgefanda ekki geti\u00f0. Reykjav\u00edk 1942. Prentun: F\u00e9lagsprentsmi\u00f0jan.<\/p>\n","protected":false},"featured_media":10611,"template":"","meta":{"slim_seo":{"title":"Lj\u00f3\u00f0 og l\u00f6g: 25 s\u00f6ngvar handa karlak\u00f3rum - KindArt","description":"Lj\u00f3\u00f0 og l\u00f6g: 25 s\u00f6ngvar handa karlak\u00f3rum , \u00de\u00f3r\u00f0ur Kristleifsson t\u00f3k saman. III. V\u00edrheft b\u00f3k \u00ed kartonk\u00e1pu, skorin. St\u00e6r\u00f0: 23.4 x 15.5 og 32 bls. \u00datg\u00e1fa, prentun:"}},"product_brand":[],"product_cat":[82],"product_tag":[],"class_list":{"0":"post-10610","1":"product","2":"type-product","3":"status-publish","4":"has-post-thumbnail","6":"product_cat-baekur","7":"product_shipping_class-litill","9":"first","10":"instock","11":"purchasable","12":"product-type-simple"},"_links":{"self":[{"href":"https:\/\/kindart.is\/en\/wp-json\/wp\/v2\/product\/10610","targetHints":{"allow":["GET"]}}],"collection":[{"href":"https:\/\/kindart.is\/en\/wp-json\/wp\/v2\/product"}],"about":[{"href":"https:\/\/kindart.is\/en\/wp-json\/wp\/v2\/types\/product"}],"wp:featuredmedia":[{"embeddable":true,"href":"https:\/\/kindart.is\/en\/wp-json\/wp\/v2\/media\/10611"}],"wp:attachment":[{"href":"https:\/\/kindart.is\/en\/wp-json\/wp\/v2\/media?parent=10610"}],"wp:term":[{"taxonomy":"product_brand","embeddable":true,"href":"https:\/\/kindart.is\/en\/wp-json\/wp\/v2\/product_brand?post=10610"},{"taxonomy":"product_cat","embeddable":true,"href":"https:\/\/kindart.is\/en\/wp-json\/wp\/v2\/product_cat?post=10610"},{"taxonomy":"product_tag","embeddable":true,"href":"https:\/\/kindart.is\/en\/wp-json\/wp\/v2\/product_tag?post=10610"}],"curies":[{"name":"wp","href":"https:\/\/api.w.org\/{rel}","templated":true}]}}