{"id":10615,"date":"2025-08-29T11:06:07","date_gmt":"2025-08-29T11:06:07","guid":{"rendered":"https:\/\/kindart.is\/?post_type=product&#038;p=10615"},"modified":"2025-08-29T11:06:07","modified_gmt":"2025-08-29T11:06:07","slug":"ljod-og-log-50-songvar-handa-samkorum-iv","status":"publish","type":"product","link":"https:\/\/kindart.is\/en\/vara\/ljod-og-log-50-songvar-handa-samkorum-iv\/","title":{"rendered":"Lj\u00f3\u00f0 og l\u00f6g: 50 s\u00f6ngvar handa samk\u00f3rum, IV"},"content":{"rendered":"<p><strong>Lj\u00f3\u00f0 og l\u00f6g: 50 s\u00f6ngvar handa samk\u00f3rum, IV<\/strong>. \u00de\u00f3r\u00f0ur Kristleifsson t\u00f3k saman \u00c1ritu\u00f0 til J\u00faK. Saumheft b\u00f3k l\u00edmd \u00ed kartonk\u00e1pu,skorin St\u00e6r\u00f0: 23.5 x 15.5 cm og 72 bls.<\/p>\n<p><strong>\u00datg\u00e1fa, prentun<\/strong>:<br \/>\n\u00datgefanda ekki geti\u00f0. Reykjav\u00edk 1945.<br \/>\nPrentun: R\u00edkisprentsmi\u00f0jan Gutenberg.<\/p>\n","protected":false},"excerpt":{"rendered":"<p>Lj\u00f3\u00f0 og l\u00f6g: 50 s\u00f6ngvar handa samk\u00f3rum, IV. \u00de\u00f3r\u00f0ur Kristleifsson t\u00f3k saman \u00c1ritu\u00f0 til J\u00faK. Saumheft b\u00f3k l\u00edmd \u00ed kartonk\u00e1pu,skorin St\u00e6r\u00f0: 23.5 x 15.5 cm og 72 bls. \u00datg\u00e1fa, prentun: \u00datgefanda ekki geti\u00f0. Reykjav\u00edk 1945. Prentun: R\u00edkisprentsmi\u00f0jan Gutenberg.<\/p>\n","protected":false},"featured_media":10616,"template":"","meta":{"slim_seo":{"title":"Lj\u00f3\u00f0 og l\u00f6g: 50 s\u00f6ngvar handa samk\u00f3rum, IV - KindArt","description":"Lj\u00f3\u00f0 og l\u00f6g: 50 s\u00f6ngvar handa samk\u00f3rum, IV . \u00de\u00f3r\u00f0ur Kristleifsson t\u00f3k saman \u00c1ritu\u00f0 til J\u00faK. Saumheft b\u00f3k l\u00edmd \u00ed kartonk\u00e1pu,skorin St\u00e6r\u00f0: 23.5 x 15.5 cm og 72 bl"}},"product_brand":[],"product_cat":[82],"product_tag":[],"class_list":{"0":"post-10615","1":"product","2":"type-product","3":"status-publish","4":"has-post-thumbnail","6":"product_cat-baekur","7":"product_shipping_class-litill","9":"first","10":"instock","11":"purchasable","12":"product-type-simple"},"_links":{"self":[{"href":"https:\/\/kindart.is\/en\/wp-json\/wp\/v2\/product\/10615","targetHints":{"allow":["GET"]}}],"collection":[{"href":"https:\/\/kindart.is\/en\/wp-json\/wp\/v2\/product"}],"about":[{"href":"https:\/\/kindart.is\/en\/wp-json\/wp\/v2\/types\/product"}],"wp:featuredmedia":[{"embeddable":true,"href":"https:\/\/kindart.is\/en\/wp-json\/wp\/v2\/media\/10616"}],"wp:attachment":[{"href":"https:\/\/kindart.is\/en\/wp-json\/wp\/v2\/media?parent=10615"}],"wp:term":[{"taxonomy":"product_brand","embeddable":true,"href":"https:\/\/kindart.is\/en\/wp-json\/wp\/v2\/product_brand?post=10615"},{"taxonomy":"product_cat","embeddable":true,"href":"https:\/\/kindart.is\/en\/wp-json\/wp\/v2\/product_cat?post=10615"},{"taxonomy":"product_tag","embeddable":true,"href":"https:\/\/kindart.is\/en\/wp-json\/wp\/v2\/product_tag?post=10615"}],"curies":[{"name":"wp","href":"https:\/\/api.w.org\/{rel}","templated":true}]}}