{"id":10623,"date":"2025-08-29T11:20:45","date_gmt":"2025-08-29T11:20:45","guid":{"rendered":"https:\/\/kindart.is\/?post_type=product&#038;p=10623"},"modified":"2025-08-29T11:20:45","modified_gmt":"2025-08-29T11:20:45","slug":"ljod-og-log-100-songvar-handa-samkorum","status":"publish","type":"product","link":"https:\/\/kindart.is\/en\/vara\/ljod-og-log-100-songvar-handa-samkorum\/","title":{"rendered":"Lj\u00f3\u00f0 og l\u00f6g: 100 s\u00f6ngvar handa samk\u00f3rum"},"content":{"rendered":"<p><strong>Lj\u00f3\u00f0 og l\u00f6g: 100 s\u00f6ngvar handa samk\u00f3rum<\/strong>, \u00de\u00f3r\u00f0ur Kristleifsson t\u00f3k saman a\u00f0 tilhlutan F\u00e9lags framhaldssk\u00f3lakennara. Saumheft b\u00f3k l\u00edmd \u00ed kartonk\u00e1pu. St\u00e6r\u00f0: 23.5 x 15.5 cm og 136 bls.<\/p>\n<p><strong>\u00datg\u00e1fa, prentun<\/strong>:<br \/>\n\u00datgefanda ekki geti\u00f0. Reykjav\u00edk 1939.<br \/>\nPrentun: R\u00edkisprentsmi\u00f0jan Gutenberg.<\/p>\n","protected":false},"excerpt":{"rendered":"<p>Lj\u00f3\u00f0 og l\u00f6g: 100 s\u00f6ngvar handa samk\u00f3rum, \u00de\u00f3r\u00f0ur Kristleifsson t\u00f3k saman a\u00f0 tilhlutan F\u00e9lags framhaldssk\u00f3lakennara. Saumheft b\u00f3k l\u00edmd \u00ed kartonk\u00e1pu. St\u00e6r\u00f0: 23.5 x 15.5 cm og 136 bls. \u00datg\u00e1fa, prentun: \u00datgefanda ekki geti\u00f0. Reykjav\u00edk 1939. Prentun: R\u00edkisprentsmi\u00f0jan Gutenberg.<\/p>\n","protected":false},"featured_media":10624,"template":"","meta":{"slim_seo":{"title":"Lj\u00f3\u00f0 og l\u00f6g: 100 s\u00f6ngvar handa samk\u00f3rum - KindArt","description":"Lj\u00f3\u00f0 og l\u00f6g: 100 s\u00f6ngvar handa samk\u00f3rum , \u00de\u00f3r\u00f0ur Kristleifsson t\u00f3k saman a\u00f0 tilhlutan F\u00e9lags framhaldssk\u00f3lakennara. Saumheft b\u00f3k l\u00edmd \u00ed kartonk\u00e1pu. St\u00e6r\u00f0: 23.5"}},"product_brand":[],"product_cat":[82],"product_tag":[],"class_list":{"0":"post-10623","1":"product","2":"type-product","3":"status-publish","4":"has-post-thumbnail","6":"product_cat-baekur","7":"product_shipping_class-litill","9":"first","10":"instock","11":"purchasable","12":"product-type-simple"},"_links":{"self":[{"href":"https:\/\/kindart.is\/en\/wp-json\/wp\/v2\/product\/10623","targetHints":{"allow":["GET"]}}],"collection":[{"href":"https:\/\/kindart.is\/en\/wp-json\/wp\/v2\/product"}],"about":[{"href":"https:\/\/kindart.is\/en\/wp-json\/wp\/v2\/types\/product"}],"wp:featuredmedia":[{"embeddable":true,"href":"https:\/\/kindart.is\/en\/wp-json\/wp\/v2\/media\/10624"}],"wp:attachment":[{"href":"https:\/\/kindart.is\/en\/wp-json\/wp\/v2\/media?parent=10623"}],"wp:term":[{"taxonomy":"product_brand","embeddable":true,"href":"https:\/\/kindart.is\/en\/wp-json\/wp\/v2\/product_brand?post=10623"},{"taxonomy":"product_cat","embeddable":true,"href":"https:\/\/kindart.is\/en\/wp-json\/wp\/v2\/product_cat?post=10623"},{"taxonomy":"product_tag","embeddable":true,"href":"https:\/\/kindart.is\/en\/wp-json\/wp\/v2\/product_tag?post=10623"}],"curies":[{"name":"wp","href":"https:\/\/api.w.org\/{rel}","templated":true}]}}