{"id":10626,"date":"2025-08-29T11:28:11","date_gmt":"2025-08-29T11:28:11","guid":{"rendered":"https:\/\/kindart.is\/?post_type=product&#038;p=10626"},"modified":"2025-08-29T11:28:11","modified_gmt":"2025-08-29T11:28:11","slug":"holdum-gledi-hatt-a-loft","status":"publish","type":"product","link":"https:\/\/kindart.is\/en\/vara\/holdum-gledi-hatt-a-loft\/","title":{"rendered":"H\u00f6ldum gle\u00f0i h\u00e1tt \u00e1 loft"},"content":{"rendered":"<p><strong>H\u00f6ldum gle\u00f0i h\u00e1tt \u00e1 loft<\/strong>. V\u00edsnasafn J\u00f3hanns Sveinssonar fr\u00e1 Fl\u00f6gu. Framhald fyrra v\u00edsnasafns hans og Braga Sveinssonar, \u00c9g skal kve\u00f0a vi\u00f0 \u00feig vel. St\u00e6r\u00f0: 22.5 x 14.5 cm og 150 bls + lei\u00f0r\u00e9ttingarmi\u00f0i<\/p>\n<p><strong>\u00datg\u00e1fa, prentun<\/strong>:<br \/>\n\u00datgefandi: Helgafell Reykjav\u00edk 1961.<br \/>\nPrentun: V\u00edkingsprent.<\/p>\n","protected":false},"excerpt":{"rendered":"<p>H\u00f6ldum gle\u00f0i h\u00e1tt \u00e1 loft. V\u00edsnasafn J\u00f3hanns Sveinssonar fr\u00e1 Fl\u00f6gu. Framhald fyrra v\u00edsnasafns hans og Braga Sveinssonar, \u00c9g skal kve\u00f0a vi\u00f0 \u00feig vel. St\u00e6r\u00f0: 22.5 x 14.5 cm og 150 bls + lei\u00f0r\u00e9ttingarmi\u00f0i \u00datg\u00e1fa, prentun: \u00datgefandi: Helgafell Reykjav\u00edk 1961. Prentun: V\u00edkingsprent.<\/p>\n","protected":false},"featured_media":10628,"template":"","meta":{"slim_seo":{"title":"H\u00f6ldum gle\u00f0i h\u00e1tt \u00e1 loft - KindArt","description":"H\u00f6ldum gle\u00f0i h\u00e1tt \u00e1 loft . V\u00edsnasafn J\u00f3hanns Sveinssonar fr\u00e1 Fl\u00f6gu. Framhald fyrra v\u00edsnasafns hans og Braga Sveinssonar, \u00c9g skal kve\u00f0a vi\u00f0 \u00feig vel. St\u00e6r\u00f0: 22.5"}},"product_brand":[],"product_cat":[82],"product_tag":[],"class_list":{"0":"post-10626","1":"product","2":"type-product","3":"status-publish","4":"has-post-thumbnail","6":"product_cat-baekur","7":"product_shipping_class-litill","9":"first","10":"instock","11":"purchasable","12":"product-type-simple"},"_links":{"self":[{"href":"https:\/\/kindart.is\/en\/wp-json\/wp\/v2\/product\/10626","targetHints":{"allow":["GET"]}}],"collection":[{"href":"https:\/\/kindart.is\/en\/wp-json\/wp\/v2\/product"}],"about":[{"href":"https:\/\/kindart.is\/en\/wp-json\/wp\/v2\/types\/product"}],"wp:featuredmedia":[{"embeddable":true,"href":"https:\/\/kindart.is\/en\/wp-json\/wp\/v2\/media\/10628"}],"wp:attachment":[{"href":"https:\/\/kindart.is\/en\/wp-json\/wp\/v2\/media?parent=10626"}],"wp:term":[{"taxonomy":"product_brand","embeddable":true,"href":"https:\/\/kindart.is\/en\/wp-json\/wp\/v2\/product_brand?post=10626"},{"taxonomy":"product_cat","embeddable":true,"href":"https:\/\/kindart.is\/en\/wp-json\/wp\/v2\/product_cat?post=10626"},{"taxonomy":"product_tag","embeddable":true,"href":"https:\/\/kindart.is\/en\/wp-json\/wp\/v2\/product_tag?post=10626"}],"curies":[{"name":"wp","href":"https:\/\/api.w.org\/{rel}","templated":true}]}}