{"id":10631,"date":"2025-08-29T11:36:39","date_gmt":"2025-08-29T11:36:39","guid":{"rendered":"https:\/\/kindart.is\/?post_type=product&#038;p=10631"},"modified":"2025-08-29T11:36:39","modified_gmt":"2025-08-29T11:36:39","slug":"lassaronar","status":"publish","type":"product","link":"https:\/\/kindart.is\/en\/vara\/lassaronar\/","title":{"rendered":"Lassar\u00f3nar"},"content":{"rendered":"<p><strong>Lassar\u00f3nar<\/strong>. Fr\u00e1s\u00f6gn \u00edslensks sj\u00f3manns sem sigldi me\u00f0 fisk til Sp\u00e1nar \u00e1 kreppu\u00e1runum. Hann segir h\u00e9r fr\u00e1 komu sinni til Bilba\u00f3 og er b\u00f3kin l\u00e9ttlega skrifu\u00f0 og l\u00fdsir \u00fev\u00ed sem fyrir augu bar \u00e1 Nor\u00f0ur-Sp\u00e1ni og v\u00ed\u00f0ar. B\u00f3kin er saumu\u00f0 og sett \u00ed k\u00e1pu. St\u00e6r\u00f0: 20.3 x 14 cm og 77 bls. Teikning \u00e1 k\u00e1pu.eftir \u00f3\u00fe.<\/p>\n<p><strong>\u00datg\u00e1fa, prentun<\/strong>:<br \/>\n\u00d3\u00feekktur \u00fatgefandi. Reykjav\u00edk 1934.<br \/>\nPrentun: R\u00edkisprentsmi\u00f0jan Gutenberg.<\/p>\n","protected":false},"excerpt":{"rendered":"<p>Lassar\u00f3nar. Fr\u00e1s\u00f6gn \u00edslensks sj\u00f3manns sem sigldi me\u00f0 fisk til Sp\u00e1nar \u00e1 kreppu\u00e1runum. Hann segir h\u00e9r fr\u00e1 komu sinni til Bilba\u00f3 og er b\u00f3kin l\u00e9ttlega skrifu\u00f0 og l\u00fdsir \u00fev\u00ed sem fyrir augu bar \u00e1 Nor\u00f0ur-Sp\u00e1ni og v\u00ed\u00f0ar. B\u00f3kin er saumu\u00f0 og sett \u00ed k\u00e1pu. St\u00e6r\u00f0: 20.3 x 14 cm og 77 bls. Teikning \u00e1 k\u00e1pu.eftir \u00f3\u00fe. [&hellip;]<\/p>\n","protected":false},"featured_media":10632,"template":"","meta":{"slim_seo":{"title":"Lassar\u00f3nar - KindArt","description":"Lassar\u00f3nar . Fr\u00e1s\u00f6gn \u00edslensks sj\u00f3manns sem sigldi me\u00f0 fisk til Sp\u00e1nar \u00e1 kreppu\u00e1runum. Hann segir h\u00e9r fr\u00e1 komu sinni til Bilba\u00f3 og er b\u00f3kin l\u00e9ttlega skrifu\u00f0 og l"}},"product_brand":[],"product_cat":[82],"product_tag":[],"class_list":{"0":"post-10631","1":"product","2":"type-product","3":"status-publish","4":"has-post-thumbnail","6":"product_cat-baekur","7":"product_shipping_class-litill","9":"first","10":"instock","11":"purchasable","12":"product-type-simple"},"_links":{"self":[{"href":"https:\/\/kindart.is\/en\/wp-json\/wp\/v2\/product\/10631","targetHints":{"allow":["GET"]}}],"collection":[{"href":"https:\/\/kindart.is\/en\/wp-json\/wp\/v2\/product"}],"about":[{"href":"https:\/\/kindart.is\/en\/wp-json\/wp\/v2\/types\/product"}],"wp:featuredmedia":[{"embeddable":true,"href":"https:\/\/kindart.is\/en\/wp-json\/wp\/v2\/media\/10632"}],"wp:attachment":[{"href":"https:\/\/kindart.is\/en\/wp-json\/wp\/v2\/media?parent=10631"}],"wp:term":[{"taxonomy":"product_brand","embeddable":true,"href":"https:\/\/kindart.is\/en\/wp-json\/wp\/v2\/product_brand?post=10631"},{"taxonomy":"product_cat","embeddable":true,"href":"https:\/\/kindart.is\/en\/wp-json\/wp\/v2\/product_cat?post=10631"},{"taxonomy":"product_tag","embeddable":true,"href":"https:\/\/kindart.is\/en\/wp-json\/wp\/v2\/product_tag?post=10631"}],"curies":[{"name":"wp","href":"https:\/\/api.w.org\/{rel}","templated":true}]}}