{"id":10634,"date":"2025-08-29T11:44:32","date_gmt":"2025-08-29T11:44:32","guid":{"rendered":"https:\/\/kindart.is\/?post_type=product&#038;p=10634"},"modified":"2026-01-09T14:49:15","modified_gmt":"2026-01-09T14:49:15","slug":"islenzkud-songljod","status":"publish","type":"product","link":"https:\/\/kindart.is\/en\/vara\/islenzkud-songljod\/","title":{"rendered":"\u00cdslenzku\u00f0 s\u00f6nglj\u00f3\u00f0"},"content":{"rendered":"<p><strong>\u00cdslenzku\u00f0 s\u00f6nglj\u00f3\u00f0<\/strong>: \u00cdslenzka\u00f0 hefur: \u00de\u00f3r\u00f0ur Kristleifsson \u00e1 Laugarvatni. Flest af lj\u00f3\u00f0unum eru vi\u00f0 \u00farvals s\u00f6ngl\u00f6g s\u00edgildra h\u00f6funda \u00ed heimi t\u00f3nsk\u00e1ldskapar. M\u00e6tti \u00fear nefna t.d. Schubert, H.Heine, R.Schumann, Mozart, Brahms, Fr.Schiller og marga fleiri. B\u00f3kin er saumheft og l\u00edmd \u00ed \u00feykka kartonk\u00e1pu, \u00f3skorin. \u00c1ritu\u00f0 til J\u00f3hannesar \u00far K\u00f6tlum fr\u00e1 h\u00f6fundi 11.ma\u00ed 1958. St\u00e6r\u00f0: 23.7 x 15.3 cm og 80 bls.<\/p>\n<p><strong>\u00datg\u00e1fa, prentun<\/strong>:<br \/>\n\u00datgefanda ekki geti\u00f0.<br \/>\nPrentun: F\u00e9lagsprentsmi\u00f0jan Reykjav\u00edk 1957.<\/p>\n","protected":false},"excerpt":{"rendered":"<p>\u00cdslenzku\u00f0 s\u00f6nglj\u00f3\u00f0: \u00cdslenzka\u00f0 hefur: \u00de\u00f3r\u00f0ur Kristleifsson \u00e1 Laugarvatni. Flest af lj\u00f3\u00f0unum eru vi\u00f0 \u00farvals s\u00f6ngl\u00f6g s\u00edgildra h\u00f6funda \u00ed heimi t\u00f3nsk\u00e1ldskapar. M\u00e6tti \u00fear nefna t.d. Schubert, H.Heine, R.Schumann, Mozart, Brahms, Fr.Schiller og marga fleiri. B\u00f3kin er saumheft og l\u00edmd \u00ed \u00feykka kartonk\u00e1pu, \u00f3skorin. \u00c1ritu\u00f0 til J\u00f3hannesar \u00far K\u00f6tlum fr\u00e1 h\u00f6fundi 11.ma\u00ed 1958. St\u00e6r\u00f0: 23.7 x 15.3 [&hellip;]<\/p>\n","protected":false},"featured_media":10636,"template":"","meta":{"slim_seo":{"title":"\u00cdslenzku\u00f0 s\u00f6nglj\u00f3\u00f0 - KindArt","description":"\u00cdslenzku\u00f0 s\u00f6nglj\u00f3\u00f0 : \u00cdslenzka\u00f0 hefur: \u00de\u00f3r\u00f0ur Kristleifsson \u00e1 Laugarvatni. Flest af lj\u00f3\u00f0unum eru vi\u00f0 \u00farvals s\u00f6ngl\u00f6g s\u00edgildra h\u00f6funda \u00ed heimi t\u00f3nsk\u00e1ldskapar. M\u00e6tt"}},"product_brand":[],"product_cat":[82],"product_tag":[],"class_list":{"0":"post-10634","1":"product","2":"type-product","3":"status-publish","4":"has-post-thumbnail","6":"product_cat-baekur","7":"product_shipping_class-litill","9":"first","10":"outofstock","11":"purchasable","12":"product-type-simple"},"_links":{"self":[{"href":"https:\/\/kindart.is\/en\/wp-json\/wp\/v2\/product\/10634","targetHints":{"allow":["GET"]}}],"collection":[{"href":"https:\/\/kindart.is\/en\/wp-json\/wp\/v2\/product"}],"about":[{"href":"https:\/\/kindart.is\/en\/wp-json\/wp\/v2\/types\/product"}],"wp:featuredmedia":[{"embeddable":true,"href":"https:\/\/kindart.is\/en\/wp-json\/wp\/v2\/media\/10636"}],"wp:attachment":[{"href":"https:\/\/kindart.is\/en\/wp-json\/wp\/v2\/media?parent=10634"}],"wp:term":[{"taxonomy":"product_brand","embeddable":true,"href":"https:\/\/kindart.is\/en\/wp-json\/wp\/v2\/product_brand?post=10634"},{"taxonomy":"product_cat","embeddable":true,"href":"https:\/\/kindart.is\/en\/wp-json\/wp\/v2\/product_cat?post=10634"},{"taxonomy":"product_tag","embeddable":true,"href":"https:\/\/kindart.is\/en\/wp-json\/wp\/v2\/product_tag?post=10634"}],"curies":[{"name":"wp","href":"https:\/\/api.w.org\/{rel}","templated":true}]}}