{"id":10643,"date":"2025-10-03T17:01:30","date_gmt":"2025-10-03T17:01:30","guid":{"rendered":"https:\/\/kindart.is\/?post_type=product&#038;p=10643"},"modified":"2025-10-03T17:01:30","modified_gmt":"2025-10-03T17:01:30","slug":"aefiminning-gunnars-gunnarssonar","status":"publish","type":"product","link":"https:\/\/kindart.is\/en\/vara\/aefiminning-gunnars-gunnarssonar\/","title":{"rendered":"\u00c6fiminning Gunnars Gunnarssonar"},"content":{"rendered":"<p><strong>\u00c6fiminning Gunnars Gunnarssonar<\/strong> prests og pr\u00f3fasts a\u00f0 Svalbar\u00f0i.<br \/>\nHelstu \u00e6fiatri\u00f0i eftir Bj\u00f6rn Halld\u00f3rsson.<br \/>\nH\u00faskve\u00f0jur: 1. e. Benedikt Kristj\u00e1nsson 2. e. Bj\u00f6rn Halld\u00f3rsson.<br \/>\nR\u00e6\u00f0ur \u00ed kirkjunni: 1. Gunnar \u00d3lafsson. 2. Benedikt Kristj\u00e1nsson.<br \/>\nGrafskript e. B.H.<br \/>\nLj\u00f3\u00f0m\u00e6li 1. Bj\u00f6rn Halld\u00f3rsson 2. Matth\u00edas Jochumsson.<\/p>\n<p>Bundi\u00f0 \u00ed eina b\u00f3k<\/p>\n<p><strong>\u00c6fiminning \u00deorsteins P\u00e1lssonar \u00e1 H\u00e1lsi<\/strong>.<br \/>\n\u00c6fi\u00e1grip. 2. Um \u00e6tt s\u00e9ra \u00deorsteins e. A.\u00d3. 3. H\u00faskve\u00f0ja e. B.H. 4. 4. L\u00edkr\u00e6\u00f0a e B.H. og L\u00edkr\u00e6\u00f0a e. \u00de.P. 5. Lj\u00f3\u00f0 e. St.Th. og B. Gr\u00f6ndal.<\/p>\n<p>Prentun: \u00c6fiminning G.G. er prentu\u00f0 hj\u00e1 Bianco Luno \u00ed Kaupmannah\u00f6fn 1875. &#8211; \u00c6fiminning \u00de.P. er prentu\u00f0 \u00e1 Akureyri Prentari: Baldvin M. Steph\u00e1nson 1876.<\/p>\n<p>B\u00f3kin er bundin \u00ed upphleypt skinnband me\u00f0 \u00e1l\u00edmdum gr\u00e6num skinnfeldum. St\u00e6r\u00f0: 19.5 X 12 cm og 52 + 53 bls.<\/p>\n","protected":false},"excerpt":{"rendered":"<p>\u00c6fiminning Gunnars Gunnarssonar prests og pr\u00f3fasts a\u00f0 Svalbar\u00f0i. Helstu \u00e6fiatri\u00f0i eftir Bj\u00f6rn Halld\u00f3rsson. H\u00faskve\u00f0jur: 1. e. Benedikt Kristj\u00e1nsson 2. e. Bj\u00f6rn Halld\u00f3rsson. R\u00e6\u00f0ur \u00ed kirkjunni: 1. Gunnar \u00d3lafsson. 2. Benedikt Kristj\u00e1nsson. Grafskript e. B.H. Lj\u00f3\u00f0m\u00e6li 1. Bj\u00f6rn Halld\u00f3rsson 2. Matth\u00edas Jochumsson. Bundi\u00f0 \u00ed eina b\u00f3k \u00c6fiminning \u00deorsteins P\u00e1lssonar \u00e1 H\u00e1lsi. \u00c6fi\u00e1grip. 2. Um \u00e6tt s\u00e9ra [&hellip;]<\/p>\n","protected":false},"featured_media":10644,"template":"","meta":{"slim_seo":{"title":"\u00c6fiminning Gunnars Gunnarssonar - KindArt","description":"\u00c6fiminning Gunnars Gunnarssonar prests og pr\u00f3fasts a\u00f0 Svalbar\u00f0i. Helstu \u00e6fiatri\u00f0i eftir Bj\u00f6rn Halld\u00f3rsson. H\u00faskve\u00f0jur: 1. e. Benedikt Kristj\u00e1nsson 2. e. Bj\u00f6rn H"}},"product_brand":[],"product_cat":[82],"product_tag":[],"class_list":{"0":"post-10643","1":"product","2":"type-product","3":"status-publish","4":"has-post-thumbnail","6":"product_cat-baekur","7":"product_shipping_class-litill","9":"first","10":"instock","11":"purchasable","12":"product-type-simple"},"_links":{"self":[{"href":"https:\/\/kindart.is\/en\/wp-json\/wp\/v2\/product\/10643","targetHints":{"allow":["GET"]}}],"collection":[{"href":"https:\/\/kindart.is\/en\/wp-json\/wp\/v2\/product"}],"about":[{"href":"https:\/\/kindart.is\/en\/wp-json\/wp\/v2\/types\/product"}],"wp:featuredmedia":[{"embeddable":true,"href":"https:\/\/kindart.is\/en\/wp-json\/wp\/v2\/media\/10644"}],"wp:attachment":[{"href":"https:\/\/kindart.is\/en\/wp-json\/wp\/v2\/media?parent=10643"}],"wp:term":[{"taxonomy":"product_brand","embeddable":true,"href":"https:\/\/kindart.is\/en\/wp-json\/wp\/v2\/product_brand?post=10643"},{"taxonomy":"product_cat","embeddable":true,"href":"https:\/\/kindart.is\/en\/wp-json\/wp\/v2\/product_cat?post=10643"},{"taxonomy":"product_tag","embeddable":true,"href":"https:\/\/kindart.is\/en\/wp-json\/wp\/v2\/product_tag?post=10643"}],"curies":[{"name":"wp","href":"https:\/\/api.w.org\/{rel}","templated":true}]}}