{"id":10647,"date":"2025-10-03T17:11:22","date_gmt":"2025-10-03T17:11:22","guid":{"rendered":"https:\/\/kindart.is\/?post_type=product&#038;p=10647"},"modified":"2025-10-03T17:11:22","modified_gmt":"2025-10-03T17:11:22","slug":"voluspa","status":"publish","type":"product","link":"https:\/\/kindart.is\/en\/vara\/voluspa\/","title":{"rendered":"V\u00f6lusp\u00e1"},"content":{"rendered":"<p><strong>V\u00f6lusp\u00e1<\/strong>. Sigur\u00f0ur Nordal gaf \u00fat. \u00deetta er \u00f6nnur prentun og var fylgirit \u00c1rb\u00f3kar H\u00e1sk\u00f3la \u00cdslands 1922-23, en nokkur hundru\u00f0 voru l\u00edka prentu\u00f0 til lausas\u00f6lu. B\u00f3kin er bundin \u00ed upphleypt skinnband og hefur lengi veri\u00f0 \u00f3f\u00e1anleg og eins d\u00f6nsk \u00fe\u00fd\u00f0ing sem var ger\u00f0 \u00ed Kaupmannah\u00f6fn 1927. St\u00e6r\u00f0: 20.8 X 13.8 cm og 200 bls.\u2028\u2028\u00datgefandi: Helgafell Reykjav\u00edk 1952.<\/p>\n<p><strong>Prentun<\/strong>: Prentsmi\u00f0ja Austurlands.<\/p>\n","protected":false},"excerpt":{"rendered":"<p>V\u00f6lusp\u00e1. Sigur\u00f0ur Nordal gaf \u00fat. \u00deetta er \u00f6nnur prentun og var fylgirit \u00c1rb\u00f3kar H\u00e1sk\u00f3la \u00cdslands 1922-23, en nokkur hundru\u00f0 voru l\u00edka prentu\u00f0 til lausas\u00f6lu. B\u00f3kin er bundin \u00ed upphleypt skinnband og hefur lengi veri\u00f0 \u00f3f\u00e1anleg og eins d\u00f6nsk \u00fe\u00fd\u00f0ing sem var ger\u00f0 \u00ed Kaupmannah\u00f6fn 1927. St\u00e6r\u00f0: 20.8 X 13.8 cm og 200 bls.\u2028\u2028\u00datgefandi: Helgafell Reykjav\u00edk [&hellip;]<\/p>\n","protected":false},"featured_media":10648,"template":"","meta":{"slim_seo":{"title":"V\u00f6lusp\u00e1 - KindArt","description":"V\u00f6lusp\u00e1 . Sigur\u00f0ur Nordal gaf \u00fat. \u00deetta er \u00f6nnur prentun og var fylgirit \u00c1rb\u00f3kar H\u00e1sk\u00f3la \u00cdslands 1922-23, en nokkur hundru\u00f0 voru l\u00edka prentu\u00f0 til lausas\u00f6lu. B\u00f3k"}},"product_brand":[],"product_cat":[82],"product_tag":[],"class_list":{"0":"post-10647","1":"product","2":"type-product","3":"status-publish","4":"has-post-thumbnail","6":"product_cat-baekur","7":"product_shipping_class-litill","9":"first","10":"instock","11":"purchasable","12":"product-type-simple"},"_links":{"self":[{"href":"https:\/\/kindart.is\/en\/wp-json\/wp\/v2\/product\/10647","targetHints":{"allow":["GET"]}}],"collection":[{"href":"https:\/\/kindart.is\/en\/wp-json\/wp\/v2\/product"}],"about":[{"href":"https:\/\/kindart.is\/en\/wp-json\/wp\/v2\/types\/product"}],"wp:featuredmedia":[{"embeddable":true,"href":"https:\/\/kindart.is\/en\/wp-json\/wp\/v2\/media\/10648"}],"wp:attachment":[{"href":"https:\/\/kindart.is\/en\/wp-json\/wp\/v2\/media?parent=10647"}],"wp:term":[{"taxonomy":"product_brand","embeddable":true,"href":"https:\/\/kindart.is\/en\/wp-json\/wp\/v2\/product_brand?post=10647"},{"taxonomy":"product_cat","embeddable":true,"href":"https:\/\/kindart.is\/en\/wp-json\/wp\/v2\/product_cat?post=10647"},{"taxonomy":"product_tag","embeddable":true,"href":"https:\/\/kindart.is\/en\/wp-json\/wp\/v2\/product_tag?post=10647"}],"curies":[{"name":"wp","href":"https:\/\/api.w.org\/{rel}","templated":true}]}}