{"id":10650,"date":"2025-10-03T17:18:00","date_gmt":"2025-10-03T17:18:00","guid":{"rendered":"https:\/\/kindart.is\/?post_type=product&#038;p=10650"},"modified":"2025-10-03T17:18:00","modified_gmt":"2025-10-03T17:18:00","slug":"kugun-kvenna","status":"publish","type":"product","link":"https:\/\/kindart.is\/en\/vara\/kugun-kvenna\/","title":{"rendered":"K\u00fagun kvenna"},"content":{"rendered":"<p><strong>K\u00fagun kvenna<\/strong>. \u00deessi b\u00f3k er eftir John Stuart Mill, sem var frj\u00e1lslyndur breskur heimspekingur, \u00feingma\u00f0ur \u00e1 breska \u00feinginu og einn fr\u00e6gasti m\u00e1lsvari nytjastefnu og raunhyggju. Hann hefur veri\u00f0 nefndur \u00e1hrifamesti enskum\u00e6landi heimspekingur 19. aldarinnar. Hann rita\u00f0i Frelsi\u00f0 1859 og K\u00fagun kvenna 1869. B\u00f3kin var saumheft og sett \u00ed \u00feunna papp\u00edrsk\u00e1pu. St\u00e6r\u00f0: 17.3 X11.1 cm og 116 bls.<\/p>\n<p><strong>\u00datgefandi<\/strong>: Gefin \u00fat \u00ed Reykjav\u00edk \u00e1 kostna\u00f0 hins \u00edslenzka Kvennf\u00e9lags.<\/p>\n<p><strong>Prentun<\/strong>: Glasgow Prentsmi\u00f0jan Reykjav\u00edk 1900.<\/p>\n","protected":false},"excerpt":{"rendered":"<p>K\u00fagun kvenna. \u00deessi b\u00f3k er eftir John Stuart Mill, sem var frj\u00e1lslyndur breskur heimspekingur, \u00feingma\u00f0ur \u00e1 breska \u00feinginu og einn fr\u00e6gasti m\u00e1lsvari nytjastefnu og raunhyggju. Hann hefur veri\u00f0 nefndur \u00e1hrifamesti enskum\u00e6landi heimspekingur 19. aldarinnar. Hann rita\u00f0i Frelsi\u00f0 1859 og K\u00fagun kvenna 1869. B\u00f3kin var saumheft og sett \u00ed \u00feunna papp\u00edrsk\u00e1pu. St\u00e6r\u00f0: 17.3 X11.1 cm og [&hellip;]<\/p>\n","protected":false},"featured_media":10651,"template":"","meta":{"slim_seo":{"title":"K\u00fagun kvenna - KindArt","description":"K\u00fagun kvenna . \u00deessi b\u00f3k er eftir John Stuart Mill, sem var frj\u00e1lslyndur breskur heimspekingur, \u00feingma\u00f0ur \u00e1 breska \u00feinginu og einn fr\u00e6gasti m\u00e1lsvari nytjastefnu"}},"product_brand":[],"product_cat":[82],"product_tag":[],"class_list":{"0":"post-10650","1":"product","2":"type-product","3":"status-publish","4":"has-post-thumbnail","6":"product_cat-baekur","7":"product_shipping_class-litill","9":"first","10":"instock","11":"purchasable","12":"product-type-simple"},"_links":{"self":[{"href":"https:\/\/kindart.is\/en\/wp-json\/wp\/v2\/product\/10650","targetHints":{"allow":["GET"]}}],"collection":[{"href":"https:\/\/kindart.is\/en\/wp-json\/wp\/v2\/product"}],"about":[{"href":"https:\/\/kindart.is\/en\/wp-json\/wp\/v2\/types\/product"}],"wp:featuredmedia":[{"embeddable":true,"href":"https:\/\/kindart.is\/en\/wp-json\/wp\/v2\/media\/10651"}],"wp:attachment":[{"href":"https:\/\/kindart.is\/en\/wp-json\/wp\/v2\/media?parent=10650"}],"wp:term":[{"taxonomy":"product_brand","embeddable":true,"href":"https:\/\/kindart.is\/en\/wp-json\/wp\/v2\/product_brand?post=10650"},{"taxonomy":"product_cat","embeddable":true,"href":"https:\/\/kindart.is\/en\/wp-json\/wp\/v2\/product_cat?post=10650"},{"taxonomy":"product_tag","embeddable":true,"href":"https:\/\/kindart.is\/en\/wp-json\/wp\/v2\/product_tag?post=10650"}],"curies":[{"name":"wp","href":"https:\/\/api.w.org\/{rel}","templated":true}]}}